{"id":72,"date":"2023-12-20T10:40:57","date_gmt":"2023-12-20T09:40:57","guid":{"rendered":"https:\/\/uhhmami.test\/?page_id=72"},"modified":"2025-12-18T09:48:57","modified_gmt":"2025-12-18T08:48:57","slug":"handelsvillkor","status":"publish","type":"page","link":"https:\/\/uhhmami.com\/sv\/trading-conditions\/","title":{"rendered":"Villkor f\u00f6r handel"},"content":{"rendered":"<div class=\"wp-block-group has-global-padding is-layout-constrained wp-block-group-is-layout-constrained\">\n<h1 class=\"wp-block-heading\" id=\"h-trading-conditions\">Villkor f\u00f6r handel<\/h1>\n\n\n\n<h3 class=\"wp-block-heading\" id=\"h-terms-and-conditions-for-uhhmami\">Villkor och best\u00e4mmelser f\u00f6r Uhhmami<\/h3>\n\n\n\n<p class=\"has-text-align-left\">The Social Markets ApS \/ Uhhmami ApS&nbsp;<\/p>\n\n\n\n<p class=\"has-text-align-left\">Tj\u00f8rneg\u00e5rdsvej 31<br>4000 Roskilde<br>WhatsApp \/ Telefon: +45 53 76 93 73<\/p>\n\n\n\n<p class=\"has-text-align-left\">team@uhhmami.com<\/p>\n\n\n\n<p class=\"has-text-align-left\">CVR\/VAT: DK40951296<\/p>\n\n\n\n<h2 class=\"wp-block-heading\" id=\"h-payment\">Betalning<\/h2>\n\n\n\n<p>Uhhmami accepterar onlinebetalningar med f\u00f6ljande kreditkort Visa, Mastercard, Mobilepay Online, Visa Electron, Maestro, Paypal, ApplePay &amp; Googlepay.<\/p>\n\n\n\n<p>Betalning dras fr\u00e5n ditt konto f\u00f6rst n\u00e4r den fysiska varan skickas eller den virtuella produkten skapas om inte annat avtalats eller framg\u00e5r av din best\u00e4llning.<\/p>\n\n\n\n<p>Alla priser p\u00e5 hemsidan inkluderar moms.<br>P\u00e5 webbplatsen anv\u00e4nds f\u00f6ljande valutor f\u00f6r priss\u00e4ttning:<br>Danmark - Kronor (DKK), USA - Dollar (USD), Euro (EUR), Norge - Krone (NOK), Sverige - Kronor (SEK), Storbritannien - Pund (GBP)<\/p>\n\n\n\n<p>Uhhmami anv\u00e4nder en s\u00e4ker betalningsserver som krypterar all information med SSL-protokoll, vilket inneb\u00e4r att dina uppgifter \u00e4r s\u00e4kra och inte kan l\u00e4sas av andra tredje parter.<\/p>\n\n\n\n<h2 class=\"wp-block-heading\" id=\"h-delivery-and-shipment\">Leverans och f\u00f6rs\u00e4ndelse<\/h2>\n\n\n\n<p>Leveranstiden f\u00f6r din best\u00e4llning \u00e4r 1-3 dagar.<\/p>\n\n\n\n<p>Alla best\u00e4llningar fr\u00e5n Uhhmami skickas med GLS.<\/p>\n\n\n\n<p>Fraktkostnaden ber\u00e4knas utifr\u00e5n artiklarnas vikt.<\/p>\n\n\n\n<p>Du kan v\u00e4lja att f\u00e5 din f\u00f6rs\u00e4ndelse skickad med utl\u00e4mning till din hemadress eller till n\u00e4rmaste paketombud.<\/p>\n\n\n\n<p>Du f\u00e5r ett Track and Trace-nummer vid leverans, vilket g\u00f6r att du alltid kan sp\u00e5ra f\u00f6rs\u00e4ndelsen.<\/p>\n\n\n\n<h2 class=\"wp-block-heading\" id=\"h-if-you-regret-your-purchase-withdrawal\">Om du \u00e5ngrar ditt k\u00f6p (\u00c5ngerr\u00e4tt)<\/h2>\n\n\n\n<p>Uhhmami erbjuder 14 dagars full \u00e5terbetalning p\u00e5 varor som k\u00f6pts p\u00e5 webbplatsen om inte annat avtalats eller anges i din best\u00e4llning.<\/p>\n\n\n\n<p>14-dagarsfristen b\u00f6rjar l\u00f6pa den dag d\u00e5 ordern levereras.<\/p>\n\n\n\n<p>Eventuella returkostnader som du sj\u00e4lv \u00e5drar dig.<\/p>\n\n\n\n<p>Beg\u00e4ran om h\u00e4vning m\u00e5ste meddelas oss senast 14 efter leveransen och vara oss tillhanda senast 14 dagar efter det att vi informerats om att du utnyttjat din \u00e5ngerr\u00e4tt\/returr\u00e4tt.<\/p>\n\n\n\n<h2 class=\"wp-block-heading\" id=\"h-condition-of-the-item-you-have-returned\">Skicket p\u00e5 varan som du har returnerat<\/h2>\n\n\n\n<p>Du \u00e4r ansvarig f\u00f6r varans skick och f\u00f6r den v\u00e4rdeminskning av varan som orsakas av att du hanterar den p\u00e5 annat s\u00e4tt \u00e4n vad som \u00e4r n\u00f6dv\u00e4ndigt f\u00f6r att fastst\u00e4lla varans art, egenskaper och funktion.<br>Det inneb\u00e4r att du m\u00e5ste prova varan p\u00e5 samma s\u00e4tt som om du handlade i en fysisk butik.<\/p>\n\n\n\n<p>Om varan testas\/anv\u00e4nds ut\u00f6ver vad som beskrivs ovan, anses den vara begagnad och ha minskat i v\u00e4rde. Detta inneb\u00e4r att n\u00e4r k\u00f6pet h\u00e4vs kommer du att f\u00e5 en mindre del eller inget av k\u00f6pesumman \u00e5terbetald. Det \u00e4r upp till Uhhmami att utv\u00e4rdera varans skick.<\/p>\n\n\n\n<h2 class=\"wp-block-heading\" id=\"h-warranty\">Garanti<\/h2>\n\n\n\n<p>Det finns en 2 \u00e5rs garanti p\u00e5 produkter enligt den danska k\u00f6plagen. Garantin g\u00e4ller f\u00f6r alla fel i programvara, material och tillverkning.<\/p>\n\n\n\n<p>Reklamationer avseende fel och brister ska anm\u00e4las till Uhhmami inom sk\u00e4lig tid efter det att varan mottagits. Vi betraktar h\u00f6gst en m\u00e5nad som sk\u00e4lig tid, om inte annat avtalats. Vi \u00e5terbetalar sk\u00e4liga fraktkostnader.<\/p>\n\n\n\n<p>Reklamationen fr\u00e5ntar oss r\u00e4tten till garanti om varan hanteras p\u00e5 ett felaktigt eller ovanligt s\u00e4tt.<\/p>\n\n\n\n<p>Uhhmami t\u00e4cker returkostnader i rimlig utstr\u00e4ckning.<\/p>\n\n\n\n<p>Vid returnering, v\u00e4nligen kontakta oss p\u00e5:<\/p>\n\n\n\n<p><strong>Uhhmami<\/strong><br>Tj\u00f8rneg\u00e5rdsvej 31<\/p>\n\n\n\n<p>Telefon: + +4553769373<\/p>\n\n\n\n<p>Garantireklamationer kommer&nbsp;<strong>inte<\/strong>&nbsp;godtas om de skickas med postf\u00f6rskott.<\/p>\n\n\n\n<h2 class=\"wp-block-heading\" id=\"h-customer-amp-privacy-policy\">Kund- och integritetspolicy<\/h2>\n\n\n\n<p>Vi s\u00e4ljer inte vidare personuppgifter och vidarebefordrar inte dina personuppgifter till andra. De registreras endast i v\u00e5r kundkatalog. Du kan n\u00e4r som helst radera dina uppgifter.<\/p>\n\n\n\n<p>F\u00f6r att du ska kunna ing\u00e5 ett avtal med Uhhmami beh\u00f6ver vi f\u00f6ljande information:<\/p>\n\n\n\n<p>. Namn<br>. Adress<br>. Telefon nummer<br>. E-post adress<\/p>\n\n\n\n<p>Vi g\u00f6r registreringen av dina personuppgifter i syfte att leverera varorna till dig.<\/p>\n\n\n\n<p>Personuppgifterna registreras hos Uhhmami och lagras i upp till fem \u00e5r, varefter uppgifterna raderas.<\/p>\n\n\n\n<p>N\u00e4r vi samlar in personuppgifter via v\u00e5r webbplats ser vi till att det alltid sker genom att du l\u00e4mnar ditt uttryckliga samtycke, s\u00e5 att du informeras exakt om vilken information som samlas in och varf\u00f6r.<\/p>\n\n\n\n<p>Direkt\u00f6ren och de anst\u00e4llda f\u00f6r Uhhmami har tillg\u00e5ng till den information som registrerats om dig.<\/p>\n\n\n\n<p>Datachefen i Uhhmami \u00e4r..: Frank Lantz.<\/p>\n\n\n\n<p>Vi lagrar och \u00f6verf\u00f6r inte kundinformation krypterat.<\/p>\n\n\n\n<p><strong>Kakor<\/strong><\/p>\n\n\n\n<p>P\u00e5 https:\/\/www.uhhmami.com anv\u00e4nds cookies i syfte att optimera webbplatsen och dess funktionalitet, s\u00e5 att bes\u00f6ket blir s\u00e5 enkelt som m\u00f6jligt f\u00f6r dig.<\/p>\n\n\n\n<p>Du kan n\u00e4r som helst ta bort cookies fr\u00e5n din dator, se instruktionerna p\u00e5&nbsp;<a href=\"https:\/\/uhhmami.com\/sv\/aterbetalnings-och-returpolicy\/?wmc-currency=SEK\" target=\"_blank\" rel=\"noreferrer noopener\">Cookies och integritetspolicy f\u00f6r webbshop<\/a>.<\/p>\n\n\n\n<h2 class=\"wp-block-heading\" id=\"h-consumer-protection\">Konsumentskydd<\/h2>\n\n\n\n<p>L\u00e4s mer om ditt konsumentskydd n\u00e4r du betalar online med Stripes betaltj\u00e4nstl\u00f6sning:<br><a href=\"https:\/\/stripe.com\/en-dk\/resources\/more\/secure-payment-systems-explained?utm_source=chatgpt.com\">Betalning<\/a><\/p>\n\n\n\n<h2 class=\"wp-block-heading\" id=\"h-complaints\">Klagom\u00e5l<\/h2>\n\n\n\n<p>Klagom\u00e5l p\u00e5 produkten kan skickas till:<\/p>\n\n\n\n<p><strong>Konkurrens- och konsumentstyrelsen<\/strong><br>Carl Jacobsens Vej 35<br>2500 Valby<br><a href=\"http:\/\/www.forbrug.dk\/\" rel=\"noreferrer noopener\" target=\"_blank\">www.forbrug.dk<\/a><\/p>\n\n\n\n<p>F\u00f6r EU-medborgare som \u00e4r bosatta utanf\u00f6r Europa m\u00e5ste klagom\u00e5len l\u00e4mnas in via EU-kommissionens onlineplattform f\u00f6r klagom\u00e5l.<br><a href=\"http:\/\/ec.europa.eu\/consumers\/odr\/\" rel=\"noreferrer noopener\" target=\"_blank\">ec.europa.eu<\/a><\/p>\n\n\n\n<p>N\u00e4r du klagar m\u00e5ste du ange v\u00e5r e-postadress,&nbsp;<a href=\"mailto:team@uhhmami.com\">team@uhhmami.com<\/a>, och den webbplats d\u00e4r du gjorde ditt k\u00f6p.<\/p>\n<\/div>","protected":false},"excerpt":{"rendered":"<p>Trading conditions Terms and Conditions for Uhhmami The Social Markets ApS \/ Uhhmami ApS&nbsp; Tj\u00f8rneg\u00e5rdsvej 314000 RoskildeWhatsApp \/ Phone:&nbsp;+45 53 76 93 73 team@uhhmami.com CVR\/VAT: DK40951296 Payment Uhhmami accepts online payments with the following credit cards Visa, Mastercard, Mobilepay Online, Visa Electron, Maestro, Paypal, ApplePay &amp; Googlepay. Payment will only be deducted from your account [&hellip;]<\/p>\n","protected":false},"author":1,"featured_media":0,"parent":0,"menu_order":0,"comment_status":"closed","ping_status":"closed","template":"","meta":{"iawp_total_views":280,"footnotes":""},"class_list":["post-72","page","type-page","status-publish","hentry"],"yoast_head":"<!-- This site is optimized with the Yoast SEO Premium plugin v27.2 (Yoast SEO v27.5) - https:\/\/yoast.com\/product\/yoast-seo-premium-wordpress\/ -->\n<title>Trading Conditions | Uhhmami - Secure Online Payments<\/title>\n<meta name=\"description\" content=\"Uhhmami accepts secure online payments via Visa, Mastercard, PayPal, ApplePay, and more. Payment is deducted once the item ships or the product is created.\" \/>\n<meta name=\"robots\" content=\"index, follow, max-snippet:-1, max-image-preview:large, max-video-preview:-1\" \/>\n<link rel=\"canonical\" href=\"https:\/\/uhhmami.com\/sv\/handelsvillkor\/?wmc-currency=SEK\" \/>\n<meta property=\"og:locale\" content=\"sv_SE\" \/>\n<meta property=\"og:type\" content=\"article\" \/>\n<meta property=\"og:title\" content=\"Trading Conditions\" \/>\n<meta property=\"og:description\" content=\"Uhhmami accepts secure online payments via Visa, Mastercard, PayPal, ApplePay, and more. Payment is deducted once the item ships or the product is created.\" \/>\n<meta property=\"og:url\" content=\"https:\/\/uhhmami.com\/sv\/handelsvillkor\/?wmc-currency=SEK\" \/>\n<meta property=\"og:site_name\" content=\"uhhmami\" \/>\n<meta property=\"article:publisher\" content=\"https:\/\/www.facebook.com\/profile.php?id=61555778644895\" \/>\n<meta property=\"article:modified_time\" content=\"2025-12-18T08:48:57+00:00\" \/>\n<meta name=\"twitter:card\" content=\"summary_large_image\" \/>\n<meta name=\"twitter:label1\" content=\"Ber\u00e4knad l\u00e4stid\" \/>\n\t<meta name=\"twitter:data1\" content=\"4 minuter\" \/>\n<script type=\"application\/ld+json\" class=\"yoast-schema-graph\">{\"@context\":\"https:\\\/\\\/schema.org\",\"@graph\":[{\"@type\":\"WebPage\",\"@id\":\"https:\\\/\\\/uhhmami.com\\\/trading-conditions\\\/\",\"url\":\"https:\\\/\\\/uhhmami.com\\\/trading-conditions\\\/\",\"name\":\"Trading Conditions | Uhhmami - Secure Online Payments\",\"isPartOf\":{\"@id\":\"https:\\\/\\\/uhhmami.com\\\/#website\"},\"datePublished\":\"2023-12-20T09:40:57+00:00\",\"dateModified\":\"2025-12-18T08:48:57+00:00\",\"description\":\"Uhhmami accepts secure online payments via Visa, Mastercard, PayPal, ApplePay, and more. Payment is deducted once the item ships or the product is created.\",\"breadcrumb\":{\"@id\":\"https:\\\/\\\/uhhmami.com\\\/trading-conditions\\\/#breadcrumb\"},\"inLanguage\":\"sv-SE\",\"potentialAction\":[{\"@type\":\"ReadAction\",\"target\":[\"https:\\\/\\\/uhhmami.com\\\/trading-conditions\\\/\"]}]},{\"@type\":\"BreadcrumbList\",\"@id\":\"https:\\\/\\\/uhhmami.com\\\/trading-conditions\\\/#breadcrumb\",\"itemListElement\":[{\"@type\":\"ListItem\",\"position\":1,\"name\":\"Home\",\"item\":\"https:\\\/\\\/uhhmami.com\\\/\"},{\"@type\":\"ListItem\",\"position\":2,\"name\":\"Trading Conditions\"}]},{\"@type\":\"WebSite\",\"@id\":\"https:\\\/\\\/uhhmami.com\\\/#website\",\"url\":\"https:\\\/\\\/uhhmami.com\\\/\",\"name\":\"uhhmami\",\"description\":\"\",\"publisher\":{\"@id\":\"https:\\\/\\\/uhhmami.com\\\/#organization\"},\"potentialAction\":[{\"@type\":\"SearchAction\",\"target\":{\"@type\":\"EntryPoint\",\"urlTemplate\":\"https:\\\/\\\/uhhmami.com\\\/?s={search_term_string}\"},\"query-input\":{\"@type\":\"PropertyValueSpecification\",\"valueRequired\":true,\"valueName\":\"search_term_string\"}}],\"inLanguage\":\"sv-SE\"},{\"@type\":\"Organization\",\"@id\":\"https:\\\/\\\/uhhmami.com\\\/#organization\",\"name\":\"uhhmami\",\"alternateName\":\"Uhh-mami\",\"url\":\"https:\\\/\\\/uhhmami.com\\\/\",\"logo\":{\"@type\":\"ImageObject\",\"inLanguage\":\"sv-SE\",\"@id\":\"https:\\\/\\\/uhhmami.com\\\/#\\\/schema\\\/logo\\\/image\\\/\",\"url\":\"https:\\\/\\\/zwthke5j.photoncache.com\\\/wp-content\\\/uploads\\\/2025\\\/06\\\/Logo-sort-svg.svg\",\"contentUrl\":\"https:\\\/\\\/zwthke5j.photoncache.com\\\/wp-content\\\/uploads\\\/2025\\\/06\\\/Logo-sort-svg.svg\",\"caption\":\"uhhmami\"},\"image\":{\"@id\":\"https:\\\/\\\/uhhmami.com\\\/#\\\/schema\\\/logo\\\/image\\\/\"},\"sameAs\":[\"https:\\\/\\\/www.facebook.com\\\/profile.php?id=61555778644895\",\"https:\\\/\\\/www.instagram.com\\\/uhhmami_official\\\/\"],\"description\":\"About Uhhmami \u2013 Pure flavour, Easy to Use, and Sustainable At Uhhmami, we make it easy to create delicious meals with clean, sustainable ingredients. Our mission is to rethink cooking by offering simple solutions that add depth and richness to your dishes\u2014without compromising on quality or sustainability. Our Philosophy: flavour and Sustainability in Harmony We believe great food starts with great ingredients. That\u2019s why we develop natural, fermented flavour enhancers that bring out umami and simplify your cooking. With Uhhmami, you can easily add restaurant-quality taste to soups, sauces, and vegetable dishes in seconds. Why Choose Uhhmami? \u2705 Pure flavour: Made from carefully selected, natural ingredients with no additives. \u2705 Easy to use: A small amount instantly elevates your dish. \u2705 A sustainable choice: Less food waste and a lower carbon footprint than traditional bouillons. \u2705 High quality: Developed by Michelin-star chef Frank Lantz for the best taste experience. Take a step toward a greener, more flavourful future\u2014one dish at a time. Visit Uhhmami.com to discover how easy it is to cook with depth and richness!\",\"legalName\":\"Uhhmami\",\"foundingDate\":\"2022-10-01\",\"numberOfEmployees\":{\"@type\":\"QuantitativeValue\",\"minValue\":\"1\",\"maxValue\":\"10\"}}]}<\/script>\n<!-- \/ Yoast SEO Premium plugin. -->","yoast_head_json":{"title":"Handelsvillkor | Uhhmami - S\u00e4kra betalningar online","description":"Uhhmami accepterar s\u00e4kra onlinebetalningar via Visa, Mastercard, PayPal, ApplePay och mer. Betalningen dras av n\u00e4r varan skickas eller n\u00e4r produkten skapas.","robots":{"index":"index","follow":"follow","max-snippet":"max-snippet:-1","max-image-preview":"max-image-preview:large","max-video-preview":"max-video-preview:-1"},"canonical":"https:\/\/uhhmami.com\/sv\/handelsvillkor\/?wmc-currency=SEK","og_locale":"sv_SE","og_type":"article","og_title":"Trading Conditions","og_description":"Uhhmami accepts secure online payments via Visa, Mastercard, PayPal, ApplePay, and more. Payment is deducted once the item ships or the product is created.","og_url":"https:\/\/uhhmami.com\/sv\/handelsvillkor\/?wmc-currency=SEK","og_site_name":"uhhmami","article_publisher":"https:\/\/www.facebook.com\/profile.php?id=61555778644895","article_modified_time":"2025-12-18T08:48:57+00:00","twitter_card":"summary_large_image","twitter_misc":{"Ber\u00e4knad l\u00e4stid":"4 minuter"},"schema":{"@context":"https:\/\/schema.org","@graph":[{"@type":"WebPage","@id":"https:\/\/uhhmami.com\/trading-conditions\/","url":"https:\/\/uhhmami.com\/trading-conditions\/","name":"Handelsvillkor | Uhhmami - S\u00e4kra betalningar online","isPartOf":{"@id":"https:\/\/uhhmami.com\/#website"},"datePublished":"2023-12-20T09:40:57+00:00","dateModified":"2025-12-18T08:48:57+00:00","description":"Uhhmami accepterar s\u00e4kra onlinebetalningar via Visa, Mastercard, PayPal, ApplePay och mer. Betalningen dras av n\u00e4r varan skickas eller n\u00e4r produkten skapas.","breadcrumb":{"@id":"https:\/\/uhhmami.com\/trading-conditions\/#breadcrumb"},"inLanguage":"sv-SE","potentialAction":[{"@type":"ReadAction","target":["https:\/\/uhhmami.com\/trading-conditions\/"]}]},{"@type":"BreadcrumbList","@id":"https:\/\/uhhmami.com\/trading-conditions\/#breadcrumb","itemListElement":[{"@type":"ListItem","position":1,"name":"Home","item":"https:\/\/uhhmami.com\/"},{"@type":"ListItem","position":2,"name":"Trading Conditions"}]},{"@type":"WebSite","@id":"https:\/\/uhhmami.com\/#website","url":"https:\/\/uhhmami.com\/","name":"uhhmami","description":"","publisher":{"@id":"https:\/\/uhhmami.com\/#organization"},"potentialAction":[{"@type":"SearchAction","target":{"@type":"EntryPoint","urlTemplate":"https:\/\/uhhmami.com\/?s={search_term_string}"},"query-input":{"@type":"PropertyValueSpecification","valueRequired":true,"valueName":"search_term_string"}}],"inLanguage":"sv-SE"},{"@type":"Organization","@id":"https:\/\/uhhmami.com\/#organization","name":"uhhmami","alternateName":"Uhh-mami","url":"https:\/\/uhhmami.com\/","logo":{"@type":"ImageObject","inLanguage":"sv-SE","@id":"https:\/\/uhhmami.com\/#\/schema\/logo\/image\/","url":"https:\/\/zwthke5j.photoncache.com\/wp-content\/uploads\/2025\/06\/Logo-sort-svg.svg","contentUrl":"https:\/\/zwthke5j.photoncache.com\/wp-content\/uploads\/2025\/06\/Logo-sort-svg.svg","caption":"uhhmami"},"image":{"@id":"https:\/\/uhhmami.com\/#\/schema\/logo\/image\/"},"sameAs":["https:\/\/www.facebook.com\/profile.php?id=61555778644895","https:\/\/www.instagram.com\/uhhmami_official\/"],"description":"Om Uhhmami - Ren smak, enkel att anv\u00e4nda och h\u00e5llbar P\u00e5 Uhhmami g\u00f6r vi det enkelt att skapa l\u00e4ckra m\u00e5ltider med rena, h\u00e5llbara ingredienser. V\u00e5rt uppdrag \u00e4r att t\u00e4nka nytt kring matlagning genom att erbjuda enkla l\u00f6sningar som ger djup och rikedom till dina r\u00e4tter - utan att kompromissa med kvalitet eller h\u00e5llbarhet. V\u00e5r filosofi: Smak och h\u00e5llbarhet i harmoni Vi tror att bra mat b\u00f6rjar med bra ingredienser. Det \u00e4r d\u00e4rf\u00f6r vi utvecklar naturliga, fermenterade smakf\u00f6rst\u00e4rkare som framh\u00e4ver umami och f\u00f6renklar din matlagning. Med Uhhmami kan du enkelt l\u00e4gga till smak av restaurangkvalitet i soppor, s\u00e5ser och gr\u00f6nsaksr\u00e4tter p\u00e5 n\u00e5gra sekunder. Varf\u00f6r v\u00e4lja Uhhmami? \u2705 Ren smak: Tillverkad av noggrant utvalda, naturliga ingredienser utan tillsatser. \u2705 L\u00e4tt att anv\u00e4nda: En liten m\u00e4ngd f\u00f6rh\u00f6jer omedelbart din matr\u00e4tt. \u2705 Ett h\u00e5llbart val: Mindre matavfall och ett l\u00e4gre koldioxidavtryck \u00e4n traditionella bouilloner. \u2705 H\u00f6g kvalitet: Utvecklad av stj\u00e4rnkocken Frank Lantz f\u00f6r b\u00e4sta m\u00f6jliga smakupplevelse. Ta ett steg mot en gr\u00f6nare och mer smakrik framtid - en matr\u00e4tt i taget. Bes\u00f6k Uhhmami.com f\u00f6r att uppt\u00e4cka hur enkelt det \u00e4r att laga mat med djup och rikedom!","legalName":"Uhhmami","foundingDate":"2022-10-01","numberOfEmployees":{"@type":"QuantitativeValue","minValue":"1","maxValue":"10"}}]}},"jetpack_sharing_enabled":true,"_links":{"self":[{"href":"https:\/\/uhhmami.com\/sv\/wp-json\/wp\/v2\/pages\/72","targetHints":{"allow":["GET"]}}],"collection":[{"href":"https:\/\/uhhmami.com\/sv\/wp-json\/wp\/v2\/pages"}],"about":[{"href":"https:\/\/uhhmami.com\/sv\/wp-json\/wp\/v2\/types\/page"}],"author":[{"embeddable":true,"href":"https:\/\/uhhmami.com\/sv\/wp-json\/wp\/v2\/users\/1"}],"replies":[{"embeddable":true,"href":"https:\/\/uhhmami.com\/sv\/wp-json\/wp\/v2\/comments?post=72"}],"version-history":[{"count":10,"href":"https:\/\/uhhmami.com\/sv\/wp-json\/wp\/v2\/pages\/72\/revisions"}],"predecessor-version":[{"id":10833,"href":"https:\/\/uhhmami.com\/sv\/wp-json\/wp\/v2\/pages\/72\/revisions\/10833"}],"wp:attachment":[{"href":"https:\/\/uhhmami.com\/sv\/wp-json\/wp\/v2\/media?parent=72"}],"curies":[{"name":"wp","href":"https:\/\/api.w.org\/{rel}","templated":true}]}}