{"id":3,"date":"2023-12-19T13:48:06","date_gmt":"2023-12-19T12:48:06","guid":{"rendered":"https:\/\/uhhmami.test\/?page_id=3"},"modified":"2026-01-19T15:54:40","modified_gmt":"2026-01-19T14:54:40","slug":"privatlivspolitik","status":"publish","type":"page","link":"https:\/\/uhhmami.com\/sv\/privatlivspolitik\/","title":{"rendered":"Integritetspolicy"},"content":{"rendered":"<h2 class=\"wp-block-heading\" id=\"h-who-we-are\"><strong>Vilka vi \u00e4r<\/strong><\/h2>\n\n\n\n<p>V\u00e5r webbadress \u00e4r: <a class=\"\" href=\"https:\/\/uhhmami.com\/sv\/?wmc-currency=SEK\">https:\/\/uhhmami.com<\/a>.<\/p>\n\n\n\n<h2 class=\"wp-block-heading\" id=\"h-comments\">Kommentarer<\/h2>\n\n\n\n<p>N\u00e4r bes\u00f6kare l\u00e4mnar kommentarer p\u00e5 webbplatsen samlar vi in de uppgifter som visas i kommentarsformul\u00e4ret samt bes\u00f6karens IP-adress och webbl\u00e4sarens anv\u00e4ndaragentstr\u00e4ng f\u00f6r att hj\u00e4lpa till att uppt\u00e4cka skr\u00e4ppost.<\/p>\n\n\n\n<p>En anonymiserad str\u00e4ng som skapats fr\u00e5n din e-postadress (\u00e4ven kallad hash) kan tillhandah\u00e5llas Gravatar-tj\u00e4nsten f\u00f6r att kontrollera om du anv\u00e4nder den. Gravatar-tj\u00e4nstens integritetspolicy finns h\u00e4r: <a class=\"\" href=\"https:\/\/automattic.com\/privacy\/\">https:\/\/automattic.com\/privacy\/<\/a>. N\u00e4r din kommentar har godk\u00e4nts kommer din profilbild att vara synlig f\u00f6r allm\u00e4nheten i samband med din kommentar.<\/p>\n\n\n\n<h2 class=\"wp-block-heading\" id=\"h-media\">Media<\/h2>\n\n\n\n<p>Om du laddar upp bilder till webbplatsen b\u00f6r du undvika att ladda upp bilder med inb\u00e4ddade platsdata (EXIF GPS) inkluderade. Bes\u00f6kare p\u00e5 webbplatsen kan ladda ner och extrahera alla platsdata fr\u00e5n bilder p\u00e5 webbplatsen.<\/p>\n\n\n\n<h2 class=\"wp-block-heading\" id=\"h-cookies\">Kakor<\/h2>\n\n\n\n<p>Om du l\u00e4mnar en kommentar p\u00e5 v\u00e5r webbplats kan du v\u00e4lja att spara ditt namn, din e-postadress och din webbplats i cookies. Dessa \u00e4r f\u00f6r din bekv\u00e4mlighet s\u00e5 att du inte beh\u00f6ver fylla i dina uppgifter igen n\u00e4r du l\u00e4mnar en annan kommentar. Dessa cookies kommer att vara i ett \u00e5r.<\/p>\n\n\n\n<p>Om du bes\u00f6ker v\u00e5r inloggningssida kommer vi att s\u00e4tta en tillf\u00e4llig cookie f\u00f6r att avg\u00f6ra om din webbl\u00e4sare accepterar cookies. Denna cookie inneh\u00e5ller inga personuppgifter och raderas n\u00e4r du st\u00e4nger din webbl\u00e4sare.<\/p>\n\n\n\n<p>N\u00e4r du loggar in kommer vi ocks\u00e5 att skapa flera cookies f\u00f6r att spara din inloggningsinformation och dina inst\u00e4llningar f\u00f6r sk\u00e4rmvisning. Inloggningscookies sparas i tv\u00e5 dagar och cookies f\u00f6r sk\u00e4rmalternativ sparas i ett \u00e5r. Om du v\u00e4ljer \"Kom ih\u00e5g mig\" kommer din inloggning att sparas i tv\u00e5 veckor. Om du loggar ut fr\u00e5n ditt konto kommer inloggningscookies att tas bort.<\/p>\n\n\n\n<p>Om du redigerar eller publicerar en artikel sparas ytterligare en cookie i din webbl\u00e4sare. Denna cookie inneh\u00e5ller inga personuppgifter och anger bara post-ID f\u00f6r den artikel som du just har redigerat. Den upph\u00f6r att g\u00e4lla efter 1 dag.<\/p>\n\n\n\n<h2 class=\"wp-block-heading\" id=\"h-embedded-content-from-other-websites\"><strong>Inb\u00e4ddat inneh\u00e5ll fr\u00e5n andra webbplatser<\/strong><\/h2>\n\n\n\n<p>Artiklar p\u00e5 denna webbplats kan inneh\u00e5lla inb\u00e4ddat inneh\u00e5ll (t.ex. videor, bilder, artiklar etc.). Inb\u00e4ddat inneh\u00e5ll fr\u00e5n andra webbplatser beter sig p\u00e5 exakt samma s\u00e4tt som om bes\u00f6karen hade bes\u00f6kt den andra webbplatsen.<\/p>\n\n\n\n<p>Dessa webbplatser kan samla in uppgifter om dig, anv\u00e4nda cookies, b\u00e4dda in ytterligare sp\u00e5rning fr\u00e5n tredje part och \u00f6vervaka din interaktion med det inb\u00e4ddade inneh\u00e5llet, inklusive att sp\u00e5ra din interaktion om du har ett konto och \u00e4r inloggad p\u00e5 den webbplatsen.<\/p>\n\n\n\n<h2 class=\"wp-block-heading\" id=\"h-who-we-share-your-data-with\"><strong>Vem vi delar dina uppgifter med<\/strong><\/h2>\n\n\n\n<p>Om du beg\u00e4r en \u00e5terst\u00e4llning av l\u00f6senordet kommer din IP-adress att inkluderas i e-postmeddelandet om \u00e5terst\u00e4llning.<\/p>\n\n\n\n<h2 class=\"wp-block-heading\" id=\"h-how-long-we-retain-your-data\"><strong>Hur l\u00e4nge vi beh\u00e5ller dina uppgifter<\/strong><\/h2>\n\n\n\n<p>Om du l\u00e4mnar en kommentar sparas kommentaren och dess metadata p\u00e5 obest\u00e4md tid. Detta \u00e4r f\u00f6r att vi ska kunna k\u00e4nna igen och godk\u00e4nna eventuella uppf\u00f6ljande kommentarer automatiskt ist\u00e4llet f\u00f6r att h\u00e5lla dem i en modereringsk\u00f6.<\/p>\n\n\n\n<p>F\u00f6r anv\u00e4ndare som registrerar sig p\u00e5 v\u00e5r webbplats (om n\u00e5gon) lagrar vi ocks\u00e5 den personliga information som de tillhandah\u00e5ller i sin anv\u00e4ndarprofil. Alla anv\u00e4ndare kan n\u00e4r som helst se, redigera eller radera sina personuppgifter (f\u00f6rutom att de inte kan \u00e4ndra sitt anv\u00e4ndarnamn). Webbplatsadministrat\u00f6rer kan ocks\u00e5 se och redigera den informationen.<\/p>\n\n\n\n<h2 class=\"wp-block-heading\" id=\"h-what-rights-you-have-over-your-data\"><strong>Vilka r\u00e4ttigheter du har \u00f6ver dina uppgifter<\/strong><\/h2>\n\n\n\n<p>Om du har ett konto p\u00e5 den h\u00e4r webbplatsen eller har l\u00e4mnat kommentarer kan du beg\u00e4ra en exporterad fil med de personuppgifter vi har om dig, inklusive eventuella uppgifter som du har l\u00e4mnat till oss. Du kan ocks\u00e5 beg\u00e4ra att vi raderar alla personuppgifter som vi har om dig. Detta omfattar inte uppgifter som vi \u00e4r skyldiga att beh\u00e5lla<\/p>\n\n\n\n<h2 class=\"wp-block-heading\" id=\"h-where-your-data-is-sent\"><strong>Vart skickas dina uppgifter?<\/strong><\/h2>\n\n\n\n<p>Bes\u00f6kares kommentarer kan kontrolleras genom en automatiserad tj\u00e4nst f\u00f6r uppt\u00e4ckt av skr\u00e4ppost.<\/p>\n\n\n\n<p><\/p>","protected":false},"excerpt":{"rendered":"<p>Who We Are Our website address is: https:\/\/uhhmami.com. Comments When visitors leave comments on the site, we collect the data shown in the comments form, as well as the visitor\u2019s IP address and browser user agent string to help detect spam. An anonymized string created from your email address (also called a hash) may be [&hellip;]<\/p>\n","protected":false},"author":1,"featured_media":0,"parent":0,"menu_order":0,"comment_status":"closed","ping_status":"open","template":"","meta":{"iawp_total_views":316,"footnotes":""},"class_list":["post-3","page","type-page","status-publish","hentry"],"yoast_head":"<!-- This site is optimized with the Yoast SEO Premium plugin v27.2 (Yoast SEO v27.5) - https:\/\/yoast.com\/product\/yoast-seo-premium-wordpress\/ -->\n<title>Privacy Policy | Uhhmami \u2013 Your Data, Your Trust<\/title>\n<meta name=\"description\" content=\"Learn how Uhhmami protects your personal information. Our Privacy Policy explains data collection, usage, and security practices to ensure your shopping\" \/>\n<meta name=\"robots\" content=\"index, follow, max-snippet:-1, max-image-preview:large, max-video-preview:-1\" \/>\n<link rel=\"canonical\" href=\"https:\/\/uhhmami.com\/sv\/privatlivspolitik\/?wmc-currency=SEK\" \/>\n<meta property=\"og:locale\" content=\"sv_SE\" \/>\n<meta property=\"og:type\" content=\"article\" \/>\n<meta property=\"og:title\" content=\"Privacy Policy\" \/>\n<meta property=\"og:description\" content=\"Learn how Uhhmami protects your personal information. Our Privacy Policy explains data collection, usage, and security practices to ensure your shopping\" \/>\n<meta property=\"og:url\" content=\"https:\/\/uhhmami.com\/sv\/privatlivspolitik\/?wmc-currency=SEK\" \/>\n<meta property=\"og:site_name\" content=\"uhhmami\" \/>\n<meta property=\"article:publisher\" content=\"https:\/\/www.facebook.com\/profile.php?id=61555778644895\" \/>\n<meta property=\"article:modified_time\" content=\"2026-01-19T14:54:40+00:00\" \/>\n<meta name=\"twitter:card\" content=\"summary_large_image\" \/>\n<meta name=\"twitter:label1\" content=\"Ber\u00e4knad l\u00e4stid\" \/>\n\t<meta name=\"twitter:data1\" content=\"3 minuter\" \/>\n<script type=\"application\/ld+json\" class=\"yoast-schema-graph\">{\"@context\":\"https:\\\/\\\/schema.org\",\"@graph\":[{\"@type\":\"WebPage\",\"@id\":\"https:\\\/\\\/uhhmami.com\\\/privatlivspolitik\\\/\",\"url\":\"https:\\\/\\\/uhhmami.com\\\/privatlivspolitik\\\/\",\"name\":\"Privacy Policy | Uhhmami \u2013 Your Data, Your Trust\",\"isPartOf\":{\"@id\":\"https:\\\/\\\/uhhmami.com\\\/#website\"},\"datePublished\":\"2023-12-19T12:48:06+00:00\",\"dateModified\":\"2026-01-19T14:54:40+00:00\",\"description\":\"Learn how Uhhmami protects your personal information. Our Privacy Policy explains data collection, usage, and security practices to ensure your shopping\",\"breadcrumb\":{\"@id\":\"https:\\\/\\\/uhhmami.com\\\/privatlivspolitik\\\/#breadcrumb\"},\"inLanguage\":\"sv-SE\",\"potentialAction\":[{\"@type\":\"ReadAction\",\"target\":[\"https:\\\/\\\/uhhmami.com\\\/privatlivspolitik\\\/\"]}]},{\"@type\":\"BreadcrumbList\",\"@id\":\"https:\\\/\\\/uhhmami.com\\\/privatlivspolitik\\\/#breadcrumb\",\"itemListElement\":[{\"@type\":\"ListItem\",\"position\":1,\"name\":\"Home\",\"item\":\"https:\\\/\\\/uhhmami.com\\\/\"},{\"@type\":\"ListItem\",\"position\":2,\"name\":\"Privacy Policy\"}]},{\"@type\":\"WebSite\",\"@id\":\"https:\\\/\\\/uhhmami.com\\\/#website\",\"url\":\"https:\\\/\\\/uhhmami.com\\\/\",\"name\":\"uhhmami\",\"description\":\"\",\"publisher\":{\"@id\":\"https:\\\/\\\/uhhmami.com\\\/#organization\"},\"potentialAction\":[{\"@type\":\"SearchAction\",\"target\":{\"@type\":\"EntryPoint\",\"urlTemplate\":\"https:\\\/\\\/uhhmami.com\\\/?s={search_term_string}\"},\"query-input\":{\"@type\":\"PropertyValueSpecification\",\"valueRequired\":true,\"valueName\":\"search_term_string\"}}],\"inLanguage\":\"sv-SE\"},{\"@type\":\"Organization\",\"@id\":\"https:\\\/\\\/uhhmami.com\\\/#organization\",\"name\":\"uhhmami\",\"alternateName\":\"Uhh-mami\",\"url\":\"https:\\\/\\\/uhhmami.com\\\/\",\"logo\":{\"@type\":\"ImageObject\",\"inLanguage\":\"sv-SE\",\"@id\":\"https:\\\/\\\/uhhmami.com\\\/#\\\/schema\\\/logo\\\/image\\\/\",\"url\":\"https:\\\/\\\/zwthke5j.photoncache.com\\\/wp-content\\\/uploads\\\/2025\\\/06\\\/Logo-sort-svg.svg\",\"contentUrl\":\"https:\\\/\\\/zwthke5j.photoncache.com\\\/wp-content\\\/uploads\\\/2025\\\/06\\\/Logo-sort-svg.svg\",\"caption\":\"uhhmami\"},\"image\":{\"@id\":\"https:\\\/\\\/uhhmami.com\\\/#\\\/schema\\\/logo\\\/image\\\/\"},\"sameAs\":[\"https:\\\/\\\/www.facebook.com\\\/profile.php?id=61555778644895\",\"https:\\\/\\\/www.instagram.com\\\/uhhmami_official\\\/\"],\"description\":\"About Uhhmami \u2013 Pure flavour, Easy to Use, and Sustainable At Uhhmami, we make it easy to create delicious meals with clean, sustainable ingredients. Our mission is to rethink cooking by offering simple solutions that add depth and richness to your dishes\u2014without compromising on quality or sustainability. Our Philosophy: flavour and Sustainability in Harmony We believe great food starts with great ingredients. That\u2019s why we develop natural, fermented flavour enhancers that bring out umami and simplify your cooking. With Uhhmami, you can easily add restaurant-quality taste to soups, sauces, and vegetable dishes in seconds. Why Choose Uhhmami? \u2705 Pure flavour: Made from carefully selected, natural ingredients with no additives. \u2705 Easy to use: A small amount instantly elevates your dish. \u2705 A sustainable choice: Less food waste and a lower carbon footprint than traditional bouillons. \u2705 High quality: Developed by Michelin-star chef Frank Lantz for the best taste experience. Take a step toward a greener, more flavourful future\u2014one dish at a time. Visit Uhhmami.com to discover how easy it is to cook with depth and richness!\",\"legalName\":\"Uhhmami\",\"foundingDate\":\"2022-10-01\",\"numberOfEmployees\":{\"@type\":\"QuantitativeValue\",\"minValue\":\"1\",\"maxValue\":\"10\"}}]}<\/script>\n<!-- \/ Yoast SEO Premium plugin. -->","yoast_head_json":{"title":"Integritetspolicy | Uhhmami - Dina uppgifter, ditt f\u00f6rtroende","description":"L\u00e4r dig hur Uhhmami skyddar din personliga information. V\u00e5r integritetspolicy f\u00f6rklarar datainsamling, anv\u00e4ndning och s\u00e4kerhetsrutiner f\u00f6r att s\u00e4kerst\u00e4lla att din shopping","robots":{"index":"index","follow":"follow","max-snippet":"max-snippet:-1","max-image-preview":"max-image-preview:large","max-video-preview":"max-video-preview:-1"},"canonical":"https:\/\/uhhmami.com\/sv\/privatlivspolitik\/?wmc-currency=SEK","og_locale":"sv_SE","og_type":"article","og_title":"Privacy Policy","og_description":"Learn how Uhhmami protects your personal information. Our Privacy Policy explains data collection, usage, and security practices to ensure your shopping","og_url":"https:\/\/uhhmami.com\/sv\/privatlivspolitik\/?wmc-currency=SEK","og_site_name":"uhhmami","article_publisher":"https:\/\/www.facebook.com\/profile.php?id=61555778644895","article_modified_time":"2026-01-19T14:54:40+00:00","twitter_card":"summary_large_image","twitter_misc":{"Ber\u00e4knad l\u00e4stid":"3 minuter"},"schema":{"@context":"https:\/\/schema.org","@graph":[{"@type":"WebPage","@id":"https:\/\/uhhmami.com\/privatlivspolitik\/","url":"https:\/\/uhhmami.com\/privatlivspolitik\/","name":"Integritetspolicy | Uhhmami - Dina uppgifter, ditt f\u00f6rtroende","isPartOf":{"@id":"https:\/\/uhhmami.com\/#website"},"datePublished":"2023-12-19T12:48:06+00:00","dateModified":"2026-01-19T14:54:40+00:00","description":"L\u00e4r dig hur Uhhmami skyddar din personliga information. V\u00e5r integritetspolicy f\u00f6rklarar datainsamling, anv\u00e4ndning och s\u00e4kerhetsrutiner f\u00f6r att s\u00e4kerst\u00e4lla att din shopping","breadcrumb":{"@id":"https:\/\/uhhmami.com\/privatlivspolitik\/#breadcrumb"},"inLanguage":"sv-SE","potentialAction":[{"@type":"ReadAction","target":["https:\/\/uhhmami.com\/privatlivspolitik\/"]}]},{"@type":"BreadcrumbList","@id":"https:\/\/uhhmami.com\/privatlivspolitik\/#breadcrumb","itemListElement":[{"@type":"ListItem","position":1,"name":"Home","item":"https:\/\/uhhmami.com\/"},{"@type":"ListItem","position":2,"name":"Privacy Policy"}]},{"@type":"WebSite","@id":"https:\/\/uhhmami.com\/#website","url":"https:\/\/uhhmami.com\/","name":"uhhmami","description":"","publisher":{"@id":"https:\/\/uhhmami.com\/#organization"},"potentialAction":[{"@type":"SearchAction","target":{"@type":"EntryPoint","urlTemplate":"https:\/\/uhhmami.com\/?s={search_term_string}"},"query-input":{"@type":"PropertyValueSpecification","valueRequired":true,"valueName":"search_term_string"}}],"inLanguage":"sv-SE"},{"@type":"Organization","@id":"https:\/\/uhhmami.com\/#organization","name":"uhhmami","alternateName":"Uhh-mami","url":"https:\/\/uhhmami.com\/","logo":{"@type":"ImageObject","inLanguage":"sv-SE","@id":"https:\/\/uhhmami.com\/#\/schema\/logo\/image\/","url":"https:\/\/zwthke5j.photoncache.com\/wp-content\/uploads\/2025\/06\/Logo-sort-svg.svg","contentUrl":"https:\/\/zwthke5j.photoncache.com\/wp-content\/uploads\/2025\/06\/Logo-sort-svg.svg","caption":"uhhmami"},"image":{"@id":"https:\/\/uhhmami.com\/#\/schema\/logo\/image\/"},"sameAs":["https:\/\/www.facebook.com\/profile.php?id=61555778644895","https:\/\/www.instagram.com\/uhhmami_official\/"],"description":"Om Uhhmami - Ren smak, enkel att anv\u00e4nda och h\u00e5llbar P\u00e5 Uhhmami g\u00f6r vi det enkelt att skapa l\u00e4ckra m\u00e5ltider med rena, h\u00e5llbara ingredienser. V\u00e5rt uppdrag \u00e4r att t\u00e4nka nytt kring matlagning genom att erbjuda enkla l\u00f6sningar som ger djup och rikedom till dina r\u00e4tter - utan att kompromissa med kvalitet eller h\u00e5llbarhet. V\u00e5r filosofi: Smak och h\u00e5llbarhet i harmoni Vi tror att bra mat b\u00f6rjar med bra ingredienser. Det \u00e4r d\u00e4rf\u00f6r vi utvecklar naturliga, fermenterade smakf\u00f6rst\u00e4rkare som framh\u00e4ver umami och f\u00f6renklar din matlagning. Med Uhhmami kan du enkelt l\u00e4gga till smak av restaurangkvalitet i soppor, s\u00e5ser och gr\u00f6nsaksr\u00e4tter p\u00e5 n\u00e5gra sekunder. Varf\u00f6r v\u00e4lja Uhhmami? \u2705 Ren smak: Tillverkad av noggrant utvalda, naturliga ingredienser utan tillsatser. \u2705 L\u00e4tt att anv\u00e4nda: En liten m\u00e4ngd f\u00f6rh\u00f6jer omedelbart din matr\u00e4tt. \u2705 Ett h\u00e5llbart val: Mindre matavfall och ett l\u00e4gre koldioxidavtryck \u00e4n traditionella bouilloner. \u2705 H\u00f6g kvalitet: Utvecklad av stj\u00e4rnkocken Frank Lantz f\u00f6r b\u00e4sta m\u00f6jliga smakupplevelse. Ta ett steg mot en gr\u00f6nare och mer smakrik framtid - en matr\u00e4tt i taget. Bes\u00f6k Uhhmami.com f\u00f6r att uppt\u00e4cka hur enkelt det \u00e4r att laga mat med djup och rikedom!","legalName":"Uhhmami","foundingDate":"2022-10-01","numberOfEmployees":{"@type":"QuantitativeValue","minValue":"1","maxValue":"10"}}]}},"jetpack_sharing_enabled":true,"_links":{"self":[{"href":"https:\/\/uhhmami.com\/sv\/wp-json\/wp\/v2\/pages\/3","targetHints":{"allow":["GET"]}}],"collection":[{"href":"https:\/\/uhhmami.com\/sv\/wp-json\/wp\/v2\/pages"}],"about":[{"href":"https:\/\/uhhmami.com\/sv\/wp-json\/wp\/v2\/types\/page"}],"author":[{"embeddable":true,"href":"https:\/\/uhhmami.com\/sv\/wp-json\/wp\/v2\/users\/1"}],"replies":[{"embeddable":true,"href":"https:\/\/uhhmami.com\/sv\/wp-json\/wp\/v2\/comments?post=3"}],"version-history":[{"count":2,"href":"https:\/\/uhhmami.com\/sv\/wp-json\/wp\/v2\/pages\/3\/revisions"}],"predecessor-version":[{"id":8737,"href":"https:\/\/uhhmami.com\/sv\/wp-json\/wp\/v2\/pages\/3\/revisions\/8737"}],"wp:attachment":[{"href":"https:\/\/uhhmami.com\/sv\/wp-json\/wp\/v2\/media?parent=3"}],"curies":[{"name":"wp","href":"https:\/\/api.w.org\/{rel}","templated":true}]}}