{"id":72,"date":"2023-12-20T10:40:57","date_gmt":"2023-12-20T09:40:57","guid":{"rendered":"https:\/\/uhhmami.test\/?page_id=72"},"modified":"2025-12-18T09:48:57","modified_gmt":"2025-12-18T08:48:57","slug":"handelsbetingelser","status":"publish","type":"page","link":"https:\/\/uhhmami.com\/nb\/trading-conditions\/","title":{"rendered":"Handelsbetingelser"},"content":{"rendered":"<div class=\"wp-block-group has-global-padding is-layout-constrained wp-block-group-is-layout-constrained\">\n<h1 class=\"wp-block-heading\" id=\"h-trading-conditions\">Handelsbetingelser<\/h1>\n\n\n\n<h3 class=\"wp-block-heading\" id=\"h-terms-and-conditions-for-uhhmami\">Vilk\u00e5r og betingelser for Uhhmami<\/h3>\n\n\n\n<p class=\"has-text-align-left\">The Social Markets ApS \/ Uhhmami ApS&nbsp;<\/p>\n\n\n\n<p class=\"has-text-align-left\">Tj\u00f8rneg\u00e5rdsvej 31<br>4000 Roskilde<br>WhatsApp \/ Telefon: +45 53 76 93 73<\/p>\n\n\n\n<p class=\"has-text-align-left\">team@uhhmami.com<\/p>\n\n\n\n<p class=\"has-text-align-left\">CVR\/VAT: DK40951296<\/p>\n\n\n\n<h2 class=\"wp-block-heading\" id=\"h-payment\">Betaling<\/h2>\n\n\n\n<p>Uhhmami aksepterer online betaling med f\u00f8lgende kredittkort Visa, Mastercard, Mobilepay Online, Visa Electron, Maestro, Paypal, ApplePay &amp; Googlepay.<\/p>\n\n\n\n<p>Betaling trekkes f\u00f8rst fra kontoen din n\u00e5r den fysiske varen sendes eller det virtuelle produktet opprettes, med mindre annet er avtalt eller angitt p\u00e5 bestillingen din.<\/p>\n\n\n\n<p>Alle priser p\u00e5 nettstedet er inkludert moms.<br>Nettstedet bruker f\u00f8lgende valutaer for prissetting:<br>Danmark - Kroner (DKK), USA - Dollar (USD), Euro (EUR), Norge - Krone (NOK), Sverige - Kroner (SEK), Storbritannia - Pund (GBP)<\/p>\n\n\n\n<p>Uhhmami bruker en sikker betalingsserver som krypterer all informasjon med SSL-protokoll, noe som betyr at dataene dine er sikre og ikke kan leses av andre tredjeparter.<\/p>\n\n\n\n<h2 class=\"wp-block-heading\" id=\"h-delivery-and-shipment\">Levering og forsendelse<\/h2>\n\n\n\n<p>Leveringstiden for bestillingen din er 1-3 dager.<\/p>\n\n\n\n<p>Alle bestillinger fra Uhhmami sendes med GLS.<\/p>\n\n\n\n<p>Fraktkostnaden beregnes ut fra varens vekt.<\/p>\n\n\n\n<p>Du kan velge \u00e5 f\u00e5 forsendelsen sendt med levering til hjemmeadressen din eller til n\u00e6rmeste pakkeshop.<\/p>\n\n\n\n<p>Du vil motta et Track and Trace-nummer ved forsendelse, slik at du kan spore forsendelsen til enhver tid.<\/p>\n\n\n\n<h2 class=\"wp-block-heading\" id=\"h-if-you-regret-your-purchase-withdrawal\">Hvis du angrer p\u00e5 kj\u00f8pet ditt (angrerett)<\/h2>\n\n\n\n<p>Uhhmami tilbyr 14 dagers full refusjon p\u00e5 varer kj\u00f8pt p\u00e5 nettstedet, med mindre annet er avtalt eller angitt i bestillingen din.<\/p>\n\n\n\n<p>Fristen p\u00e5 14 dager begynner \u00e5 l\u00f8pe den dagen bestillingen leveres.<\/p>\n\n\n\n<p>Eventuelle returkostnader du p\u00e5drar deg selv.<\/p>\n\n\n\n<p>Angreretten m\u00e5 meddeles oss senest 14 dager etter levering, og v\u00e6re oss i hende senest 14 dager etter at vi er informert om at du har benyttet deg av angreretten.<\/p>\n\n\n\n<h2 class=\"wp-block-heading\" id=\"h-condition-of-the-item-you-have-returned\">Tilstanden til varen du har returnert<\/h2>\n\n\n\n<p>Du er ansvarlig for varens tilstand og for varens verdiforringelse som skyldes annen h\u00e5ndtering av varen enn det som er n\u00f8dvendig for \u00e5 fastsl\u00e5 varens art, egenskaper og funksjon.<br>Det betyr at du m\u00e5 pr\u00f8ve varen p\u00e5 samme m\u00e5te som om du handlet i en fysisk butikk.<\/p>\n\n\n\n<p>Hvis varen er testet\/brukt utover det som er beskrevet ovenfor, anses den som brukt og av redusert verdi. Dette betyr at n\u00e5r kj\u00f8pet heves, vil du f\u00e5 en mindre del eller ingenting av kj\u00f8pesummen refundert. Det er opp til Uhhmami \u00e5 vurdere varens tilstand.<\/p>\n\n\n\n<h2 class=\"wp-block-heading\" id=\"h-warranty\">Garanti<\/h2>\n\n\n\n<p>Det er 2 \u00e5rs garanti p\u00e5 produkter i henhold til den danske kj\u00f8psloven. Garantien gjelder for alle feil i programvare, materiale og fabrikasjon.<\/p>\n\n\n\n<p>Reklamasjoner vedr\u00f8rende feil og mangler m\u00e5 meldes til Uhhmami innen rimelig tid etter at varen er mottatt. Vi anser maksimalt en m\u00e5ned som rimelig tid, med mindre annet er avtalt. Vi refunderer rimelige fraktkostnader.<\/p>\n\n\n\n<p>Reklamasjonen fraskriver seg retten til garanti hvis varene h\u00e5ndteres feil eller uvanlig.<\/p>\n\n\n\n<p>Uhhmami dekker returkostnader i rimelig omfang.<\/p>\n\n\n\n<p>Ved retur, vennligst kontakt oss p\u00e5:<\/p>\n\n\n\n<p><strong>Uhhmami<\/strong><br>Tj\u00f8rneg\u00e5rdsvej 31<\/p>\n\n\n\n<p>Telefon +4553769373<\/p>\n\n\n\n<p>Garantireklamasjoner vil&nbsp;<strong>ikke<\/strong>&nbsp;godtas hvis de sendes per postoppkrav.<\/p>\n\n\n\n<h2 class=\"wp-block-heading\" id=\"h-customer-amp-privacy-policy\">Kunde- og personvernerkl\u00e6ring<\/h2>\n\n\n\n<p>Vi videreselger ikke personopplysninger og gir ikke personopplysningene dine videre til andre. De er kun registrert i v\u00e5rt kundekartotek. Du kan n\u00e5r som helst slette opplysningene dine.<\/p>\n\n\n\n<p>For at du skal kunne inng\u00e5 en avtale med Uhhmami, trenger vi f\u00f8lgende informasjon:<\/p>\n\n\n\n<p>. Navn<br>. Adresse<br>. Telefonnummer<br>. E-post adresse<\/p>\n\n\n\n<p>Vi registrerer personopplysningene dine for \u00e5 kunne levere varene til deg.<\/p>\n\n\n\n<p>Personopplysningene registreres hos Uhhmami, og lagres i inntil fem \u00e5r, hvoretter opplysningene slettes.<\/p>\n\n\n\n<p>N\u00e5r vi samler inn personopplysninger via nettstedet v\u00e5rt, s\u00f8rger vi for at det alltid skjer med ditt uttrykkelige samtykke, slik at du blir informert om n\u00f8yaktig hvilke opplysninger som samles inn og hvorfor.<\/p>\n\n\n\n<p>Direkt\u00f8ren og ansatte for Uhhmami har tilgang til informasjonen som er registrert om deg.<\/p>\n\n\n\n<p>Datasjefen i Uhhmami er..: Frank Lantz.<\/p>\n\n\n\n<p>Vi lagrer og overf\u00f8rer ikke kundeinformasjon kryptert.<\/p>\n\n\n\n<p><strong>Informasjonskapsler<\/strong><\/p>\n\n\n\n<p>P\u00e5 https:\/\/www.uhhmami.com brukes informasjonskapsler for \u00e5 optimalisere nettstedet og dets funksjonalitet, slik at bes\u00f8ket blir s\u00e5 enkelt som mulig for deg.<\/p>\n\n\n\n<p>Du kan n\u00e5r som helst slette informasjonskapsler fra datamaskinen din, se instruksjonene p\u00e5&nbsp;<a href=\"https:\/\/uhhmami.com\/nb\/retningslinjer-for-refusjon-og-retur\/?wmc-currency=EUR\" target=\"_blank\" rel=\"noreferrer noopener\">Informasjonskapsler og retningslinjer for personvern i nettbutikken<\/a>.<\/p>\n\n\n\n<h2 class=\"wp-block-heading\" id=\"h-consumer-protection\">Forbrukerbeskyttelse<\/h2>\n\n\n\n<p>Finn ut mer om forbrukerbeskyttelse n\u00e5r du betaler p\u00e5 nett med Stripes betalingstjenestel\u00f8sning:<br><a href=\"https:\/\/stripe.com\/en-dk\/resources\/more\/secure-payment-systems-explained?utm_source=chatgpt.com\">Betaling<\/a><\/p>\n\n\n\n<h2 class=\"wp-block-heading\" id=\"h-complaints\">Klager<\/h2>\n\n\n\n<p>Reklamasjoner p\u00e5 produktet kan sendes til:<\/p>\n\n\n\n<p><strong>Konkurrence- og Forbrugerstyrelsens<\/strong><br>Carl Jacobsens Vej 35<br>2500 Valby<br><a href=\"http:\/\/www.forbrug.dk\/\" rel=\"noreferrer noopener\" target=\"_blank\">www.forbrug.dk<\/a><\/p>\n\n\n\n<p>For borgere i Europa som er bosatt utenfor Europa, m\u00e5 klager sendes inn via EU-kommisjonens nettbaserte klageplattform.<br><a href=\"http:\/\/ec.europa.eu\/consumers\/odr\/\" rel=\"noreferrer noopener\" target=\"_blank\">ec.europa.eu<\/a><\/p>\n\n\n\n<p>N\u00e5r du klager, m\u00e5 du oppgi e-postadressen v\u00e5r,&nbsp;<a href=\"mailto:team@uhhmami.com\">team@uhhmami.com<\/a>, og nettstedet du gjorde kj\u00f8pet p\u00e5.<\/p>\n<\/div>","protected":false},"excerpt":{"rendered":"<p>Trading conditions Terms and Conditions for Uhhmami The Social Markets ApS \/ Uhhmami ApS&nbsp; Tj\u00f8rneg\u00e5rdsvej 314000 RoskildeWhatsApp \/ Phone:&nbsp;+45 53 76 93 73 team@uhhmami.com CVR\/VAT: DK40951296 Payment Uhhmami accepts online payments with the following credit cards Visa, Mastercard, Mobilepay Online, Visa Electron, Maestro, Paypal, ApplePay &amp; Googlepay. Payment will only be deducted from your account [&hellip;]<\/p>\n","protected":false},"author":1,"featured_media":0,"parent":0,"menu_order":0,"comment_status":"closed","ping_status":"closed","template":"","meta":{"iawp_total_views":285,"footnotes":""},"class_list":["post-72","page","type-page","status-publish","hentry"],"yoast_head":"<!-- This site is optimized with the Yoast SEO Premium plugin v27.5 (Yoast SEO v27.6) - https:\/\/yoast.com\/product\/yoast-seo-premium-wordpress\/ -->\n<title>Trading Conditions | Uhhmami - Secure Online Payments<\/title>\n<meta name=\"description\" content=\"Uhhmami accepts secure online payments via Visa, Mastercard, PayPal, ApplePay, and more. Payment is deducted once the item ships or the product is created.\" \/>\n<meta name=\"robots\" content=\"index, follow, max-snippet:-1, max-image-preview:large, max-video-preview:-1\" \/>\n<link rel=\"canonical\" href=\"https:\/\/uhhmami.com\/nb\/handelsbetingelser\/?wmc-currency=EUR\" \/>\n<meta property=\"og:locale\" content=\"nb_NO\" \/>\n<meta property=\"og:type\" content=\"article\" \/>\n<meta property=\"og:title\" content=\"Trading Conditions\" \/>\n<meta property=\"og:description\" content=\"Uhhmami accepts secure online payments via Visa, Mastercard, PayPal, ApplePay, and more. Payment is deducted once the item ships or the product is created.\" \/>\n<meta property=\"og:url\" content=\"https:\/\/uhhmami.com\/nb\/handelsbetingelser\/?wmc-currency=EUR\" \/>\n<meta property=\"og:site_name\" content=\"uhhmami\" \/>\n<meta property=\"article:publisher\" content=\"https:\/\/www.facebook.com\/profile.php?id=61555778644895\" \/>\n<meta property=\"article:modified_time\" content=\"2025-12-18T08:48:57+00:00\" \/>\n<meta name=\"twitter:card\" content=\"summary_large_image\" \/>\n<meta name=\"twitter:label1\" content=\"Ansl. lesetid\" \/>\n\t<meta name=\"twitter:data1\" content=\"4 minutter\" \/>\n<script type=\"application\/ld+json\" class=\"yoast-schema-graph\">{\"@context\":\"https:\\\/\\\/schema.org\",\"@graph\":[{\"@type\":\"WebPage\",\"@id\":\"https:\\\/\\\/uhhmami.com\\\/trading-conditions\\\/\",\"url\":\"https:\\\/\\\/uhhmami.com\\\/trading-conditions\\\/\",\"name\":\"Trading Conditions | Uhhmami - Secure Online Payments\",\"isPartOf\":{\"@id\":\"https:\\\/\\\/uhhmami.com\\\/#website\"},\"datePublished\":\"2023-12-20T09:40:57+00:00\",\"dateModified\":\"2025-12-18T08:48:57+00:00\",\"description\":\"Uhhmami accepts secure online payments via Visa, Mastercard, PayPal, ApplePay, and more. Payment is deducted once the item ships or the product is created.\",\"breadcrumb\":{\"@id\":\"https:\\\/\\\/uhhmami.com\\\/trading-conditions\\\/#breadcrumb\"},\"inLanguage\":\"nb-NO\",\"potentialAction\":[{\"@type\":\"ReadAction\",\"target\":[\"https:\\\/\\\/uhhmami.com\\\/trading-conditions\\\/\"]}]},{\"@type\":\"BreadcrumbList\",\"@id\":\"https:\\\/\\\/uhhmami.com\\\/trading-conditions\\\/#breadcrumb\",\"itemListElement\":[{\"@type\":\"ListItem\",\"position\":1,\"name\":\"Home\",\"item\":\"https:\\\/\\\/uhhmami.com\\\/\"},{\"@type\":\"ListItem\",\"position\":2,\"name\":\"Trading Conditions\"}]},{\"@type\":\"WebSite\",\"@id\":\"https:\\\/\\\/uhhmami.com\\\/#website\",\"url\":\"https:\\\/\\\/uhhmami.com\\\/\",\"name\":\"uhhmami\",\"description\":\"\",\"publisher\":{\"@id\":\"https:\\\/\\\/uhhmami.com\\\/#organization\"},\"potentialAction\":[{\"@type\":\"SearchAction\",\"target\":{\"@type\":\"EntryPoint\",\"urlTemplate\":\"https:\\\/\\\/uhhmami.com\\\/?s={search_term_string}\"},\"query-input\":{\"@type\":\"PropertyValueSpecification\",\"valueRequired\":true,\"valueName\":\"search_term_string\"}}],\"inLanguage\":\"nb-NO\"},{\"@type\":\"Organization\",\"@id\":\"https:\\\/\\\/uhhmami.com\\\/#organization\",\"name\":\"uhhmami\",\"alternateName\":\"Uhh-mami\",\"url\":\"https:\\\/\\\/uhhmami.com\\\/\",\"logo\":{\"@type\":\"ImageObject\",\"inLanguage\":\"nb-NO\",\"@id\":\"https:\\\/\\\/uhhmami.com\\\/#\\\/schema\\\/logo\\\/image\\\/\",\"url\":\"https:\\\/\\\/zwthke5j.photoncache.com\\\/wp-content\\\/uploads\\\/2025\\\/06\\\/Logo-sort-svg.svg\",\"contentUrl\":\"https:\\\/\\\/zwthke5j.photoncache.com\\\/wp-content\\\/uploads\\\/2025\\\/06\\\/Logo-sort-svg.svg\",\"caption\":\"uhhmami\"},\"image\":{\"@id\":\"https:\\\/\\\/uhhmami.com\\\/#\\\/schema\\\/logo\\\/image\\\/\"},\"sameAs\":[\"https:\\\/\\\/www.facebook.com\\\/profile.php?id=61555778644895\",\"https:\\\/\\\/www.instagram.com\\\/uhhmami_official\\\/\"],\"description\":\"About Uhhmami \u2013 Pure flavour, Easy to Use, and Sustainable At Uhhmami, we make it easy to create delicious meals with clean, sustainable ingredients. Our mission is to rethink cooking by offering simple solutions that add depth and richness to your dishes\u2014without compromising on quality or sustainability. Our Philosophy: flavour and Sustainability in Harmony We believe great food starts with great ingredients. That\u2019s why we develop natural, fermented flavour enhancers that bring out umami and simplify your cooking. With Uhhmami, you can easily add restaurant-quality taste to soups, sauces, and vegetable dishes in seconds. Why Choose Uhhmami? \u2705 Pure flavour: Made from carefully selected, natural ingredients with no additives. \u2705 Easy to use: A small amount instantly elevates your dish. \u2705 A sustainable choice: Less food waste and a lower carbon footprint than traditional bouillons. \u2705 High quality: Developed by Michelin-star chef Frank Lantz for the best taste experience. Take a step toward a greener, more flavourful future\u2014one dish at a time. Visit Uhhmami.com to discover how easy it is to cook with depth and richness!\",\"legalName\":\"Uhhmami\",\"foundingDate\":\"2022-10-01\",\"numberOfEmployees\":{\"@type\":\"QuantitativeValue\",\"minValue\":\"1\",\"maxValue\":\"10\"}}]}<\/script>\n<!-- \/ Yoast SEO Premium plugin. -->","yoast_head_json":{"title":"Handelsbetingelser | Uhhmami - sikre betalinger p\u00e5 nett","description":"Uhhmami aksepterer sikre nettbetalinger via Visa, Mastercard, PayPal, ApplePay og mer. Betalingen trekkes fra n\u00e5r varen sendes eller produktet er opprettet.","robots":{"index":"index","follow":"follow","max-snippet":"max-snippet:-1","max-image-preview":"max-image-preview:large","max-video-preview":"max-video-preview:-1"},"canonical":"https:\/\/uhhmami.com\/nb\/handelsbetingelser\/?wmc-currency=EUR","og_locale":"nb_NO","og_type":"article","og_title":"Trading Conditions","og_description":"Uhhmami accepts secure online payments via Visa, Mastercard, PayPal, ApplePay, and more. Payment is deducted once the item ships or the product is created.","og_url":"https:\/\/uhhmami.com\/nb\/handelsbetingelser\/?wmc-currency=EUR","og_site_name":"uhhmami","article_publisher":"https:\/\/www.facebook.com\/profile.php?id=61555778644895","article_modified_time":"2025-12-18T08:48:57+00:00","twitter_card":"summary_large_image","twitter_misc":{"Ansl. lesetid":"4 minutter"},"schema":{"@context":"https:\/\/schema.org","@graph":[{"@type":"WebPage","@id":"https:\/\/uhhmami.com\/trading-conditions\/","url":"https:\/\/uhhmami.com\/trading-conditions\/","name":"Handelsbetingelser | Uhhmami - sikre betalinger p\u00e5 nett","isPartOf":{"@id":"https:\/\/uhhmami.com\/#website"},"datePublished":"2023-12-20T09:40:57+00:00","dateModified":"2025-12-18T08:48:57+00:00","description":"Uhhmami aksepterer sikre nettbetalinger via Visa, Mastercard, PayPal, ApplePay og mer. Betalingen trekkes fra n\u00e5r varen sendes eller produktet er opprettet.","breadcrumb":{"@id":"https:\/\/uhhmami.com\/trading-conditions\/#breadcrumb"},"inLanguage":"nb-NO","potentialAction":[{"@type":"ReadAction","target":["https:\/\/uhhmami.com\/trading-conditions\/"]}]},{"@type":"BreadcrumbList","@id":"https:\/\/uhhmami.com\/trading-conditions\/#breadcrumb","itemListElement":[{"@type":"ListItem","position":1,"name":"Home","item":"https:\/\/uhhmami.com\/"},{"@type":"ListItem","position":2,"name":"Trading Conditions"}]},{"@type":"WebSite","@id":"https:\/\/uhhmami.com\/#website","url":"https:\/\/uhhmami.com\/","name":"uhhmami","description":"","publisher":{"@id":"https:\/\/uhhmami.com\/#organization"},"potentialAction":[{"@type":"SearchAction","target":{"@type":"EntryPoint","urlTemplate":"https:\/\/uhhmami.com\/?s={search_term_string}"},"query-input":{"@type":"PropertyValueSpecification","valueRequired":true,"valueName":"search_term_string"}}],"inLanguage":"nb-NO"},{"@type":"Organization","@id":"https:\/\/uhhmami.com\/#organization","name":"uhhmami","alternateName":"Uhh-mami","url":"https:\/\/uhhmami.com\/","logo":{"@type":"ImageObject","inLanguage":"nb-NO","@id":"https:\/\/uhhmami.com\/#\/schema\/logo\/image\/","url":"https:\/\/zwthke5j.photoncache.com\/wp-content\/uploads\/2025\/06\/Logo-sort-svg.svg","contentUrl":"https:\/\/zwthke5j.photoncache.com\/wp-content\/uploads\/2025\/06\/Logo-sort-svg.svg","caption":"uhhmami"},"image":{"@id":"https:\/\/uhhmami.com\/#\/schema\/logo\/image\/"},"sameAs":["https:\/\/www.facebook.com\/profile.php?id=61555778644895","https:\/\/www.instagram.com\/uhhmami_official\/"],"description":"Om Uhhmami - Ren smak, enkel \u00e5 bruke og b\u00e6rekraftig Hos Uhhmami gj\u00f8r vi det enkelt \u00e5 lage deilige m\u00e5ltider med rene, b\u00e6rekraftige ingredienser. V\u00e5r misjon er \u00e5 tenke nytt om matlaging ved \u00e5 tilby enkle l\u00f8sninger som gir dybde og rikdom til rettene dine - uten \u00e5 g\u00e5 p\u00e5 kompromiss med kvalitet eller b\u00e6rekraft. V\u00e5r filosofi: Smak og b\u00e6rekraft i harmoni Vi mener at god mat starter med gode ingredienser. Derfor utvikler vi naturlige, fermenterte smaksforsterkere som fremhever umami og forenkler matlagingen. Med Uhhmami kan du enkelt gi supper, sauser og gr\u00f8nnsaksretter smak av restaurantkvalitet p\u00e5 f\u00e5 sekunder. Hvorfor velge Uhhmami? \u2705 Ren smak: Laget av n\u00f8ye utvalgte, naturlige ingredienser uten tilsetningsstoffer. \u2705 Enkel \u00e5 bruke: En liten mengde l\u00f8fter retten din umiddelbart. \u2705 Et b\u00e6rekraftig valg: Mindre matsvinn og lavere karbonavtrykk enn tradisjonelle bouilloner. \u2705 H\u00f8y kvalitet: Utviklet av Michelin-stjernekokken Frank Lantz for den beste smaksopplevelsen. Ta et skritt mot en gr\u00f8nnere og mer smakfull fremtid - \u00e9n rett om gangen. Bes\u00f8k Uhhmami.com for \u00e5 oppdage hvor enkelt det er \u00e5 lage mat med dybde og rikdom!","legalName":"Uhhmami","foundingDate":"2022-10-01","numberOfEmployees":{"@type":"QuantitativeValue","minValue":"1","maxValue":"10"}}]}},"jetpack_sharing_enabled":true,"_links":{"self":[{"href":"https:\/\/uhhmami.com\/nb\/wp-json\/wp\/v2\/pages\/72","targetHints":{"allow":["GET"]}}],"collection":[{"href":"https:\/\/uhhmami.com\/nb\/wp-json\/wp\/v2\/pages"}],"about":[{"href":"https:\/\/uhhmami.com\/nb\/wp-json\/wp\/v2\/types\/page"}],"author":[{"embeddable":true,"href":"https:\/\/uhhmami.com\/nb\/wp-json\/wp\/v2\/users\/1"}],"replies":[{"embeddable":true,"href":"https:\/\/uhhmami.com\/nb\/wp-json\/wp\/v2\/comments?post=72"}],"version-history":[{"count":10,"href":"https:\/\/uhhmami.com\/nb\/wp-json\/wp\/v2\/pages\/72\/revisions"}],"predecessor-version":[{"id":10833,"href":"https:\/\/uhhmami.com\/nb\/wp-json\/wp\/v2\/pages\/72\/revisions\/10833"}],"wp:attachment":[{"href":"https:\/\/uhhmami.com\/nb\/wp-json\/wp\/v2\/media?parent=72"}],"curies":[{"name":"wp","href":"https:\/\/api.w.org\/{rel}","templated":true}]}}