{"id":3,"date":"2023-12-19T13:48:06","date_gmt":"2023-12-19T12:48:06","guid":{"rendered":"https:\/\/uhhmami.test\/?page_id=3"},"modified":"2026-01-19T15:54:40","modified_gmt":"2026-01-19T14:54:40","slug":"privatlivspolitikk","status":"publish","type":"page","link":"https:\/\/uhhmami.com\/nb\/privatlivspolitik\/","title":{"rendered":"Retningslinjer for personvern"},"content":{"rendered":"<h2 class=\"wp-block-heading\" id=\"h-who-we-are\"><strong>Hvem vi er<\/strong><\/h2>\n\n\n\n<p>Adressen til nettstedet v\u00e5rt er <a class=\"\" href=\"https:\/\/uhhmami.com\/nb\/?wmc-currency=EUR\">https:\/\/uhhmami.com<\/a>.<\/p>\n\n\n\n<h2 class=\"wp-block-heading\" id=\"h-comments\">Kommentarer<\/h2>\n\n\n\n<p>N\u00e5r bes\u00f8kende legger igjen kommentarer p\u00e5 nettstedet, samler vi inn dataene som vises i kommentarskjemaet, samt den bes\u00f8kendes IP-adresse og nettleserens brukeragentstreng for \u00e5 bidra til \u00e5 oppdage s\u00f8ppelpost.<\/p>\n\n\n\n<p>En anonymisert streng opprettet fra e-postadressen din (ogs\u00e5 kalt en hash) kan bli gitt til Gravatar-tjenesten for \u00e5 sjekke om du bruker den. Gravatar-tjenestens personvernerkl\u00e6ring er tilgjengelig her: <a class=\"\" href=\"https:\/\/automattic.com\/privacy\/\">https:\/\/automattic.com\/privacy\/<\/a>. Etter at kommentaren din er godkjent, vil profilbildet ditt v\u00e6re synlig for publikum i forbindelse med kommentaren din.<\/p>\n\n\n\n<h2 class=\"wp-block-heading\" id=\"h-media\">Medier<\/h2>\n\n\n\n<p>Hvis du laster opp bilder til nettstedet, b\u00f8r du unng\u00e5 \u00e5 laste opp bilder med innebygde posisjonsdata (EXIF GPS). Bes\u00f8kende p\u00e5 nettstedet kan laste ned og hente ut lokasjonsdata fra bilder p\u00e5 nettstedet.<\/p>\n\n\n\n<h2 class=\"wp-block-heading\" id=\"h-cookies\">Informasjonskapsler<\/h2>\n\n\n\n<p>Hvis du legger igjen en kommentar p\u00e5 nettstedet v\u00e5rt, kan du velge \u00e5 lagre navn, e-postadresse og nettsted i informasjonskapsler. Dette er for \u00e5 gj\u00f8re det enklere for deg, slik at du ikke trenger \u00e5 fylle inn opplysningene dine p\u00e5 nytt n\u00e5r du legger igjen en ny kommentar. Disse informasjonskapslene vil vare i ett \u00e5r.<\/p>\n\n\n\n<p>Hvis du bes\u00f8ker innloggingssiden v\u00e5r, setter vi en midlertidig informasjonskapsel for \u00e5 finne ut om nettleseren din godtar informasjonskapsler. Denne informasjonskapselen inneholder ingen personopplysninger og slettes n\u00e5r du lukker nettleseren din.<\/p>\n\n\n\n<p>N\u00e5r du logger inn, setter vi ogs\u00e5 opp flere informasjonskapsler for \u00e5 lagre p\u00e5loggingsinformasjonen din og skjerminnstillingene dine. Informasjonskapsler for innlogging varer i to dager, og informasjonskapsler for skjermalternativer varer i ett \u00e5r. Hvis du velger \"Husk meg\", lagres p\u00e5loggingen din i to uker. Hvis du logger ut av kontoen din, fjernes innloggingsinformasjonskapslene.<\/p>\n\n\n\n<p>Hvis du redigerer eller publiserer en artikkel, lagres det en ekstra informasjonskapsel i nettleseren din. Denne informasjonskapselen inneholder ingen personopplysninger og angir bare innleggs-ID-en til artikkelen du nettopp har redigert. Den utl\u00f8per etter 1 dag.<\/p>\n\n\n\n<h2 class=\"wp-block-heading\" id=\"h-embedded-content-from-other-websites\"><strong>Innebygd innhold fra andre nettsteder<\/strong><\/h2>\n\n\n\n<p>Artikler p\u00e5 dette nettstedet kan inneholde innebygd innhold (f.eks. videoer, bilder, artikler osv.). Innebygd innhold fra andre nettsteder oppf\u00f8rer seg p\u00e5 n\u00f8yaktig samme m\u00e5te som om den bes\u00f8kende har bes\u00f8kt det andre nettstedet.<\/p>\n\n\n\n<p>Disse nettstedene kan samle inn data om deg, bruke informasjonskapsler, legge inn ekstra tredjepartssporing og overv\u00e5ke din interaksjon med det innebygde innholdet, inkludert sporing av din interaksjon hvis du har en konto og er logget inn p\u00e5 det aktuelle nettstedet.<\/p>\n\n\n\n<h2 class=\"wp-block-heading\" id=\"h-who-we-share-your-data-with\"><strong>Hvem vi deler opplysningene dine med<\/strong><\/h2>\n\n\n\n<p>Hvis du ber om \u00e5 f\u00e5 tilbakestilt passordet ditt, vil IP-adressen din bli inkludert i e-posten om tilbakestilling.<\/p>\n\n\n\n<h2 class=\"wp-block-heading\" id=\"h-how-long-we-retain-your-data\"><strong>Hvor lenge vi lagrer opplysningene dine<\/strong><\/h2>\n\n\n\n<p>Hvis du legger igjen en kommentar, blir kommentaren og dens metadata lagret p\u00e5 ubestemt tid. Dette er for at vi skal kunne gjenkjenne og godkjenne eventuelle oppf\u00f8lgingskommentarer automatisk i stedet for \u00e5 holde dem i en modereringsk\u00f8.<\/p>\n\n\n\n<p>For brukere som registrerer seg p\u00e5 nettstedet v\u00e5rt (hvis noen), lagrer vi ogs\u00e5 den personlige informasjonen de oppgir i brukerprofilen sin. Alle brukere kan n\u00e5r som helst se, redigere eller slette personopplysningene sine (bortsett fra at de ikke kan endre brukernavnet sitt). Nettstedets administratorer kan ogs\u00e5 se og redigere denne informasjonen.<\/p>\n\n\n\n<h2 class=\"wp-block-heading\" id=\"h-what-rights-you-have-over-your-data\"><strong>Hvilke rettigheter du har over dataene dine<\/strong><\/h2>\n\n\n\n<p>Hvis du har en konto p\u00e5 dette nettstedet, eller har lagt igjen kommentarer, kan du be om en eksportert fil med personopplysningene vi har om deg, inkludert eventuelle opplysninger du har gitt til oss. Du kan ogs\u00e5 be om at vi sletter alle personopplysninger vi har om deg. Dette omfatter ikke opplysninger vi er forpliktet til \u00e5 oppbevare<\/p>\n\n\n\n<h2 class=\"wp-block-heading\" id=\"h-where-your-data-is-sent\"><strong>Hvor dataene dine blir sendt<\/strong><\/h2>\n\n\n\n<p>Bes\u00f8kendes kommentarer kan bli kontrollert gjennom en automatisert tjeneste for oppdagelse av s\u00f8ppelpost.<\/p>\n\n\n\n<p><\/p>","protected":false},"excerpt":{"rendered":"<p>Who We Are Our website address is: https:\/\/uhhmami.com. Comments When visitors leave comments on the site, we collect the data shown in the comments form, as well as the visitor\u2019s IP address and browser user agent string to help detect spam. An anonymized string created from your email address (also called a hash) may be [&hellip;]<\/p>\n","protected":false},"author":1,"featured_media":0,"parent":0,"menu_order":0,"comment_status":"closed","ping_status":"open","template":"","meta":{"iawp_total_views":316,"footnotes":""},"class_list":["post-3","page","type-page","status-publish","hentry"],"yoast_head":"<!-- This site is optimized with the Yoast SEO Premium plugin v27.2 (Yoast SEO v27.5) - https:\/\/yoast.com\/product\/yoast-seo-premium-wordpress\/ -->\n<title>Privacy Policy | Uhhmami \u2013 Your Data, Your Trust<\/title>\n<meta name=\"description\" content=\"Learn how Uhhmami protects your personal information. Our Privacy Policy explains data collection, usage, and security practices to ensure your shopping\" \/>\n<meta name=\"robots\" content=\"index, follow, max-snippet:-1, max-image-preview:large, max-video-preview:-1\" \/>\n<link rel=\"canonical\" href=\"https:\/\/uhhmami.com\/nb\/privatlivspolitikk\/?wmc-currency=EUR\" \/>\n<meta property=\"og:locale\" content=\"nb_NO\" \/>\n<meta property=\"og:type\" content=\"article\" \/>\n<meta property=\"og:title\" content=\"Privacy Policy\" \/>\n<meta property=\"og:description\" content=\"Learn how Uhhmami protects your personal information. Our Privacy Policy explains data collection, usage, and security practices to ensure your shopping\" \/>\n<meta property=\"og:url\" content=\"https:\/\/uhhmami.com\/nb\/privatlivspolitikk\/?wmc-currency=EUR\" \/>\n<meta property=\"og:site_name\" content=\"uhhmami\" \/>\n<meta property=\"article:publisher\" content=\"https:\/\/www.facebook.com\/profile.php?id=61555778644895\" \/>\n<meta property=\"article:modified_time\" content=\"2026-01-19T14:54:40+00:00\" \/>\n<meta name=\"twitter:card\" content=\"summary_large_image\" \/>\n<meta name=\"twitter:label1\" content=\"Ansl. lesetid\" \/>\n\t<meta name=\"twitter:data1\" content=\"3 minutter\" \/>\n<script type=\"application\/ld+json\" class=\"yoast-schema-graph\">{\"@context\":\"https:\\\/\\\/schema.org\",\"@graph\":[{\"@type\":\"WebPage\",\"@id\":\"https:\\\/\\\/uhhmami.com\\\/privatlivspolitik\\\/\",\"url\":\"https:\\\/\\\/uhhmami.com\\\/privatlivspolitik\\\/\",\"name\":\"Privacy Policy | Uhhmami \u2013 Your Data, Your Trust\",\"isPartOf\":{\"@id\":\"https:\\\/\\\/uhhmami.com\\\/#website\"},\"datePublished\":\"2023-12-19T12:48:06+00:00\",\"dateModified\":\"2026-01-19T14:54:40+00:00\",\"description\":\"Learn how Uhhmami protects your personal information. Our Privacy Policy explains data collection, usage, and security practices to ensure your shopping\",\"breadcrumb\":{\"@id\":\"https:\\\/\\\/uhhmami.com\\\/privatlivspolitik\\\/#breadcrumb\"},\"inLanguage\":\"nb-NO\",\"potentialAction\":[{\"@type\":\"ReadAction\",\"target\":[\"https:\\\/\\\/uhhmami.com\\\/privatlivspolitik\\\/\"]}]},{\"@type\":\"BreadcrumbList\",\"@id\":\"https:\\\/\\\/uhhmami.com\\\/privatlivspolitik\\\/#breadcrumb\",\"itemListElement\":[{\"@type\":\"ListItem\",\"position\":1,\"name\":\"Home\",\"item\":\"https:\\\/\\\/uhhmami.com\\\/\"},{\"@type\":\"ListItem\",\"position\":2,\"name\":\"Privacy Policy\"}]},{\"@type\":\"WebSite\",\"@id\":\"https:\\\/\\\/uhhmami.com\\\/#website\",\"url\":\"https:\\\/\\\/uhhmami.com\\\/\",\"name\":\"uhhmami\",\"description\":\"\",\"publisher\":{\"@id\":\"https:\\\/\\\/uhhmami.com\\\/#organization\"},\"potentialAction\":[{\"@type\":\"SearchAction\",\"target\":{\"@type\":\"EntryPoint\",\"urlTemplate\":\"https:\\\/\\\/uhhmami.com\\\/?s={search_term_string}\"},\"query-input\":{\"@type\":\"PropertyValueSpecification\",\"valueRequired\":true,\"valueName\":\"search_term_string\"}}],\"inLanguage\":\"nb-NO\"},{\"@type\":\"Organization\",\"@id\":\"https:\\\/\\\/uhhmami.com\\\/#organization\",\"name\":\"uhhmami\",\"alternateName\":\"Uhh-mami\",\"url\":\"https:\\\/\\\/uhhmami.com\\\/\",\"logo\":{\"@type\":\"ImageObject\",\"inLanguage\":\"nb-NO\",\"@id\":\"https:\\\/\\\/uhhmami.com\\\/#\\\/schema\\\/logo\\\/image\\\/\",\"url\":\"https:\\\/\\\/zwthke5j.photoncache.com\\\/wp-content\\\/uploads\\\/2025\\\/06\\\/Logo-sort-svg.svg\",\"contentUrl\":\"https:\\\/\\\/zwthke5j.photoncache.com\\\/wp-content\\\/uploads\\\/2025\\\/06\\\/Logo-sort-svg.svg\",\"caption\":\"uhhmami\"},\"image\":{\"@id\":\"https:\\\/\\\/uhhmami.com\\\/#\\\/schema\\\/logo\\\/image\\\/\"},\"sameAs\":[\"https:\\\/\\\/www.facebook.com\\\/profile.php?id=61555778644895\",\"https:\\\/\\\/www.instagram.com\\\/uhhmami_official\\\/\"],\"description\":\"About Uhhmami \u2013 Pure flavour, Easy to Use, and Sustainable At Uhhmami, we make it easy to create delicious meals with clean, sustainable ingredients. Our mission is to rethink cooking by offering simple solutions that add depth and richness to your dishes\u2014without compromising on quality or sustainability. Our Philosophy: flavour and Sustainability in Harmony We believe great food starts with great ingredients. That\u2019s why we develop natural, fermented flavour enhancers that bring out umami and simplify your cooking. With Uhhmami, you can easily add restaurant-quality taste to soups, sauces, and vegetable dishes in seconds. Why Choose Uhhmami? \u2705 Pure flavour: Made from carefully selected, natural ingredients with no additives. \u2705 Easy to use: A small amount instantly elevates your dish. \u2705 A sustainable choice: Less food waste and a lower carbon footprint than traditional bouillons. \u2705 High quality: Developed by Michelin-star chef Frank Lantz for the best taste experience. Take a step toward a greener, more flavourful future\u2014one dish at a time. Visit Uhhmami.com to discover how easy it is to cook with depth and richness!\",\"legalName\":\"Uhhmami\",\"foundingDate\":\"2022-10-01\",\"numberOfEmployees\":{\"@type\":\"QuantitativeValue\",\"minValue\":\"1\",\"maxValue\":\"10\"}}]}<\/script>\n<!-- \/ Yoast SEO Premium plugin. -->","yoast_head_json":{"title":"Personvern | Uhhmami - Dine data, din tillit","description":"Finn ut hvordan Uhhmami beskytter personopplysningene dine. V\u00e5r personvernerkl\u00e6ring forklarer datainnsamling, bruk og sikkerhetspraksis for \u00e5 sikre at din shopping","robots":{"index":"index","follow":"follow","max-snippet":"max-snippet:-1","max-image-preview":"max-image-preview:large","max-video-preview":"max-video-preview:-1"},"canonical":"https:\/\/uhhmami.com\/nb\/privatlivspolitikk\/?wmc-currency=EUR","og_locale":"nb_NO","og_type":"article","og_title":"Privacy Policy","og_description":"Learn how Uhhmami protects your personal information. Our Privacy Policy explains data collection, usage, and security practices to ensure your shopping","og_url":"https:\/\/uhhmami.com\/nb\/privatlivspolitikk\/?wmc-currency=EUR","og_site_name":"uhhmami","article_publisher":"https:\/\/www.facebook.com\/profile.php?id=61555778644895","article_modified_time":"2026-01-19T14:54:40+00:00","twitter_card":"summary_large_image","twitter_misc":{"Ansl. lesetid":"3 minutter"},"schema":{"@context":"https:\/\/schema.org","@graph":[{"@type":"WebPage","@id":"https:\/\/uhhmami.com\/privatlivspolitik\/","url":"https:\/\/uhhmami.com\/privatlivspolitik\/","name":"Personvern | Uhhmami - Dine data, din tillit","isPartOf":{"@id":"https:\/\/uhhmami.com\/#website"},"datePublished":"2023-12-19T12:48:06+00:00","dateModified":"2026-01-19T14:54:40+00:00","description":"Finn ut hvordan Uhhmami beskytter personopplysningene dine. V\u00e5r personvernerkl\u00e6ring forklarer datainnsamling, bruk og sikkerhetspraksis for \u00e5 sikre at din shopping","breadcrumb":{"@id":"https:\/\/uhhmami.com\/privatlivspolitik\/#breadcrumb"},"inLanguage":"nb-NO","potentialAction":[{"@type":"ReadAction","target":["https:\/\/uhhmami.com\/privatlivspolitik\/"]}]},{"@type":"BreadcrumbList","@id":"https:\/\/uhhmami.com\/privatlivspolitik\/#breadcrumb","itemListElement":[{"@type":"ListItem","position":1,"name":"Home","item":"https:\/\/uhhmami.com\/"},{"@type":"ListItem","position":2,"name":"Privacy Policy"}]},{"@type":"WebSite","@id":"https:\/\/uhhmami.com\/#website","url":"https:\/\/uhhmami.com\/","name":"uhhmami","description":"","publisher":{"@id":"https:\/\/uhhmami.com\/#organization"},"potentialAction":[{"@type":"SearchAction","target":{"@type":"EntryPoint","urlTemplate":"https:\/\/uhhmami.com\/?s={search_term_string}"},"query-input":{"@type":"PropertyValueSpecification","valueRequired":true,"valueName":"search_term_string"}}],"inLanguage":"nb-NO"},{"@type":"Organization","@id":"https:\/\/uhhmami.com\/#organization","name":"uhhmami","alternateName":"Uhh-mami","url":"https:\/\/uhhmami.com\/","logo":{"@type":"ImageObject","inLanguage":"nb-NO","@id":"https:\/\/uhhmami.com\/#\/schema\/logo\/image\/","url":"https:\/\/zwthke5j.photoncache.com\/wp-content\/uploads\/2025\/06\/Logo-sort-svg.svg","contentUrl":"https:\/\/zwthke5j.photoncache.com\/wp-content\/uploads\/2025\/06\/Logo-sort-svg.svg","caption":"uhhmami"},"image":{"@id":"https:\/\/uhhmami.com\/#\/schema\/logo\/image\/"},"sameAs":["https:\/\/www.facebook.com\/profile.php?id=61555778644895","https:\/\/www.instagram.com\/uhhmami_official\/"],"description":"Om Uhhmami - Ren smak, enkel \u00e5 bruke og b\u00e6rekraftig Hos Uhhmami gj\u00f8r vi det enkelt \u00e5 lage deilige m\u00e5ltider med rene, b\u00e6rekraftige ingredienser. V\u00e5r misjon er \u00e5 tenke nytt om matlaging ved \u00e5 tilby enkle l\u00f8sninger som gir dybde og rikdom til rettene dine - uten \u00e5 g\u00e5 p\u00e5 kompromiss med kvalitet eller b\u00e6rekraft. V\u00e5r filosofi: Smak og b\u00e6rekraft i harmoni Vi mener at god mat starter med gode ingredienser. Derfor utvikler vi naturlige, fermenterte smaksforsterkere som fremhever umami og forenkler matlagingen. Med Uhhmami kan du enkelt gi supper, sauser og gr\u00f8nnsaksretter smak av restaurantkvalitet p\u00e5 f\u00e5 sekunder. Hvorfor velge Uhhmami? \u2705 Ren smak: Laget av n\u00f8ye utvalgte, naturlige ingredienser uten tilsetningsstoffer. \u2705 Enkel \u00e5 bruke: En liten mengde l\u00f8fter retten din umiddelbart. \u2705 Et b\u00e6rekraftig valg: Mindre matsvinn og lavere karbonavtrykk enn tradisjonelle bouilloner. \u2705 H\u00f8y kvalitet: Utviklet av Michelin-stjernekokken Frank Lantz for den beste smaksopplevelsen. Ta et skritt mot en gr\u00f8nnere og mer smakfull fremtid - \u00e9n rett om gangen. Bes\u00f8k Uhhmami.com for \u00e5 oppdage hvor enkelt det er \u00e5 lage mat med dybde og rikdom!","legalName":"Uhhmami","foundingDate":"2022-10-01","numberOfEmployees":{"@type":"QuantitativeValue","minValue":"1","maxValue":"10"}}]}},"jetpack_sharing_enabled":true,"_links":{"self":[{"href":"https:\/\/uhhmami.com\/nb\/wp-json\/wp\/v2\/pages\/3","targetHints":{"allow":["GET"]}}],"collection":[{"href":"https:\/\/uhhmami.com\/nb\/wp-json\/wp\/v2\/pages"}],"about":[{"href":"https:\/\/uhhmami.com\/nb\/wp-json\/wp\/v2\/types\/page"}],"author":[{"embeddable":true,"href":"https:\/\/uhhmami.com\/nb\/wp-json\/wp\/v2\/users\/1"}],"replies":[{"embeddable":true,"href":"https:\/\/uhhmami.com\/nb\/wp-json\/wp\/v2\/comments?post=3"}],"version-history":[{"count":2,"href":"https:\/\/uhhmami.com\/nb\/wp-json\/wp\/v2\/pages\/3\/revisions"}],"predecessor-version":[{"id":8737,"href":"https:\/\/uhhmami.com\/nb\/wp-json\/wp\/v2\/pages\/3\/revisions\/8737"}],"wp:attachment":[{"href":"https:\/\/uhhmami.com\/nb\/wp-json\/wp\/v2\/media?parent=3"}],"curies":[{"name":"wp","href":"https:\/\/api.w.org\/{rel}","templated":true}]}}