{"id":275,"date":"2023-12-22T08:57:36","date_gmt":"2023-12-22T07:57:36","guid":{"rendered":"https:\/\/uhhmami.test\/kurv\/"},"modified":"2026-01-19T15:51:57","modified_gmt":"2026-01-19T14:51:57","slug":"vogn","status":"publish","type":"page","link":"https:\/\/uhhmami.com\/nb\/cart\/","title":{"rendered":"Kurv"},"content":{"rendered":"<div data-block-name=\"woocommerce\/cart\" class=\"wp-block-woocommerce-cart alignwide is-loading\"><div class=\"wdp-cart-block-notice-wrapper\"><\/div>\n<div data-block-name=\"woocommerce\/filled-cart-block\" class=\"wp-block-woocommerce-filled-cart-block\">\n<div data-block-name=\"woocommerce\/cart-items-block\" class=\"wp-block-woocommerce-cart-items-block\">\n<div data-block-name=\"woocommerce\/cart-line-items-block\" class=\"wp-block-woocommerce-cart-line-items-block\"><\/div>\n<\/div>\n\n\n\n<div data-block-name=\"woocommerce\/cart-totals-block\" class=\"wp-block-woocommerce-cart-totals-block\">\n<div data-block-name=\"woocommerce\/cart-order-summary-block\" class=\"wp-block-woocommerce-cart-order-summary-block\">\n<div data-block-name=\"woocommerce\/cart-order-summary-heading-block\" class=\"wp-block-woocommerce-cart-order-summary-heading-block\"><\/div>\n\n\n\n<div data-block-name=\"woocommerce\/cart-order-summary-coupon-form-block\" class=\"wp-block-woocommerce-cart-order-summary-coupon-form-block\"><\/div>\n\n\n\n<div data-block-name=\"woocommerce\/cart-order-summary-totals-block\" class=\"wp-block-woocommerce-cart-order-summary-totals-block\">\n<div data-block-name=\"woocommerce\/cart-order-summary-subtotal-block\" class=\"wp-block-woocommerce-cart-order-summary-subtotal-block\"><\/div>\n\n\n\n<div data-block-name=\"woocommerce\/cart-order-summary-fee-block\" class=\"wp-block-woocommerce-cart-order-summary-fee-block\"><\/div>\n\n\n\n<div data-block-name=\"woocommerce\/cart-order-summary-discount-block\" class=\"wp-block-woocommerce-cart-order-summary-discount-block\"><\/div>\n\n\n\n<div data-block-name=\"woocommerce\/cart-order-summary-shipping-block\" class=\"wp-block-woocommerce-cart-order-summary-shipping-block\"><\/div>\n\n\n\n<div data-block-name=\"woocommerce\/cart-order-summary-taxes-block\" class=\"wp-block-woocommerce-cart-order-summary-taxes-block\"><\/div>\n<\/div>\n<\/div>\n\n\n\n<div data-block-name=\"woocommerce\/cart-express-payment-block\" class=\"wp-block-woocommerce-cart-express-payment-block\"><\/div>\n\n\n\n<div data-block-name=\"woocommerce\/proceed-to-checkout-block\" class=\"wp-block-woocommerce-proceed-to-checkout-block\"><\/div>\n\n\n\n<div data-block-name=\"woocommerce\/cart-accepted-payment-methods-block\" class=\"wp-block-woocommerce-cart-accepted-payment-methods-block\"><\/div>\n<\/div>\n<\/div>\n\n\n\n<div data-block-name=\"woocommerce\/empty-cart-block\" class=\"wp-block-woocommerce-empty-cart-block\">\n<h2 class=\"wp-block-heading has-text-align-center with-empty-cart-icon wc-block-cart__empty-cart__title\" id=\"h-din-kurv-er-lige-nu-tom\">Din kurv er lige nu tom!<\/h2>\n\n\n\n<hr class=\"wp-block-separator has-alpha-channel-opacity is-style-dots\"\/>\n\n\n\n<h2 class=\"wp-block-heading has-text-align-center\" id=\"h-ny-i-webshop\">Ny i nettbutikk<\/h2>\n\n\n<div data-block-name=\"woocommerce\/product-new\" data-columns=\"4\" data-rows=\"1\" class=\"wc-block-grid wp-block-product-new wp-block-woocommerce-product-new wc-block-product-new has-4-columns\"><ul class=\"wc-block-grid__products\"><li class=\"wc-block-grid__product\"><span class=\"gtm4wp_productdata\" style=\"display:none; visibility:hidden;\" data-gtm4wp_product_data=\"{&quot;internal_id&quot;:11051,&quot;item_id&quot;:11051,&quot;item_name&quot;:&quot;MIX Bundles Easy Meals&quot;,&quot;sku&quot;:&quot;1900080&quot;,&quot;price&quot;:36,&quot;stocklevel&quot;:null,&quot;stockstatus&quot;:&quot;instock&quot;,&quot;google_business_vertical&quot;:&quot;retail&quot;,&quot;item_category&quot;:&quot;Easy Meals&quot;,&quot;id&quot;:11051,&quot;productlink&quot;:&quot;https:\\\/\\\/uhhmami.com\\\/nb\\\/product\\\/bundle-easymeal\\\/&quot;,&quot;item_list_name&quot;:&quot;General Product List&quot;,&quot;index&quot;:0,&quot;product_type&quot;:&quot;variable&quot;,&quot;item_brand&quot;:&quot;&quot;}\"><\/span>\n\t\t\t\t<a href=\"https:\/\/uhhmami.com\/nb\/product\/bundle-easymeal\/\" class=\"wc-block-grid__product-link\">\n\t\t\t\t\t<div class=\"wc-block-grid__product-onsale\">\n\t\t\t<span aria-hidden=\"true\" data-no-translation=\"\" data-trp-gettext=\"\">Salg<\/span>\n\t\t\t<span class=\"screen-reader-text\" data-no-translation=\"\" data-trp-gettext=\"\">Produkt p\u00e5 salg<\/span>\n\t\t<\/div>\n\t\t\t\t\t<div class=\"wc-block-grid__product-image\"><img decoding=\"async\" width=\"300\" height=\"300\" src=\"https:\/\/zwthke5j.photoncache.com\/wp-content\/uploads\/2025\/09\/Easy-Meals-1-1-300x300.png\" class=\"attachment-woocommerce_thumbnail size-woocommerce_thumbnail\" alt=\"5-pakningspakke\" srcset=\"https:\/\/zwthke5j.photoncache.com\/wp-content\/uploads\/2025\/09\/Easy-Meals-1-1-300x300.png 300w, https:\/\/zwthke5j.photoncache.com\/wp-content\/uploads\/2025\/09\/Easy-Meals-1-1-1024x1024.png 1024w, https:\/\/zwthke5j.photoncache.com\/wp-content\/uploads\/2025\/09\/Easy-Meals-1-1-150x150.png 150w, https:\/\/zwthke5j.photoncache.com\/wp-content\/uploads\/2025\/09\/Easy-Meals-1-1-768x768.png 768w, https:\/\/zwthke5j.photoncache.com\/wp-content\/uploads\/2025\/09\/Easy-Meals-1-1-12x12.png 12w, https:\/\/zwthke5j.photoncache.com\/wp-content\/uploads\/2025\/09\/Easy-Meals-1-1-60x60.png 60w, https:\/\/zwthke5j.photoncache.com\/wp-content\/uploads\/2025\/09\/Easy-Meals-1-1-100x100.png 100w, https:\/\/zwthke5j.photoncache.com\/wp-content\/uploads\/2025\/09\/Easy-Meals-1-1-600x600.png 600w, https:\/\/zwthke5j.photoncache.com\/wp-content\/uploads\/2025\/09\/Easy-Meals-1-1.png 1500w\" sizes=\"(max-width: 300px) 100vw, 300px\" \/><\/div>\n\t\t\t\t\t<div class=\"wc-block-grid__product-title\">MIX Bundles Enkle m\u00e5ltider<\/div>\n\t\t\t\t<\/a>\n\t\t\t\t<div class=\"wc-block-grid__product-price price\"><span class=\"woocommerce-Price-amount amount\"><span class=\"woocommerce-Price-currencySymbol\">&euro;<\/span>&nbsp;36,00<\/span> <span aria-hidden=\"true\">&#8211;<\/span> <span class=\"woocommerce-Price-amount amount\"><span class=\"woocommerce-Price-currencySymbol\">&euro;<\/span>&nbsp;128,00<\/span><span class=\"screen-reader-text\" data-no-translation=\"\" data-trp-gettext=\"\">Prisomr\u00e5de: &euro;&nbsp;36,00 til og med &euro;&nbsp;128,00<\/span><\/div>\n\t\t\t\t\n\t\t\t\t<div class=\"wp-block-button wc-block-grid__product-add-to-cart\"><a href=\"https:\/\/uhhmami.com\/nb\/product\/bundle-easymeal\/\" aria-label=\"Velg alternativer for &quot;MIX Bundles Easy Meals&quot;\" data-quantity=\"1\" data-product_id=\"11051\" data-product_sku=\"1900080\" data-price=\"36\" rel=\"nofollow\" class=\"wp-block-button__link wp-element-button add_to_cart_button\" data-no-translation=\"\" data-trp-gettext=\"\" data-no-translation-aria-label=\"\">Kj\u00f8p<\/a><\/div>\n\t\t\t<\/li><li class=\"wc-block-grid__product\"><span class=\"gtm4wp_productdata\" style=\"display:none; visibility:hidden;\" data-gtm4wp_product_data=\"{&quot;internal_id&quot;:9208,&quot;item_id&quot;:9208,&quot;item_name&quot;:&quot;Bolo Kit - 4 meals&quot;,&quot;sku&quot;:&quot;3400080&quot;,&quot;price&quot;:8,&quot;stocklevel&quot;:null,&quot;stockstatus&quot;:&quot;instock&quot;,&quot;google_business_vertical&quot;:&quot;retail&quot;,&quot;item_category&quot;:&quot;All products&quot;,&quot;id&quot;:9208,&quot;productlink&quot;:&quot;https:\\\/\\\/uhhmami.com\\\/nb\\\/product\\\/bolo-kit\\\/&quot;,&quot;item_list_name&quot;:&quot;General Product List&quot;,&quot;index&quot;:0,&quot;product_type&quot;:&quot;simple&quot;,&quot;item_brand&quot;:&quot;&quot;}\"><\/span>\n\t\t\t\t<a href=\"https:\/\/uhhmami.com\/nb\/product\/bolo-kit\/\" class=\"wc-block-grid__product-link\">\n\t\t\t\t\t\n\t\t\t\t\t<div class=\"wc-block-grid__product-image\"><img decoding=\"async\" width=\"300\" height=\"464\" src=\"https:\/\/zwthke5j.photoncache.com\/wp-content\/uploads\/2025\/08\/Bolo-Kit-300x464.png\" class=\"attachment-woocommerce_thumbnail size-woocommerce_thumbnail\" alt=\"R\u00f8d emballasje for et \u00f8kologisk bolognese-kit fra Uhmmami, som viser frem b\u00e6rekraftig, resirkulert protein. Bolle med bolognese med synlige urter.\" srcset=\"https:\/\/zwthke5j.photoncache.com\/wp-content\/uploads\/2025\/08\/Bolo-Kit-300x464.png 300w, https:\/\/zwthke5j.photoncache.com\/wp-content\/uploads\/2025\/08\/Bolo-Kit-194x300.png 194w, https:\/\/zwthke5j.photoncache.com\/wp-content\/uploads\/2025\/08\/Bolo-Kit-662x1024.png 662w, https:\/\/zwthke5j.photoncache.com\/wp-content\/uploads\/2025\/08\/Bolo-Kit-768x1188.png 768w, https:\/\/zwthke5j.photoncache.com\/wp-content\/uploads\/2025\/08\/Bolo-Kit-993x1536.png 993w, https:\/\/zwthke5j.photoncache.com\/wp-content\/uploads\/2025\/08\/Bolo-Kit-1324x2048.png 1324w, https:\/\/zwthke5j.photoncache.com\/wp-content\/uploads\/2025\/08\/Bolo-Kit-8x12.png 8w, https:\/\/zwthke5j.photoncache.com\/wp-content\/uploads\/2025\/08\/Bolo-Kit-39x60.png 39w, https:\/\/zwthke5j.photoncache.com\/wp-content\/uploads\/2025\/08\/Bolo-Kit-65x100.png 65w, https:\/\/zwthke5j.photoncache.com\/wp-content\/uploads\/2025\/08\/Bolo-Kit-600x928.png 600w, https:\/\/zwthke5j.photoncache.com\/wp-content\/uploads\/2025\/08\/Bolo-Kit-scaled.png 1655w\" sizes=\"(max-width: 300px) 100vw, 300px\" \/><\/div>\n\t\t\t\t\t<div class=\"wc-block-grid__product-title\">Bolo Kit - 4 m\u00e5ltider<\/div>\n\t\t\t\t<\/a>\n\t\t\t\t<div class=\"wc-block-grid__product-price price\"><span class=\"woocommerce-Price-amount amount\"><span class=\"woocommerce-Price-currencySymbol\">\u20ac<\/span>&nbsp;8,00<\/span><\/div>\n\t\t\t\t\n\t\t\t\t<div class=\"wp-block-button wc-block-grid__product-add-to-cart\"><a href=\"\/nb\/wp-json\/wp\/v2\/pages\/275?add-to-cart=9208\" aria-label=\"L\u00e6g i kurv: \u201cBolo Kit - 4 meals\u201d\" data-quantity=\"1\" data-product_id=\"9208\" data-product_sku=\"3400080\" data-price=\"8\" rel=\"nofollow\" class=\"wp-block-button__link wp-element-button add_to_cart_button ajax_add_to_cart\" data-no-translation=\"\" data-trp-gettext=\"\" data-no-translation-aria-label=\"\">Kj\u00f8p<\/a><\/div>\n\t\t\t<\/li><li class=\"wc-block-grid__product\"><span class=\"gtm4wp_productdata\" style=\"display:none; visibility:hidden;\" data-gtm4wp_product_data=\"{&quot;internal_id&quot;:9263,&quot;item_id&quot;:9263,&quot;item_name&quot;:&quot;Mexi Kit - 4 meals&quot;,&quot;sku&quot;:&quot;3100080&quot;,&quot;price&quot;:8,&quot;stocklevel&quot;:null,&quot;stockstatus&quot;:&quot;instock&quot;,&quot;google_business_vertical&quot;:&quot;retail&quot;,&quot;item_category&quot;:&quot;All products&quot;,&quot;id&quot;:9263,&quot;productlink&quot;:&quot;https:\\\/\\\/uhhmami.com\\\/nb\\\/product\\\/mexi-kit\\\/&quot;,&quot;item_list_name&quot;:&quot;General Product List&quot;,&quot;index&quot;:0,&quot;product_type&quot;:&quot;simple&quot;,&quot;item_brand&quot;:&quot;&quot;}\"><\/span>\n\t\t\t\t<a href=\"https:\/\/uhhmami.com\/nb\/product\/mexi-kit\/\" class=\"wc-block-grid__product-link\">\n\t\t\t\t\t\n\t\t\t\t\t<div class=\"wc-block-grid__product-image\"><img decoding=\"async\" width=\"300\" height=\"464\" src=\"https:\/\/zwthke5j.photoncache.com\/wp-content\/uploads\/2025\/08\/Mexi-Kit-300x464.png\" class=\"attachment-woocommerce_thumbnail size-woocommerce_thumbnail\" alt=\"Gr\u00f8nn emballasje av et \u00f8kologisk Mexi-kit med en bolle med bolognese, persillegarnityr og tekst som fremhever proteininnhold og b\u00e6rekraft.\" srcset=\"https:\/\/zwthke5j.photoncache.com\/wp-content\/uploads\/2025\/08\/Mexi-Kit-300x464.png 300w, https:\/\/zwthke5j.photoncache.com\/wp-content\/uploads\/2025\/08\/Mexi-Kit-194x300.png 194w, https:\/\/zwthke5j.photoncache.com\/wp-content\/uploads\/2025\/08\/Mexi-Kit-662x1024.png 662w, https:\/\/zwthke5j.photoncache.com\/wp-content\/uploads\/2025\/08\/Mexi-Kit-768x1188.png 768w, https:\/\/zwthke5j.photoncache.com\/wp-content\/uploads\/2025\/08\/Mexi-Kit-993x1536.png 993w, https:\/\/zwthke5j.photoncache.com\/wp-content\/uploads\/2025\/08\/Mexi-Kit-1324x2048.png 1324w, https:\/\/zwthke5j.photoncache.com\/wp-content\/uploads\/2025\/08\/Mexi-Kit-8x12.png 8w, https:\/\/zwthke5j.photoncache.com\/wp-content\/uploads\/2025\/08\/Mexi-Kit-39x60.png 39w, https:\/\/zwthke5j.photoncache.com\/wp-content\/uploads\/2025\/08\/Mexi-Kit-65x100.png 65w, https:\/\/zwthke5j.photoncache.com\/wp-content\/uploads\/2025\/08\/Mexi-Kit-600x928.png 600w, https:\/\/zwthke5j.photoncache.com\/wp-content\/uploads\/2025\/08\/Mexi-Kit-scaled.png 1655w\" sizes=\"(max-width: 300px) 100vw, 300px\" \/><\/div>\n\t\t\t\t\t<div class=\"wc-block-grid__product-title\">Mexi Kit - 4 m\u00e5ltider<\/div>\n\t\t\t\t<\/a>\n\t\t\t\t<div class=\"wc-block-grid__product-price price\"><span class=\"woocommerce-Price-amount amount\"><span class=\"woocommerce-Price-currencySymbol\">\u20ac<\/span>&nbsp;8,00<\/span><\/div>\n\t\t\t\t\n\t\t\t\t<div class=\"wp-block-button wc-block-grid__product-add-to-cart\"><a href=\"\/nb\/wp-json\/wp\/v2\/pages\/275?add-to-cart=9263\" aria-label=\"L\u00e6g i kurv: \u201cMexi Kit - 4 meals\u201d\" data-quantity=\"1\" data-product_id=\"9263\" data-product_sku=\"3100080\" data-price=\"8\" rel=\"nofollow\" class=\"wp-block-button__link wp-element-button add_to_cart_button ajax_add_to_cart\" data-no-translation=\"\" data-trp-gettext=\"\" data-no-translation-aria-label=\"\">Kj\u00f8p<\/a><\/div>\n\t\t\t<\/li><li class=\"wc-block-grid__product\"><span class=\"gtm4wp_productdata\" style=\"display:none; visibility:hidden;\" data-gtm4wp_product_data=\"{&quot;internal_id&quot;:9261,&quot;item_id&quot;:9261,&quot;item_name&quot;:&quot;Goulash Kit - 4 meals&quot;,&quot;sku&quot;:&quot;3200080&quot;,&quot;price&quot;:8,&quot;stocklevel&quot;:null,&quot;stockstatus&quot;:&quot;instock&quot;,&quot;google_business_vertical&quot;:&quot;retail&quot;,&quot;item_category&quot;:&quot;All products&quot;,&quot;id&quot;:9261,&quot;productlink&quot;:&quot;https:\\\/\\\/uhhmami.com\\\/nb\\\/product\\\/goulash-kit\\\/&quot;,&quot;item_list_name&quot;:&quot;General Product List&quot;,&quot;index&quot;:0,&quot;product_type&quot;:&quot;simple&quot;,&quot;item_brand&quot;:&quot;&quot;}\"><\/span>\n\t\t\t\t<a href=\"https:\/\/uhhmami.com\/nb\/product\/goulash-kit\/\" class=\"wc-block-grid__product-link\">\n\t\t\t\t\t\n\t\t\t\t\t<div class=\"wc-block-grid__product-image\"><img decoding=\"async\" width=\"300\" height=\"464\" src=\"https:\/\/zwthke5j.photoncache.com\/wp-content\/uploads\/2025\/08\/Goulash-Kit-300x464.png\" class=\"attachment-woocommerce_thumbnail size-woocommerce_thumbnail\" alt=\"Emballasje til et \u00f8kologisk gulasj-sett med resirkulert protein. Inneholder bilde av m\u00e5ltidet med saus og persille, merket som proteinrikt og milj\u00f8vennlig.\" srcset=\"https:\/\/zwthke5j.photoncache.com\/wp-content\/uploads\/2025\/08\/Goulash-Kit-300x464.png 300w, https:\/\/zwthke5j.photoncache.com\/wp-content\/uploads\/2025\/08\/Goulash-Kit-194x300.png 194w, https:\/\/zwthke5j.photoncache.com\/wp-content\/uploads\/2025\/08\/Goulash-Kit-662x1024.png 662w, https:\/\/zwthke5j.photoncache.com\/wp-content\/uploads\/2025\/08\/Goulash-Kit-768x1188.png 768w, https:\/\/zwthke5j.photoncache.com\/wp-content\/uploads\/2025\/08\/Goulash-Kit-993x1536.png 993w, https:\/\/zwthke5j.photoncache.com\/wp-content\/uploads\/2025\/08\/Goulash-Kit-1324x2048.png 1324w, https:\/\/zwthke5j.photoncache.com\/wp-content\/uploads\/2025\/08\/Goulash-Kit-8x12.png 8w, https:\/\/zwthke5j.photoncache.com\/wp-content\/uploads\/2025\/08\/Goulash-Kit-39x60.png 39w, https:\/\/zwthke5j.photoncache.com\/wp-content\/uploads\/2025\/08\/Goulash-Kit-65x100.png 65w, https:\/\/zwthke5j.photoncache.com\/wp-content\/uploads\/2025\/08\/Goulash-Kit-600x928.png 600w, https:\/\/zwthke5j.photoncache.com\/wp-content\/uploads\/2025\/08\/Goulash-Kit-scaled.png 1655w\" sizes=\"(max-width: 300px) 100vw, 300px\" \/><\/div>\n\t\t\t\t\t<div class=\"wc-block-grid__product-title\">Gulasjpakke - 4 m\u00e5ltider<\/div>\n\t\t\t\t<\/a>\n\t\t\t\t<div class=\"wc-block-grid__product-price price\"><span class=\"woocommerce-Price-amount amount\"><span class=\"woocommerce-Price-currencySymbol\">\u20ac<\/span>&nbsp;8,00<\/span><\/div>\n\t\t\t\t\n\t\t\t\t<div class=\"wp-block-button wc-block-grid__product-add-to-cart\"><a href=\"\/nb\/wp-json\/wp\/v2\/pages\/275?add-to-cart=9261\" aria-label=\"L\u00e6g i kurv: \u201cGoulash Kit - 4 meals\u201d\" data-quantity=\"1\" data-product_id=\"9261\" data-product_sku=\"3200080\" data-price=\"8\" rel=\"nofollow\" class=\"wp-block-button__link wp-element-button add_to_cart_button ajax_add_to_cart\" data-no-translation=\"\" data-trp-gettext=\"\" data-no-translation-aria-label=\"\">Kj\u00f8p<\/a><\/div>\n\t\t\t<\/li><\/ul><\/div><\/div>\n<\/div>","protected":false},"excerpt":{"rendered":"","protected":false},"author":1,"featured_media":0,"parent":0,"menu_order":0,"comment_status":"closed","ping_status":"closed","template":"","meta":{"iawp_total_views":646,"footnotes":""},"class_list":["post-275","page","type-page","status-publish","hentry"],"yoast_head":"<!-- This site is optimized with the Yoast SEO Premium plugin v27.2 (Yoast SEO v27.5) - https:\/\/yoast.com\/product\/yoast-seo-premium-wordpress\/ -->\n<title>Kurv - uhhmami<\/title>\n<meta name=\"description\" content=\"Kurve by Uhhmami a unique plant-based flavor journey that blends innovation, taste, and sustainability. Explore bold creations designed\" \/>\n<meta name=\"robots\" content=\"index, follow, max-snippet:-1, max-image-preview:large, max-video-preview:-1\" \/>\n<link rel=\"canonical\" href=\"https:\/\/uhhmami.com\/nb\/vogn\/?wmc-currency=EUR\" \/>\n<meta property=\"og:locale\" content=\"nb_NO\" \/>\n<meta property=\"og:type\" content=\"article\" \/>\n<meta property=\"og:title\" content=\"Kurv\" \/>\n<meta property=\"og:description\" content=\"Kurve by Uhhmami a unique plant-based flavor journey that blends innovation, taste, and sustainability. Explore bold creations designed\" \/>\n<meta property=\"og:url\" content=\"https:\/\/uhhmami.com\/nb\/vogn\/?wmc-currency=EUR\" \/>\n<meta property=\"og:site_name\" content=\"uhhmami\" \/>\n<meta property=\"article:publisher\" content=\"https:\/\/www.facebook.com\/profile.php?id=61555778644895\" \/>\n<meta property=\"article:modified_time\" content=\"2026-01-19T14:51:57+00:00\" \/>\n<meta name=\"twitter:card\" content=\"summary_large_image\" \/>\n<meta name=\"twitter:label1\" content=\"Ansl. lesetid\" \/>\n\t<meta name=\"twitter:data1\" content=\"1 minutt\" \/>\n<script type=\"application\/ld+json\" class=\"yoast-schema-graph\">{\"@context\":\"https:\\\/\\\/schema.org\",\"@graph\":[{\"@type\":\"WebPage\",\"@id\":\"https:\\\/\\\/uhhmami.com\\\/cart\\\/\",\"url\":\"https:\\\/\\\/uhhmami.com\\\/cart\\\/\",\"name\":\"Kurv - uhhmami\",\"isPartOf\":{\"@id\":\"https:\\\/\\\/uhhmami.com\\\/#website\"},\"datePublished\":\"2023-12-22T07:57:36+00:00\",\"dateModified\":\"2026-01-19T14:51:57+00:00\",\"description\":\"Kurve by Uhhmami a unique plant-based flavor journey that blends innovation, taste, and sustainability. Explore bold creations designed\",\"breadcrumb\":{\"@id\":\"https:\\\/\\\/uhhmami.com\\\/cart\\\/#breadcrumb\"},\"inLanguage\":\"nb-NO\",\"potentialAction\":[{\"@type\":\"ReadAction\",\"target\":[\"https:\\\/\\\/uhhmami.com\\\/cart\\\/\"]}]},{\"@type\":\"BreadcrumbList\",\"@id\":\"https:\\\/\\\/uhhmami.com\\\/cart\\\/#breadcrumb\",\"itemListElement\":[{\"@type\":\"ListItem\",\"position\":1,\"name\":\"Home\",\"item\":\"https:\\\/\\\/uhhmami.com\\\/\"},{\"@type\":\"ListItem\",\"position\":2,\"name\":\"Kurv\"}]},{\"@type\":\"WebSite\",\"@id\":\"https:\\\/\\\/uhhmami.com\\\/#website\",\"url\":\"https:\\\/\\\/uhhmami.com\\\/\",\"name\":\"uhhmami\",\"description\":\"\",\"publisher\":{\"@id\":\"https:\\\/\\\/uhhmami.com\\\/#organization\"},\"potentialAction\":[{\"@type\":\"SearchAction\",\"target\":{\"@type\":\"EntryPoint\",\"urlTemplate\":\"https:\\\/\\\/uhhmami.com\\\/?s={search_term_string}\"},\"query-input\":{\"@type\":\"PropertyValueSpecification\",\"valueRequired\":true,\"valueName\":\"search_term_string\"}}],\"inLanguage\":\"nb-NO\"},{\"@type\":\"Organization\",\"@id\":\"https:\\\/\\\/uhhmami.com\\\/#organization\",\"name\":\"uhhmami\",\"alternateName\":\"Uhh-mami\",\"url\":\"https:\\\/\\\/uhhmami.com\\\/\",\"logo\":{\"@type\":\"ImageObject\",\"inLanguage\":\"nb-NO\",\"@id\":\"https:\\\/\\\/uhhmami.com\\\/#\\\/schema\\\/logo\\\/image\\\/\",\"url\":\"https:\\\/\\\/zwthke5j.photoncache.com\\\/wp-content\\\/uploads\\\/2025\\\/06\\\/Logo-sort-svg.svg\",\"contentUrl\":\"https:\\\/\\\/zwthke5j.photoncache.com\\\/wp-content\\\/uploads\\\/2025\\\/06\\\/Logo-sort-svg.svg\",\"caption\":\"uhhmami\"},\"image\":{\"@id\":\"https:\\\/\\\/uhhmami.com\\\/#\\\/schema\\\/logo\\\/image\\\/\"},\"sameAs\":[\"https:\\\/\\\/www.facebook.com\\\/profile.php?id=61555778644895\",\"https:\\\/\\\/www.instagram.com\\\/uhhmami_official\\\/\"],\"description\":\"About Uhhmami \u2013 Pure flavour, Easy to Use, and Sustainable At Uhhmami, we make it easy to create delicious meals with clean, sustainable ingredients. Our mission is to rethink cooking by offering simple solutions that add depth and richness to your dishes\u2014without compromising on quality or sustainability. Our Philosophy: flavour and Sustainability in Harmony We believe great food starts with great ingredients. That\u2019s why we develop natural, fermented flavour enhancers that bring out umami and simplify your cooking. With Uhhmami, you can easily add restaurant-quality taste to soups, sauces, and vegetable dishes in seconds. Why Choose Uhhmami? \u2705 Pure flavour: Made from carefully selected, natural ingredients with no additives. \u2705 Easy to use: A small amount instantly elevates your dish. \u2705 A sustainable choice: Less food waste and a lower carbon footprint than traditional bouillons. \u2705 High quality: Developed by Michelin-star chef Frank Lantz for the best taste experience. Take a step toward a greener, more flavourful future\u2014one dish at a time. Visit Uhhmami.com to discover how easy it is to cook with depth and richness!\",\"legalName\":\"Uhhmami\",\"foundingDate\":\"2022-10-01\",\"numberOfEmployees\":{\"@type\":\"QuantitativeValue\",\"minValue\":\"1\",\"maxValue\":\"10\"}}]}<\/script>\n<!-- \/ Yoast SEO Premium plugin. -->","yoast_head_json":{"title":"Kurv - uhhmami","description":"Kurve by Uhhmami er en unik plantebasert smaksreise som kombinerer innovasjon, smak og b\u00e6rekraft. Utforsk dristige kreasjoner designet","robots":{"index":"index","follow":"follow","max-snippet":"max-snippet:-1","max-image-preview":"max-image-preview:large","max-video-preview":"max-video-preview:-1"},"canonical":"https:\/\/uhhmami.com\/nb\/vogn\/?wmc-currency=EUR","og_locale":"nb_NO","og_type":"article","og_title":"Kurv","og_description":"Kurve by Uhhmami a unique plant-based flavor journey that blends innovation, taste, and sustainability. Explore bold creations designed","og_url":"https:\/\/uhhmami.com\/nb\/vogn\/?wmc-currency=EUR","og_site_name":"uhhmami","article_publisher":"https:\/\/www.facebook.com\/profile.php?id=61555778644895","article_modified_time":"2026-01-19T14:51:57+00:00","twitter_card":"summary_large_image","twitter_misc":{"Ansl. lesetid":"1 minutt"},"schema":{"@context":"https:\/\/schema.org","@graph":[{"@type":"WebPage","@id":"https:\/\/uhhmami.com\/cart\/","url":"https:\/\/uhhmami.com\/cart\/","name":"Kurv - uhhmami","isPartOf":{"@id":"https:\/\/uhhmami.com\/#website"},"datePublished":"2023-12-22T07:57:36+00:00","dateModified":"2026-01-19T14:51:57+00:00","description":"Kurve by Uhhmami er en unik plantebasert smaksreise som kombinerer innovasjon, smak og b\u00e6rekraft. Utforsk dristige kreasjoner designet","breadcrumb":{"@id":"https:\/\/uhhmami.com\/cart\/#breadcrumb"},"inLanguage":"nb-NO","potentialAction":[{"@type":"ReadAction","target":["https:\/\/uhhmami.com\/cart\/"]}]},{"@type":"BreadcrumbList","@id":"https:\/\/uhhmami.com\/cart\/#breadcrumb","itemListElement":[{"@type":"ListItem","position":1,"name":"Home","item":"https:\/\/uhhmami.com\/"},{"@type":"ListItem","position":2,"name":"Kurv"}]},{"@type":"WebSite","@id":"https:\/\/uhhmami.com\/#website","url":"https:\/\/uhhmami.com\/","name":"uhhmami","description":"","publisher":{"@id":"https:\/\/uhhmami.com\/#organization"},"potentialAction":[{"@type":"SearchAction","target":{"@type":"EntryPoint","urlTemplate":"https:\/\/uhhmami.com\/?s={search_term_string}"},"query-input":{"@type":"PropertyValueSpecification","valueRequired":true,"valueName":"search_term_string"}}],"inLanguage":"nb-NO"},{"@type":"Organization","@id":"https:\/\/uhhmami.com\/#organization","name":"uhhmami","alternateName":"Uhh-mami","url":"https:\/\/uhhmami.com\/","logo":{"@type":"ImageObject","inLanguage":"nb-NO","@id":"https:\/\/uhhmami.com\/#\/schema\/logo\/image\/","url":"https:\/\/zwthke5j.photoncache.com\/wp-content\/uploads\/2025\/06\/Logo-sort-svg.svg","contentUrl":"https:\/\/zwthke5j.photoncache.com\/wp-content\/uploads\/2025\/06\/Logo-sort-svg.svg","caption":"uhhmami"},"image":{"@id":"https:\/\/uhhmami.com\/#\/schema\/logo\/image\/"},"sameAs":["https:\/\/www.facebook.com\/profile.php?id=61555778644895","https:\/\/www.instagram.com\/uhhmami_official\/"],"description":"Om Uhhmami - Ren smak, enkel \u00e5 bruke og b\u00e6rekraftig Hos Uhhmami gj\u00f8r vi det enkelt \u00e5 lage deilige m\u00e5ltider med rene, b\u00e6rekraftige ingredienser. V\u00e5r misjon er \u00e5 tenke nytt om matlaging ved \u00e5 tilby enkle l\u00f8sninger som gir dybde og rikdom til rettene dine - uten \u00e5 g\u00e5 p\u00e5 kompromiss med kvalitet eller b\u00e6rekraft. V\u00e5r filosofi: Smak og b\u00e6rekraft i harmoni Vi mener at god mat starter med gode ingredienser. Derfor utvikler vi naturlige, fermenterte smaksforsterkere som fremhever umami og forenkler matlagingen. Med Uhhmami kan du enkelt gi supper, sauser og gr\u00f8nnsaksretter smak av restaurantkvalitet p\u00e5 f\u00e5 sekunder. Hvorfor velge Uhhmami? \u2705 Ren smak: Laget av n\u00f8ye utvalgte, naturlige ingredienser uten tilsetningsstoffer. \u2705 Enkel \u00e5 bruke: En liten mengde l\u00f8fter retten din umiddelbart. \u2705 Et b\u00e6rekraftig valg: Mindre matsvinn og lavere karbonavtrykk enn tradisjonelle bouilloner. \u2705 H\u00f8y kvalitet: Utviklet av Michelin-stjernekokken Frank Lantz for den beste smaksopplevelsen. Ta et skritt mot en gr\u00f8nnere og mer smakfull fremtid - \u00e9n rett om gangen. Bes\u00f8k Uhhmami.com for \u00e5 oppdage hvor enkelt det er \u00e5 lage mat med dybde og rikdom!","legalName":"Uhhmami","foundingDate":"2022-10-01","numberOfEmployees":{"@type":"QuantitativeValue","minValue":"1","maxValue":"10"}}]}},"jetpack_sharing_enabled":true,"_links":{"self":[{"href":"https:\/\/uhhmami.com\/nb\/wp-json\/wp\/v2\/pages\/275","targetHints":{"allow":["GET"]}}],"collection":[{"href":"https:\/\/uhhmami.com\/nb\/wp-json\/wp\/v2\/pages"}],"about":[{"href":"https:\/\/uhhmami.com\/nb\/wp-json\/wp\/v2\/types\/page"}],"author":[{"embeddable":true,"href":"https:\/\/uhhmami.com\/nb\/wp-json\/wp\/v2\/users\/1"}],"replies":[{"embeddable":true,"href":"https:\/\/uhhmami.com\/nb\/wp-json\/wp\/v2\/comments?post=275"}],"version-history":[{"count":4,"href":"https:\/\/uhhmami.com\/nb\/wp-json\/wp\/v2\/pages\/275\/revisions"}],"predecessor-version":[{"id":8661,"href":"https:\/\/uhhmami.com\/nb\/wp-json\/wp\/v2\/pages\/275\/revisions\/8661"}],"wp:attachment":[{"href":"https:\/\/uhhmami.com\/nb\/wp-json\/wp\/v2\/media?parent=275"}],"curies":[{"name":"wp","href":"https:\/\/api.w.org\/{rel}","templated":true}]}}