{"id":72,"date":"2023-12-20T10:40:57","date_gmt":"2023-12-20T09:40:57","guid":{"rendered":"https:\/\/uhhmami.test\/?page_id=72"},"modified":"2025-12-18T09:48:57","modified_gmt":"2025-12-18T08:48:57","slug":"condizioni-di-trading","status":"publish","type":"page","link":"https:\/\/uhhmami.com\/it\/trading-conditions\/","title":{"rendered":"Condizioni di trading"},"content":{"rendered":"<div class=\"wp-block-group has-global-padding is-layout-constrained wp-block-group-is-layout-constrained\">\n<h1 class=\"wp-block-heading\" id=\"h-trading-conditions\">Condizioni di trading<\/h1>\n\n\n\n<h3 class=\"wp-block-heading\" id=\"h-terms-and-conditions-for-uhhmami\">Termini e condizioni per Uhhmami<\/h3>\n\n\n\n<p class=\"has-text-align-left\">I mercati sociali ApS \/ Uhhmami ApS&nbsp;<\/p>\n\n\n\n<p class=\"has-text-align-left\">Tj\u00f8rneg\u00e5rdsvej 31<br>4000 Roskilde<br>WhatsApp \/ Telefono: +45 53 76 93 73<\/p>\n\n\n\n<p class=\"has-text-align-left\">team@uhhmami.com<\/p>\n\n\n\n<p class=\"has-text-align-left\">CVR\/IVA: DK40951296<\/p>\n\n\n\n<h2 class=\"wp-block-heading\" id=\"h-payment\">Pagamento<\/h2>\n\n\n\n<p>Uhhmami accetta pagamenti online con le seguenti carte di credito Visa, Mastercard, Mobilepay Online, Visa Electron, Maestro, Paypal, ApplePay e Googlepay.<\/p>\n\n\n\n<p>Il pagamento verr\u00e0 detratto dal conto dell'utente solo al momento della spedizione dell'articolo fisico o della creazione del prodotto virtuale, a meno che non sia stato concordato o indicato diversamente nell'ordine.<\/p>\n\n\n\n<p>Tutti i prezzi sul sito web sono comprensivi di IVA.<br>Il sito web utilizza le seguenti valute per la determinazione dei prezzi:<br>Danimarca - Corone (DKK), USA - Dollari (USD), Euro (EUR), Norvegia - Corone (NOK), Svezia - Corone (SEK), Regno Unito - Sterline (GBP)<\/p>\n\n\n\n<p>Uhhmami utilizza un server di pagamento sicuro che cripta tutte le informazioni con il protocollo SSL, il che significa che i vostri dati sono al sicuro e non possono essere letti da terzi.<\/p>\n\n\n\n<h2 class=\"wp-block-heading\" id=\"h-delivery-and-shipment\">Consegna e spedizione<\/h2>\n\n\n\n<p>Il tempo di consegna del vostro ordine \u00e8 di 1-3 giorni.<\/p>\n\n\n\n<p>Tutti gli ordini di Uhhmami vengono spediti con GLS.<\/p>\n\n\n\n<p>Il costo del trasporto \u00e8 calcolato in base al peso degli articoli.<\/p>\n\n\n\n<p>Potete scegliere di farvi spedire la spedizione con consegna al vostro indirizzo di casa o al negozio di pacchi pi\u00f9 vicino.<\/p>\n\n\n\n<p>Al momento della spedizione riceverete un numero Track and Trace che vi permetter\u00e0 di seguire la spedizione in ogni momento.<\/p>\n\n\n\n<h2 class=\"wp-block-heading\" id=\"h-if-you-regret-your-purchase-withdrawal\">Se ci si pente dell'acquisto (Recesso)<\/h2>\n\n\n\n<p>Uhhmami offre un rimborso completo di 14 giorni sui prodotti acquistati sul sito web, se non diversamente concordato o indicato nell'ordine.<\/p>\n\n\n\n<p>Il periodo di 14 giorni decorre dal giorno della consegna dell'ordine.<\/p>\n\n\n\n<p>Eventuali spese di restituzione sostenute dall'utente.<\/p>\n\n\n\n<p>La richiesta di annullamento deve esserci notificata entro e non oltre 14 giorni dalla consegna e deve pervenirci entro e non oltre 14 giorni dalla data in cui siamo stati informati dell'esercizio del diritto di annullamento\/recesso.<\/p>\n\n\n\n<h2 class=\"wp-block-heading\" id=\"h-condition-of-the-item-you-have-returned\">Condizioni dell'articolo restituito<\/h2>\n\n\n\n<p>Il cliente \u00e8 responsabile delle condizioni del prodotto e della diminuzione del valore della merce causata da una manipolazione diversa da quella necessaria per determinare la natura, le caratteristiche e la funzione della merce.<br>Ci\u00f2 significa che dovete provare l'articolo come se steste acquistando in un negozio fisico.<\/p>\n\n\n\n<p>Se l'articolo viene testato\/utilizzato oltre a quanto descritto sopra, viene considerato usato e di valore inferiore. Ci\u00f2 significa che, in caso di annullamento dell'acquisto, il cliente ricever\u00e0 il rimborso di una parte minima o nulla dell'importo acquistato. Spetta a Uhhmami valutare le condizioni dell'articolo.<\/p>\n\n\n\n<h2 class=\"wp-block-heading\" id=\"h-warranty\">Garanzia<\/h2>\n\n\n\n<p>I prodotti sono coperti da una garanzia di 2 anni ai sensi della legge danese sulle vendite. La garanzia si applica a tutti gli errori di software, materiale e fabbricazione.<\/p>\n\n\n\n<p>I reclami relativi a errori e difetti devono essere segnalati a Uhhmami entro un tempo ragionevole dal ricevimento della merce. Se non diversamente concordato, consideriamo un tempo ragionevole un massimo di mesi. Rimborseremo le spese di spedizione.<\/p>\n\n\n\n<p>Il reclamo rinuncia al diritto alla garanzia se gli articoli sono trattati in modo improprio o inusuale.<\/p>\n\n\n\n<p>Uhhmami copre le spese di restituzione in misura ragionevole.<\/p>\n\n\n\n<p>Al momento della restituzione, si prega di contattarci all'indirizzo:<\/p>\n\n\n\n<p><strong>Uhhmami<\/strong><br>Tj\u00f8rneg\u00e5rdsvej 31<\/p>\n\n\n\n<p>Telefono: +4553769373<\/p>\n\n\n\n<p>I reclami in garanzia&nbsp;<strong>non<\/strong>&nbsp;essere accettate se inviate con il sistema del contrassegno.<\/p>\n\n\n\n<h2 class=\"wp-block-heading\" id=\"h-customer-amp-privacy-policy\">Informativa sui clienti e sulla privacy<\/h2>\n\n\n\n<p>Non rivendiamo le informazioni personali e non le trasmettiamo ad altri. Vengono solo registrati nel nostro elenco clienti. \u00c8 possibile cancellare le proprie informazioni in qualsiasi momento.<\/p>\n\n\n\n<p>Per poter stipulare un contratto con Uhhmami, abbiamo bisogno delle seguenti informazioni:<\/p>\n\n\n\n<p>. Nome<br>. Indirizzo<br>. Numero di telefono<br>. Indirizzo e-mail<\/p>\n\n\n\n<p>Registriamo i vostri dati personali allo scopo di consegnarvi la merce.<\/p>\n\n\n\n<p>I dati personali vengono registrati presso Uhhmami e conservati per un massimo di cinque anni, dopodich\u00e9 vengono cancellati.<\/p>\n\n\n\n<p>Quando raccogliamo informazioni personali tramite il nostro sito web, ci assicuriamo che ci\u00f2 avvenga sempre con il vostro esplicito consenso, in modo che siate informati esattamente su quali informazioni vengono raccolte e perch\u00e9.<\/p>\n\n\n\n<p>Il direttore e i dipendenti di Uhhmami hanno accesso alle informazioni registrate sull'utente.<\/p>\n\n\n\n<p>Il responsabile dei dati di Uhhmami \u00e8: Frank Lantz.<\/p>\n\n\n\n<p>Non memorizziamo e trasmettiamo le informazioni dei clienti in modo criptato.<\/p>\n\n\n\n<p><strong>Biscotti<\/strong><\/p>\n\n\n\n<p>Su https:\/\/www.uhhmami.com, i cookie vengono utilizzati per ottimizzare il sito web e le sue funzionalit\u00e0, rendendo la visita il pi\u00f9 semplice possibile per l'utente.<\/p>\n\n\n\n<p>\u00c8 possibile eliminare i cookie dal proprio computer in qualsiasi momento, consultando le istruzioni riportate su&nbsp;<a href=\"https:\/\/uhhmami.com\/it\/politica-di-rimborso-e-restituzione\/?wmc-currency=EUR\" target=\"_blank\" rel=\"noreferrer noopener\">Informativa sulla privacy e sui cookie del Webshop<\/a>.<\/p>\n\n\n\n<h2 class=\"wp-block-heading\" id=\"h-consumer-protection\">Protezione dei consumatori<\/h2>\n\n\n\n<p>Per saperne di pi\u00f9 sulla protezione dei consumatori quando si paga online con la soluzione di servizio di pagamento di Stripe:<br><a href=\"https:\/\/stripe.com\/en-dk\/resources\/more\/secure-payment-systems-explained?utm_source=chatgpt.com\">Pagamento<\/a><\/p>\n\n\n\n<h2 class=\"wp-block-heading\" id=\"h-complaints\">Reclami<\/h2>\n\n\n\n<p>I reclami sul prodotto possono essere inviati a:<\/p>\n\n\n\n<p><strong>Konkurrence- og Forbrugerstyrelsens<\/strong><br>Carl Jacobsens Vej 35<br>2500 Valby<br><a href=\"http:\/\/www.forbrug.dk\/\" rel=\"noreferrer noopener\" target=\"_blank\">www.forbrug.dk<\/a><\/p>\n\n\n\n<p>Per i cittadini europei che risiedono al di fuori dell'Europa, i reclami devono essere presentati attraverso la piattaforma dei reclami online delle Commissioni UE.<br><a href=\"http:\/\/ec.europa.eu\/consumers\/odr\/\" rel=\"noreferrer noopener\" target=\"_blank\">ec.europa.eu<\/a><\/p>\n\n\n\n<p>In caso di reclamo \u00e8 necessario denunciare il nostro indirizzo e-mail,&nbsp;<a href=\"mailto:team@uhhmami.com\">team@uhhmami.com<\/a>e il sito su cui \u00e8 stato effettuato l'acquisto.<\/p>\n<\/div>","protected":false},"excerpt":{"rendered":"<p>Trading conditions Terms and Conditions for Uhhmami The Social Markets ApS \/ Uhhmami ApS&nbsp; Tj\u00f8rneg\u00e5rdsvej 314000 RoskildeWhatsApp \/ Phone:&nbsp;+45 53 76 93 73 team@uhhmami.com CVR\/VAT: DK40951296 Payment Uhhmami accepts online payments with the following credit cards Visa, Mastercard, Mobilepay Online, Visa Electron, Maestro, Paypal, ApplePay &amp; Googlepay. Payment will only be deducted from your account [&hellip;]<\/p>\n","protected":false},"author":1,"featured_media":0,"parent":0,"menu_order":0,"comment_status":"closed","ping_status":"closed","template":"","meta":{"iawp_total_views":285,"footnotes":""},"class_list":["post-72","page","type-page","status-publish","hentry"],"yoast_head":"<!-- This site is optimized with the Yoast SEO Premium plugin v27.5 (Yoast SEO v27.6) - https:\/\/yoast.com\/product\/yoast-seo-premium-wordpress\/ -->\n<title>Trading Conditions | Uhhmami - Secure Online Payments<\/title>\n<meta name=\"description\" content=\"Uhhmami accepts secure online payments via Visa, Mastercard, PayPal, ApplePay, and more. Payment is deducted once the item ships or the product is created.\" \/>\n<meta name=\"robots\" content=\"index, follow, max-snippet:-1, max-image-preview:large, max-video-preview:-1\" \/>\n<link rel=\"canonical\" href=\"https:\/\/uhhmami.com\/it\/condizioni-di-trading\/?wmc-currency=EUR\" \/>\n<meta property=\"og:locale\" content=\"it_IT\" \/>\n<meta property=\"og:type\" content=\"article\" \/>\n<meta property=\"og:title\" content=\"Trading Conditions\" \/>\n<meta property=\"og:description\" content=\"Uhhmami accepts secure online payments via Visa, Mastercard, PayPal, ApplePay, and more. Payment is deducted once the item ships or the product is created.\" \/>\n<meta property=\"og:url\" content=\"https:\/\/uhhmami.com\/it\/condizioni-di-trading\/?wmc-currency=EUR\" \/>\n<meta property=\"og:site_name\" content=\"uhhmami\" \/>\n<meta property=\"article:publisher\" content=\"https:\/\/www.facebook.com\/profile.php?id=61555778644895\" \/>\n<meta property=\"article:modified_time\" content=\"2025-12-18T08:48:57+00:00\" \/>\n<meta name=\"twitter:card\" content=\"summary_large_image\" \/>\n<meta name=\"twitter:label1\" content=\"Tempo di lettura stimato\" \/>\n\t<meta name=\"twitter:data1\" content=\"4 minuti\" \/>\n<script type=\"application\/ld+json\" class=\"yoast-schema-graph\">{\"@context\":\"https:\\\/\\\/schema.org\",\"@graph\":[{\"@type\":\"WebPage\",\"@id\":\"https:\\\/\\\/uhhmami.com\\\/trading-conditions\\\/\",\"url\":\"https:\\\/\\\/uhhmami.com\\\/trading-conditions\\\/\",\"name\":\"Trading Conditions | Uhhmami - Secure Online Payments\",\"isPartOf\":{\"@id\":\"https:\\\/\\\/uhhmami.com\\\/#website\"},\"datePublished\":\"2023-12-20T09:40:57+00:00\",\"dateModified\":\"2025-12-18T08:48:57+00:00\",\"description\":\"Uhhmami accepts secure online payments via Visa, Mastercard, PayPal, ApplePay, and more. Payment is deducted once the item ships or the product is created.\",\"breadcrumb\":{\"@id\":\"https:\\\/\\\/uhhmami.com\\\/trading-conditions\\\/#breadcrumb\"},\"inLanguage\":\"it-IT\",\"potentialAction\":[{\"@type\":\"ReadAction\",\"target\":[\"https:\\\/\\\/uhhmami.com\\\/trading-conditions\\\/\"]}]},{\"@type\":\"BreadcrumbList\",\"@id\":\"https:\\\/\\\/uhhmami.com\\\/trading-conditions\\\/#breadcrumb\",\"itemListElement\":[{\"@type\":\"ListItem\",\"position\":1,\"name\":\"Home\",\"item\":\"https:\\\/\\\/uhhmami.com\\\/\"},{\"@type\":\"ListItem\",\"position\":2,\"name\":\"Trading Conditions\"}]},{\"@type\":\"WebSite\",\"@id\":\"https:\\\/\\\/uhhmami.com\\\/#website\",\"url\":\"https:\\\/\\\/uhhmami.com\\\/\",\"name\":\"uhhmami\",\"description\":\"\",\"publisher\":{\"@id\":\"https:\\\/\\\/uhhmami.com\\\/#organization\"},\"potentialAction\":[{\"@type\":\"SearchAction\",\"target\":{\"@type\":\"EntryPoint\",\"urlTemplate\":\"https:\\\/\\\/uhhmami.com\\\/?s={search_term_string}\"},\"query-input\":{\"@type\":\"PropertyValueSpecification\",\"valueRequired\":true,\"valueName\":\"search_term_string\"}}],\"inLanguage\":\"it-IT\"},{\"@type\":\"Organization\",\"@id\":\"https:\\\/\\\/uhhmami.com\\\/#organization\",\"name\":\"uhhmami\",\"alternateName\":\"Uhh-mami\",\"url\":\"https:\\\/\\\/uhhmami.com\\\/\",\"logo\":{\"@type\":\"ImageObject\",\"inLanguage\":\"it-IT\",\"@id\":\"https:\\\/\\\/uhhmami.com\\\/#\\\/schema\\\/logo\\\/image\\\/\",\"url\":\"https:\\\/\\\/zwthke5j.photoncache.com\\\/wp-content\\\/uploads\\\/2025\\\/06\\\/Logo-sort-svg.svg\",\"contentUrl\":\"https:\\\/\\\/zwthke5j.photoncache.com\\\/wp-content\\\/uploads\\\/2025\\\/06\\\/Logo-sort-svg.svg\",\"caption\":\"uhhmami\"},\"image\":{\"@id\":\"https:\\\/\\\/uhhmami.com\\\/#\\\/schema\\\/logo\\\/image\\\/\"},\"sameAs\":[\"https:\\\/\\\/www.facebook.com\\\/profile.php?id=61555778644895\",\"https:\\\/\\\/www.instagram.com\\\/uhhmami_official\\\/\"],\"description\":\"About Uhhmami \u2013 Pure flavour, Easy to Use, and Sustainable At Uhhmami, we make it easy to create delicious meals with clean, sustainable ingredients. Our mission is to rethink cooking by offering simple solutions that add depth and richness to your dishes\u2014without compromising on quality or sustainability. Our Philosophy: flavour and Sustainability in Harmony We believe great food starts with great ingredients. That\u2019s why we develop natural, fermented flavour enhancers that bring out umami and simplify your cooking. With Uhhmami, you can easily add restaurant-quality taste to soups, sauces, and vegetable dishes in seconds. Why Choose Uhhmami? \u2705 Pure flavour: Made from carefully selected, natural ingredients with no additives. \u2705 Easy to use: A small amount instantly elevates your dish. \u2705 A sustainable choice: Less food waste and a lower carbon footprint than traditional bouillons. \u2705 High quality: Developed by Michelin-star chef Frank Lantz for the best taste experience. Take a step toward a greener, more flavourful future\u2014one dish at a time. Visit Uhhmami.com to discover how easy it is to cook with depth and richness!\",\"legalName\":\"Uhhmami\",\"foundingDate\":\"2022-10-01\",\"numberOfEmployees\":{\"@type\":\"QuantitativeValue\",\"minValue\":\"1\",\"maxValue\":\"10\"}}]}<\/script>\n<!-- \/ Yoast SEO Premium plugin. -->","yoast_head_json":{"title":"Condizioni commerciali | Uhhmami - Pagamenti online sicuri","description":"Uhhmami accetta pagamenti online sicuri tramite Visa, Mastercard, PayPal, ApplePay e altro ancora. Il pagamento viene detratto una volta spedito l'articolo o creato il prodotto.","robots":{"index":"index","follow":"follow","max-snippet":"max-snippet:-1","max-image-preview":"max-image-preview:large","max-video-preview":"max-video-preview:-1"},"canonical":"https:\/\/uhhmami.com\/it\/condizioni-di-trading\/?wmc-currency=EUR","og_locale":"it_IT","og_type":"article","og_title":"Trading Conditions","og_description":"Uhhmami accepts secure online payments via Visa, Mastercard, PayPal, ApplePay, and more. Payment is deducted once the item ships or the product is created.","og_url":"https:\/\/uhhmami.com\/it\/condizioni-di-trading\/?wmc-currency=EUR","og_site_name":"uhhmami","article_publisher":"https:\/\/www.facebook.com\/profile.php?id=61555778644895","article_modified_time":"2025-12-18T08:48:57+00:00","twitter_card":"summary_large_image","twitter_misc":{"Tempo di lettura stimato":"4 minuti"},"schema":{"@context":"https:\/\/schema.org","@graph":[{"@type":"WebPage","@id":"https:\/\/uhhmami.com\/trading-conditions\/","url":"https:\/\/uhhmami.com\/trading-conditions\/","name":"Condizioni commerciali | Uhhmami - Pagamenti online sicuri","isPartOf":{"@id":"https:\/\/uhhmami.com\/#website"},"datePublished":"2023-12-20T09:40:57+00:00","dateModified":"2025-12-18T08:48:57+00:00","description":"Uhhmami accetta pagamenti online sicuri tramite Visa, Mastercard, PayPal, ApplePay e altro ancora. Il pagamento viene detratto una volta spedito l'articolo o creato il prodotto.","breadcrumb":{"@id":"https:\/\/uhhmami.com\/trading-conditions\/#breadcrumb"},"inLanguage":"it-IT","potentialAction":[{"@type":"ReadAction","target":["https:\/\/uhhmami.com\/trading-conditions\/"]}]},{"@type":"BreadcrumbList","@id":"https:\/\/uhhmami.com\/trading-conditions\/#breadcrumb","itemListElement":[{"@type":"ListItem","position":1,"name":"Home","item":"https:\/\/uhhmami.com\/"},{"@type":"ListItem","position":2,"name":"Trading Conditions"}]},{"@type":"WebSite","@id":"https:\/\/uhhmami.com\/#website","url":"https:\/\/uhhmami.com\/","name":"uhhmami","description":"","publisher":{"@id":"https:\/\/uhhmami.com\/#organization"},"potentialAction":[{"@type":"SearchAction","target":{"@type":"EntryPoint","urlTemplate":"https:\/\/uhhmami.com\/?s={search_term_string}"},"query-input":{"@type":"PropertyValueSpecification","valueRequired":true,"valueName":"search_term_string"}}],"inLanguage":"it-IT"},{"@type":"Organization","@id":"https:\/\/uhhmami.com\/#organization","name":"uhhmami","alternateName":"Uhh-mami","url":"https:\/\/uhhmami.com\/","logo":{"@type":"ImageObject","inLanguage":"it-IT","@id":"https:\/\/uhhmami.com\/#\/schema\/logo\/image\/","url":"https:\/\/zwthke5j.photoncache.com\/wp-content\/uploads\/2025\/06\/Logo-sort-svg.svg","contentUrl":"https:\/\/zwthke5j.photoncache.com\/wp-content\/uploads\/2025\/06\/Logo-sort-svg.svg","caption":"uhhmami"},"image":{"@id":"https:\/\/uhhmami.com\/#\/schema\/logo\/image\/"},"sameAs":["https:\/\/www.facebook.com\/profile.php?id=61555778644895","https:\/\/www.instagram.com\/uhhmami_official\/"],"description":"Uhhmami - Gusto puro, facile da usare e sostenibile Uhhmami rende facile creare piatti deliziosi con ingredienti puliti e sostenibili. La nostra missione \u00e8 ripensare la cucina offrendo soluzioni semplici che aggiungono profondit\u00e0 e ricchezza ai vostri piatti, senza compromettere la qualit\u00e0 o la sostenibilit\u00e0. La nostra filosofia: Sapore e sostenibilit\u00e0 in armonia Crediamo che un ottimo cibo inizi con ottimi ingredienti. Ecco perch\u00e9 sviluppiamo esaltatori di sapidit\u00e0 naturali e fermentati che esaltano l'umami e semplificano la cottura. Con Uhhmami \u00e8 possibile aggiungere facilmente un sapore da ristorante a zuppe, salse e piatti a base di verdure in pochi secondi. Perch\u00e9 scegliere Uhhmami? Gusto puro: Prodotto con ingredienti naturali accuratamente selezionati e senza additivi. Facile da usare: Una piccola quantit\u00e0 eleva istantaneamente il piatto. \u2705 Una scelta sostenibile: Meno sprechi di cibo e un'impronta di carbonio inferiore rispetto ai bouillon tradizionali. \u2705 Alta qualit\u00e0: Sviluppato dallo chef stellato Frank Lantz per un'esperienza di gusto ottimale. Fate un passo verso un futuro pi\u00f9 verde e saporito, un piatto alla volta. Visitate Uhhmami.com per scoprire quanto sia facile cucinare con profondit\u00e0 e ricchezza!","legalName":"Uhhmami","foundingDate":"2022-10-01","numberOfEmployees":{"@type":"QuantitativeValue","minValue":"1","maxValue":"10"}}]}},"jetpack_sharing_enabled":true,"_links":{"self":[{"href":"https:\/\/uhhmami.com\/it\/wp-json\/wp\/v2\/pages\/72","targetHints":{"allow":["GET"]}}],"collection":[{"href":"https:\/\/uhhmami.com\/it\/wp-json\/wp\/v2\/pages"}],"about":[{"href":"https:\/\/uhhmami.com\/it\/wp-json\/wp\/v2\/types\/page"}],"author":[{"embeddable":true,"href":"https:\/\/uhhmami.com\/it\/wp-json\/wp\/v2\/users\/1"}],"replies":[{"embeddable":true,"href":"https:\/\/uhhmami.com\/it\/wp-json\/wp\/v2\/comments?post=72"}],"version-history":[{"count":10,"href":"https:\/\/uhhmami.com\/it\/wp-json\/wp\/v2\/pages\/72\/revisions"}],"predecessor-version":[{"id":10833,"href":"https:\/\/uhhmami.com\/it\/wp-json\/wp\/v2\/pages\/72\/revisions\/10833"}],"wp:attachment":[{"href":"https:\/\/uhhmami.com\/it\/wp-json\/wp\/v2\/media?parent=72"}],"curies":[{"name":"wp","href":"https:\/\/api.w.org\/{rel}","templated":true}]}}