{"id":3,"date":"2023-12-19T13:48:06","date_gmt":"2023-12-19T12:48:06","guid":{"rendered":"https:\/\/uhhmami.test\/?page_id=3"},"modified":"2026-01-19T15:54:40","modified_gmt":"2026-01-19T14:54:40","slug":"politica-privata","status":"publish","type":"page","link":"https:\/\/uhhmami.com\/it\/privatlivspolitik\/","title":{"rendered":"Informativa sulla privacy"},"content":{"rendered":"<h2 class=\"wp-block-heading\" id=\"h-who-we-are\"><strong>Chi siamo<\/strong><\/h2>\n\n\n\n<p>L'indirizzo del nostro sito web \u00e8: <a class=\"\" href=\"https:\/\/uhhmami.com\/it\/?wmc-currency=EUR\">https:\/\/uhhmami.com<\/a>.<\/p>\n\n\n\n<h2 class=\"wp-block-heading\" id=\"h-comments\">Commenti<\/h2>\n\n\n\n<p>Quando i visitatori lasciano commenti sul sito, raccogliamo i dati mostrati nel modulo dei commenti, nonch\u00e9 l'indirizzo IP del visitatore e la stringa dello user agent del browser per aiutare a rilevare lo spam.<\/p>\n\n\n\n<p>Una stringa anonima creata a partire dall'indirizzo e-mail dell'utente (chiamata anche hash) pu\u00f2 essere fornita al servizio Gravatar per verificare se l'utente lo sta utilizzando. L'informativa sulla privacy del servizio Gravatar \u00e8 disponibile qui: <a class=\"\" href=\"https:\/\/automattic.com\/privacy\/\">https:\/\/automattic.com\/privacy\/<\/a>. Dopo l'approvazione del commento, la foto del profilo sar\u00e0 visibile al pubblico nel contesto del commento.<\/p>\n\n\n\n<h2 class=\"wp-block-heading\" id=\"h-media\">Media<\/h2>\n\n\n\n<p>Se si caricano immagini sul sito web, si dovrebbe evitare di caricare immagini con dati di localizzazione incorporati (EXIF GPS). I visitatori del sito web possono scaricare ed estrarre i dati di localizzazione dalle immagini presenti sul sito.<\/p>\n\n\n\n<h2 class=\"wp-block-heading\" id=\"h-cookies\">Biscotti<\/h2>\n\n\n\n<p>Se lasciate un commento sul nostro sito, potete scegliere di salvare il vostro nome, indirizzo e-mail e sito web nei cookie. Questi sono per vostra comodit\u00e0, in modo che non dobbiate inserire nuovamente i vostri dati quando lasciate un altro commento. La durata di questi cookie \u00e8 di un anno.<\/p>\n\n\n\n<p>Se visitate la nostra pagina di login, imposteremo un cookie temporaneo per determinare se il vostro browser accetta i cookie. Questo cookie non contiene dati personali e viene eliminato alla chiusura del browser.<\/p>\n\n\n\n<p>Quando si accede al sito, vengono installati diversi cookie per salvare le informazioni di accesso e le preferenze di visualizzazione dello schermo. I cookie di accesso durano due giorni, mentre quelli relativi alle opzioni dello schermo durano un anno. Se selezionate \"Ricordami\", il vostro login rester\u00e0 attivo per due settimane. Se si esce dal proprio account, i cookie di accesso verranno rimossi.<\/p>\n\n\n\n<p>Se modificate o pubblicate un articolo, nel vostro browser verr\u00e0 salvato un ulteriore cookie. Questo cookie non contiene dati personali e indica semplicemente l'ID del post dell'articolo appena modificato. Scade dopo 1 giorno.<\/p>\n\n\n\n<h2 class=\"wp-block-heading\" id=\"h-embedded-content-from-other-websites\"><strong>Contenuto incorporato da altri siti web<\/strong><\/h2>\n\n\n\n<p>Gli articoli di questo sito possono includere contenuti incorporati (ad esempio, video, immagini, articoli, ecc.). I contenuti incorporati provenienti da altri siti web si comportano esattamente come se il visitatore avesse visitato l'altro sito web.<\/p>\n\n\n\n<p>Questi siti web possono raccogliere dati sull'utente, utilizzare i cookie, incorporare un ulteriore tracciamento di terze parti e monitorare l'interazione dell'utente con il contenuto incorporato, compreso il tracciamento dell'interazione dell'utente se dispone di un account e ha effettuato l'accesso al sito web in questione.<\/p>\n\n\n\n<h2 class=\"wp-block-heading\" id=\"h-who-we-share-your-data-with\"><strong>Con chi condividiamo i vostri dati<\/strong><\/h2>\n\n\n\n<p>Se si richiede la reimpostazione della password, il proprio indirizzo IP sar\u00e0 incluso nell'e-mail di reimpostazione.<\/p>\n\n\n\n<h2 class=\"wp-block-heading\" id=\"h-how-long-we-retain-your-data\"><strong>Per quanto tempo conserviamo i vostri dati<\/strong><\/h2>\n\n\n\n<p>Se si lascia un commento, il commento e i suoi metadati vengono conservati a tempo indeterminato. In questo modo possiamo riconoscere e approvare automaticamente i commenti successivi, invece di tenerli in coda di moderazione.<\/p>\n\n\n\n<p>Per gli utenti che si registrano sul nostro sito web (se presenti), memorizziamo anche le informazioni personali fornite nel loro profilo utente. Tutti gli utenti possono vedere, modificare o cancellare le proprie informazioni personali in qualsiasi momento (tranne che per il fatto che non possono cambiare il proprio nome utente). Anche gli amministratori del sito web possono vedere e modificare tali informazioni.<\/p>\n\n\n\n<h2 class=\"wp-block-heading\" id=\"h-what-rights-you-have-over-your-data\"><strong>Quali diritti avete sui vostri dati<\/strong><\/h2>\n\n\n\n<p>Se avete un account su questo sito o avete lasciato commenti, potete richiedere un file esportato dei dati personali in nostro possesso, compresi quelli che ci avete fornito. Potete anche richiedere la cancellazione dei dati personali in nostro possesso. Questo non include i dati che siamo obbligati a conservare.<\/p>\n\n\n\n<h2 class=\"wp-block-heading\" id=\"h-where-your-data-is-sent\"><strong>Dove vengono inviati i vostri dati<\/strong><\/h2>\n\n\n\n<p>I commenti dei visitatori possono essere controllati da un servizio automatico di rilevamento dello spam.<\/p>\n\n\n\n<p><\/p>","protected":false},"excerpt":{"rendered":"<p>Who We Are Our website address is: https:\/\/uhhmami.com. Comments When visitors leave comments on the site, we collect the data shown in the comments form, as well as the visitor\u2019s IP address and browser user agent string to help detect spam. An anonymized string created from your email address (also called a hash) may be [&hellip;]<\/p>\n","protected":false},"author":1,"featured_media":0,"parent":0,"menu_order":0,"comment_status":"closed","ping_status":"open","template":"","meta":{"iawp_total_views":312,"footnotes":""},"class_list":["post-3","page","type-page","status-publish","hentry"],"yoast_head":"<!-- This site is optimized with the Yoast SEO Premium plugin v27.2 (Yoast SEO v27.4) - https:\/\/yoast.com\/product\/yoast-seo-premium-wordpress\/ -->\n<title>Privacy Policy | Uhhmami \u2013 Your Data, Your Trust<\/title>\n<meta name=\"description\" content=\"Learn how Uhhmami protects your personal information. Our Privacy Policy explains data collection, usage, and security practices to ensure your shopping\" \/>\n<meta name=\"robots\" content=\"index, follow, max-snippet:-1, max-image-preview:large, max-video-preview:-1\" \/>\n<link rel=\"canonical\" href=\"https:\/\/uhhmami.com\/it\/politica-privata\/?wmc-currency=EUR\" \/>\n<meta property=\"og:locale\" content=\"it_IT\" \/>\n<meta property=\"og:type\" content=\"article\" \/>\n<meta property=\"og:title\" content=\"Privacy Policy\" \/>\n<meta property=\"og:description\" content=\"Learn how Uhhmami protects your personal information. Our Privacy Policy explains data collection, usage, and security practices to ensure your shopping\" \/>\n<meta property=\"og:url\" content=\"https:\/\/uhhmami.com\/it\/politica-privata\/?wmc-currency=EUR\" \/>\n<meta property=\"og:site_name\" content=\"uhhmami\" \/>\n<meta property=\"article:publisher\" content=\"https:\/\/www.facebook.com\/profile.php?id=61555778644895\" \/>\n<meta property=\"article:modified_time\" content=\"2026-01-19T14:54:40+00:00\" \/>\n<meta name=\"twitter:card\" content=\"summary_large_image\" \/>\n<meta name=\"twitter:label1\" content=\"Tempo di lettura stimato\" \/>\n\t<meta name=\"twitter:data1\" content=\"3 minuti\" \/>\n<script type=\"application\/ld+json\" class=\"yoast-schema-graph\">{\"@context\":\"https:\\\/\\\/schema.org\",\"@graph\":[{\"@type\":\"WebPage\",\"@id\":\"https:\\\/\\\/uhhmami.com\\\/privatlivspolitik\\\/\",\"url\":\"https:\\\/\\\/uhhmami.com\\\/privatlivspolitik\\\/\",\"name\":\"Privacy Policy | Uhhmami \u2013 Your Data, Your Trust\",\"isPartOf\":{\"@id\":\"https:\\\/\\\/uhhmami.com\\\/#website\"},\"datePublished\":\"2023-12-19T12:48:06+00:00\",\"dateModified\":\"2026-01-19T14:54:40+00:00\",\"description\":\"Learn how Uhhmami protects your personal information. Our Privacy Policy explains data collection, usage, and security practices to ensure your shopping\",\"breadcrumb\":{\"@id\":\"https:\\\/\\\/uhhmami.com\\\/privatlivspolitik\\\/#breadcrumb\"},\"inLanguage\":\"it-IT\",\"potentialAction\":[{\"@type\":\"ReadAction\",\"target\":[\"https:\\\/\\\/uhhmami.com\\\/privatlivspolitik\\\/\"]}]},{\"@type\":\"BreadcrumbList\",\"@id\":\"https:\\\/\\\/uhhmami.com\\\/privatlivspolitik\\\/#breadcrumb\",\"itemListElement\":[{\"@type\":\"ListItem\",\"position\":1,\"name\":\"Home\",\"item\":\"https:\\\/\\\/uhhmami.com\\\/\"},{\"@type\":\"ListItem\",\"position\":2,\"name\":\"Privacy Policy\"}]},{\"@type\":\"WebSite\",\"@id\":\"https:\\\/\\\/uhhmami.com\\\/#website\",\"url\":\"https:\\\/\\\/uhhmami.com\\\/\",\"name\":\"uhhmami\",\"description\":\"\",\"publisher\":{\"@id\":\"https:\\\/\\\/uhhmami.com\\\/#organization\"},\"potentialAction\":[{\"@type\":\"SearchAction\",\"target\":{\"@type\":\"EntryPoint\",\"urlTemplate\":\"https:\\\/\\\/uhhmami.com\\\/?s={search_term_string}\"},\"query-input\":{\"@type\":\"PropertyValueSpecification\",\"valueRequired\":true,\"valueName\":\"search_term_string\"}}],\"inLanguage\":\"it-IT\"},{\"@type\":\"Organization\",\"@id\":\"https:\\\/\\\/uhhmami.com\\\/#organization\",\"name\":\"uhhmami\",\"alternateName\":\"Uhh-mami\",\"url\":\"https:\\\/\\\/uhhmami.com\\\/\",\"logo\":{\"@type\":\"ImageObject\",\"inLanguage\":\"it-IT\",\"@id\":\"https:\\\/\\\/uhhmami.com\\\/#\\\/schema\\\/logo\\\/image\\\/\",\"url\":\"https:\\\/\\\/zwthke5j.photoncache.com\\\/wp-content\\\/uploads\\\/2025\\\/06\\\/Logo-sort-svg.svg\",\"contentUrl\":\"https:\\\/\\\/zwthke5j.photoncache.com\\\/wp-content\\\/uploads\\\/2025\\\/06\\\/Logo-sort-svg.svg\",\"caption\":\"uhhmami\"},\"image\":{\"@id\":\"https:\\\/\\\/uhhmami.com\\\/#\\\/schema\\\/logo\\\/image\\\/\"},\"sameAs\":[\"https:\\\/\\\/www.facebook.com\\\/profile.php?id=61555778644895\",\"https:\\\/\\\/www.instagram.com\\\/uhhmami_official\\\/\"],\"description\":\"About Uhhmami \u2013 Pure flavour, Easy to Use, and Sustainable At Uhhmami, we make it easy to create delicious meals with clean, sustainable ingredients. Our mission is to rethink cooking by offering simple solutions that add depth and richness to your dishes\u2014without compromising on quality or sustainability. Our Philosophy: flavour and Sustainability in Harmony We believe great food starts with great ingredients. That\u2019s why we develop natural, fermented flavour enhancers that bring out umami and simplify your cooking. With Uhhmami, you can easily add restaurant-quality taste to soups, sauces, and vegetable dishes in seconds. Why Choose Uhhmami? \u2705 Pure flavour: Made from carefully selected, natural ingredients with no additives. \u2705 Easy to use: A small amount instantly elevates your dish. \u2705 A sustainable choice: Less food waste and a lower carbon footprint than traditional bouillons. \u2705 High quality: Developed by Michelin-star chef Frank Lantz for the best taste experience. Take a step toward a greener, more flavourful future\u2014one dish at a time. Visit Uhhmami.com to discover how easy it is to cook with depth and richness!\",\"legalName\":\"Uhhmami\",\"foundingDate\":\"2022-10-01\",\"numberOfEmployees\":{\"@type\":\"QuantitativeValue\",\"minValue\":\"1\",\"maxValue\":\"10\"}}]}<\/script>\n<!-- \/ Yoast SEO Premium plugin. -->","yoast_head_json":{"title":"Informativa sulla privacy | Uhhmami - I vostri dati, la vostra fiducia","description":"Scopri come Uhhmami protegge i tuoi dati personali. La nostra Informativa sulla privacy illustra le pratiche di raccolta, utilizzo e sicurezza dei dati per garantire i tuoi acquisti.","robots":{"index":"index","follow":"follow","max-snippet":"max-snippet:-1","max-image-preview":"max-image-preview:large","max-video-preview":"max-video-preview:-1"},"canonical":"https:\/\/uhhmami.com\/it\/politica-privata\/?wmc-currency=EUR","og_locale":"it_IT","og_type":"article","og_title":"Privacy Policy","og_description":"Learn how Uhhmami protects your personal information. Our Privacy Policy explains data collection, usage, and security practices to ensure your shopping","og_url":"https:\/\/uhhmami.com\/it\/politica-privata\/?wmc-currency=EUR","og_site_name":"uhhmami","article_publisher":"https:\/\/www.facebook.com\/profile.php?id=61555778644895","article_modified_time":"2026-01-19T14:54:40+00:00","twitter_card":"summary_large_image","twitter_misc":{"Tempo di lettura stimato":"3 minuti"},"schema":{"@context":"https:\/\/schema.org","@graph":[{"@type":"WebPage","@id":"https:\/\/uhhmami.com\/privatlivspolitik\/","url":"https:\/\/uhhmami.com\/privatlivspolitik\/","name":"Informativa sulla privacy | Uhhmami - I vostri dati, la vostra fiducia","isPartOf":{"@id":"https:\/\/uhhmami.com\/#website"},"datePublished":"2023-12-19T12:48:06+00:00","dateModified":"2026-01-19T14:54:40+00:00","description":"Scopri come Uhhmami protegge i tuoi dati personali. La nostra Informativa sulla privacy illustra le pratiche di raccolta, utilizzo e sicurezza dei dati per garantire i tuoi acquisti.","breadcrumb":{"@id":"https:\/\/uhhmami.com\/privatlivspolitik\/#breadcrumb"},"inLanguage":"it-IT","potentialAction":[{"@type":"ReadAction","target":["https:\/\/uhhmami.com\/privatlivspolitik\/"]}]},{"@type":"BreadcrumbList","@id":"https:\/\/uhhmami.com\/privatlivspolitik\/#breadcrumb","itemListElement":[{"@type":"ListItem","position":1,"name":"Home","item":"https:\/\/uhhmami.com\/"},{"@type":"ListItem","position":2,"name":"Privacy Policy"}]},{"@type":"WebSite","@id":"https:\/\/uhhmami.com\/#website","url":"https:\/\/uhhmami.com\/","name":"uhhmami","description":"","publisher":{"@id":"https:\/\/uhhmami.com\/#organization"},"potentialAction":[{"@type":"SearchAction","target":{"@type":"EntryPoint","urlTemplate":"https:\/\/uhhmami.com\/?s={search_term_string}"},"query-input":{"@type":"PropertyValueSpecification","valueRequired":true,"valueName":"search_term_string"}}],"inLanguage":"it-IT"},{"@type":"Organization","@id":"https:\/\/uhhmami.com\/#organization","name":"uhhmami","alternateName":"Uhh-mami","url":"https:\/\/uhhmami.com\/","logo":{"@type":"ImageObject","inLanguage":"it-IT","@id":"https:\/\/uhhmami.com\/#\/schema\/logo\/image\/","url":"https:\/\/zwthke5j.photoncache.com\/wp-content\/uploads\/2025\/06\/Logo-sort-svg.svg","contentUrl":"https:\/\/zwthke5j.photoncache.com\/wp-content\/uploads\/2025\/06\/Logo-sort-svg.svg","caption":"uhhmami"},"image":{"@id":"https:\/\/uhhmami.com\/#\/schema\/logo\/image\/"},"sameAs":["https:\/\/www.facebook.com\/profile.php?id=61555778644895","https:\/\/www.instagram.com\/uhhmami_official\/"],"description":"Uhhmami - Gusto puro, facile da usare e sostenibile Uhhmami rende facile creare piatti deliziosi con ingredienti puliti e sostenibili. La nostra missione \u00e8 ripensare la cucina offrendo soluzioni semplici che aggiungono profondit\u00e0 e ricchezza ai vostri piatti, senza compromettere la qualit\u00e0 o la sostenibilit\u00e0. La nostra filosofia: Sapore e sostenibilit\u00e0 in armonia Crediamo che un ottimo cibo inizi con ottimi ingredienti. Ecco perch\u00e9 sviluppiamo esaltatori di sapidit\u00e0 naturali e fermentati che esaltano l'umami e semplificano la cottura. Con Uhhmami \u00e8 possibile aggiungere facilmente un sapore da ristorante a zuppe, salse e piatti a base di verdure in pochi secondi. Perch\u00e9 scegliere Uhhmami? Gusto puro: Prodotto con ingredienti naturali accuratamente selezionati e senza additivi. Facile da usare: Una piccola quantit\u00e0 eleva istantaneamente il piatto. \u2705 Una scelta sostenibile: Meno sprechi di cibo e un'impronta di carbonio inferiore rispetto ai bouillon tradizionali. \u2705 Alta qualit\u00e0: Sviluppato dallo chef stellato Frank Lantz per un'esperienza di gusto ottimale. Fate un passo verso un futuro pi\u00f9 verde e saporito, un piatto alla volta. Visitate Uhhmami.com per scoprire quanto sia facile cucinare con profondit\u00e0 e ricchezza!","legalName":"Uhhmami","foundingDate":"2022-10-01","numberOfEmployees":{"@type":"QuantitativeValue","minValue":"1","maxValue":"10"}}]}},"jetpack_sharing_enabled":true,"_links":{"self":[{"href":"https:\/\/uhhmami.com\/it\/wp-json\/wp\/v2\/pages\/3","targetHints":{"allow":["GET"]}}],"collection":[{"href":"https:\/\/uhhmami.com\/it\/wp-json\/wp\/v2\/pages"}],"about":[{"href":"https:\/\/uhhmami.com\/it\/wp-json\/wp\/v2\/types\/page"}],"author":[{"embeddable":true,"href":"https:\/\/uhhmami.com\/it\/wp-json\/wp\/v2\/users\/1"}],"replies":[{"embeddable":true,"href":"https:\/\/uhhmami.com\/it\/wp-json\/wp\/v2\/comments?post=3"}],"version-history":[{"count":2,"href":"https:\/\/uhhmami.com\/it\/wp-json\/wp\/v2\/pages\/3\/revisions"}],"predecessor-version":[{"id":8737,"href":"https:\/\/uhhmami.com\/it\/wp-json\/wp\/v2\/pages\/3\/revisions\/8737"}],"wp:attachment":[{"href":"https:\/\/uhhmami.com\/it\/wp-json\/wp\/v2\/media?parent=3"}],"curies":[{"name":"wp","href":"https:\/\/api.w.org\/{rel}","templated":true}]}}