{"id":72,"date":"2023-12-20T10:40:57","date_gmt":"2023-12-20T09:40:57","guid":{"rendered":"https:\/\/uhhmami.test\/?page_id=72"},"modified":"2025-12-18T09:48:57","modified_gmt":"2025-12-18T08:48:57","slug":"conditions-commerciales","status":"publish","type":"page","link":"https:\/\/uhhmami.com\/fr\/trading-conditions\/","title":{"rendered":"Conditions commerciales"},"content":{"rendered":"<div class=\"wp-block-group has-global-padding is-layout-constrained wp-block-group-is-layout-constrained\">\n<h1 class=\"wp-block-heading\" id=\"h-trading-conditions\">Conditions commerciales<\/h1>\n\n\n\n<h3 class=\"wp-block-heading\" id=\"h-terms-and-conditions-for-uhhmami\">Conditions g\u00e9n\u00e9rales d'utilisation de l'Uhhmami<\/h3>\n\n\n\n<p class=\"has-text-align-left\">The Social Markets ApS \/ Uhhmami ApS&nbsp;<\/p>\n\n\n\n<p class=\"has-text-align-left\">Tj\u00f8rneg\u00e5rdsvej 31<br>4000 Roskilde<br>WhatsApp \/ T\u00e9l\u00e9phone : +45 53 76 93 73<\/p>\n\n\n\n<p class=\"has-text-align-left\">team@uhhmami.com<\/p>\n\n\n\n<p class=\"has-text-align-left\">CVR\/VAT : DK40951296<\/p>\n\n\n\n<h2 class=\"wp-block-heading\" id=\"h-payment\">Paiement<\/h2>\n\n\n\n<p>Uhhmami accepte les paiements en ligne avec les cartes de cr\u00e9dit suivantes : Visa, Mastercard, Mobilepay Online, Visa Electron, Maestro, Paypal, ApplePay et Googlepay.<\/p>\n\n\n\n<p>Le paiement ne sera d\u00e9duit de votre compte qu'au moment de l'exp\u00e9dition de l'article physique ou de la cr\u00e9ation du produit virtuel, sauf accord ou mention contraire dans votre commande.<\/p>\n\n\n\n<p>Tous les prix indiqu\u00e9s sur le site Internet s'entendent TVA comprise.<br>Le site Internet utilise les devises suivantes pour la fixation des prix :<br>Danemark - Couronne (DKK), \u00c9tats-Unis - Dollars (USD), Euro (EUR), Norv\u00e8ge - Couronne (NOK), Su\u00e8de - Couronne (SEK), Royaume-Uni - Livres (GBP)<\/p>\n\n\n\n<p>Uhhmami utilise un serveur de paiement s\u00e9curis\u00e9 qui crypte toutes les informations avec le protocole SSL, ce qui signifie que vos donn\u00e9es sont s\u00e9curis\u00e9es et ne peuvent pas \u00eatre lues par des tiers.<\/p>\n\n\n\n<h2 class=\"wp-block-heading\" id=\"h-delivery-and-shipment\">Livraison et exp\u00e9dition<\/h2>\n\n\n\n<p>Le d\u00e9lai de livraison de votre commande est de 1 \u00e0 3 jours.<\/p>\n\n\n\n<p>Toutes les commandes de Uhhmami sont exp\u00e9di\u00e9es par GLS.<\/p>\n\n\n\n<p>Les frais de transport sont calcul\u00e9s en fonction du poids des articles.<\/p>\n\n\n\n<p>Vous pouvez choisir de faire livrer votre envoi \u00e0 votre domicile ou au magasin de colis le plus proche.<\/p>\n\n\n\n<p>Vous recevrez un num\u00e9ro de suivi lors de l'exp\u00e9dition, qui vous permettra de suivre l'envoi \u00e0 tout moment.<\/p>\n\n\n\n<h2 class=\"wp-block-heading\" id=\"h-if-you-regret-your-purchase-withdrawal\">Si vous regrettez votre achat (r\u00e9tractation)<\/h2>\n\n\n\n<p>Uhhmami offre un remboursement int\u00e9gral sous 14 jours pour les produits achet\u00e9s sur le site web, sauf accord ou mention contraire dans votre commande.<\/p>\n\n\n\n<p>La p\u00e9riode de 14 jours commence le jour de la livraison de la commande.<\/p>\n\n\n\n<p>Les frais de retour que vous avez vous-m\u00eame engag\u00e9s.<\/p>\n\n\n\n<p>La demande d'annulation doit nous \u00eatre notifi\u00e9e au plus tard 14 jours apr\u00e8s la livraison, et nous parvenir au plus tard 14 jours apr\u00e8s que nous ayons \u00e9t\u00e9 inform\u00e9s de votre utilisation du droit d'annulation\/r\u00e9tractation.<\/p>\n\n\n\n<h2 class=\"wp-block-heading\" id=\"h-condition-of-the-item-you-have-returned\">\u00c9tat de l'article retourn\u00e9<\/h2>\n\n\n\n<p>Vous \u00eates responsable de l'\u00e9tat du produit et de la diminution de la valeur des marchandises caus\u00e9e par une manipulation autre que celle n\u00e9cessaire pour d\u00e9terminer la nature, les caract\u00e9ristiques et la fonction des marchandises.<br>Cela signifie que vous devez essayer l'article de la m\u00eame mani\u00e8re que si vous faisiez vos achats dans un magasin physique.<\/p>\n\n\n\n<p>Si l'article est test\u00e9\/utilis\u00e9 en plus de ce qui est d\u00e9crit ci-dessus, il est consid\u00e9r\u00e9 comme utilis\u00e9 et de moindre valeur. Cela signifie qu'en cas d'annulation de l'achat, vous ne recevrez qu'une petite partie ou aucun remboursement du montant de l'achat. Il appartient \u00e0 Uhhmami d'\u00e9valuer l'\u00e9tat de l'article.<\/p>\n\n\n\n<h2 class=\"wp-block-heading\" id=\"h-warranty\">Garantie<\/h2>\n\n\n\n<p>Les produits b\u00e9n\u00e9ficient d'une garantie de 2 ans conform\u00e9ment \u00e0 la loi danoise sur les ventes. La garantie s'applique \u00e0 toutes les erreurs de logiciel, de mat\u00e9riel et de fabrication.<\/p>\n\n\n\n<p>Les r\u00e9clamations concernant les erreurs et les d\u00e9fauts doivent \u00eatre signal\u00e9es \u00e0 Uhhmami dans un d\u00e9lai raisonnable apr\u00e8s la r\u00e9ception des marchandises. Nous consid\u00e9rons un maximum de mois comme un d\u00e9lai raisonnable, sauf accord contraire. Nous rembourserons les frais d'exp\u00e9dition raisonnables.<\/p>\n\n\n\n<p>La plainte renonce au droit \u00e0 la garantie si les articles sont manipul\u00e9s de mani\u00e8re incorrecte ou inhabituelle.<\/p>\n\n\n\n<p>Uhhmami couvre les frais de retour dans une mesure raisonnable.<\/p>\n\n\n\n<p>En cas de retour, veuillez nous contacter \u00e0 l'adresse suivante<\/p>\n\n\n\n<p><strong>Uhhmami<\/strong><br>Tj\u00f8rneg\u00e5rdsvej 31<\/p>\n\n\n\n<p>T\u00e9l\u00e9phone : +4553769373<\/p>\n\n\n\n<p>Les r\u00e9clamations relatives \u00e0 la garantie seront&nbsp;<strong>pas<\/strong>&nbsp;sont accept\u00e9es si elles sont envoy\u00e9es par un syst\u00e8me de contre-remboursement.<\/p>\n\n\n\n<h2 class=\"wp-block-heading\" id=\"h-customer-amp-privacy-policy\">Politique \u00e0 l'\u00e9gard des clients et de la vie priv\u00e9e<\/h2>\n\n\n\n<p>Nous ne revendons pas les informations personnelles et ne les transmettons pas \u00e0 d'autres personnes. Elles sont uniquement enregistr\u00e9es dans notre r\u00e9pertoire de clients. Vous pouvez supprimer vos informations \u00e0 tout moment.<\/p>\n\n\n\n<p>Pour que vous puissiez conclure un accord avec Uhhmami, nous avons besoin des informations suivantes :<\/p>\n\n\n\n<p>. Nom<br>. Adresse<br>. Num\u00e9ro de t\u00e9l\u00e9phone<br>. Adresse \u00e9lectronique<\/p>\n\n\n\n<p>Nous enregistrons vos donn\u00e9es personnelles dans le but de vous livrer les marchandises.<\/p>\n\n\n\n<p>Les informations personnelles sont enregistr\u00e9es aupr\u00e8s d'Uhhmami et stock\u00e9es pour une dur\u00e9e maximale de cinq ans, apr\u00e8s quoi elles sont supprim\u00e9es.<\/p>\n\n\n\n<p>Lorsque nous collectons des informations personnelles via notre site web, nous veillons \u00e0 ce que cela se fasse toujours avec votre consentement explicite, de sorte que vous soyez inform\u00e9 exactement des informations collect\u00e9es et des raisons pour lesquelles elles le sont.<\/p>\n\n\n\n<p>Le directeur et les employ\u00e9s d'Uhhmami ont acc\u00e8s aux informations enregistr\u00e9es \u00e0 votre sujet.<\/p>\n\n\n\n<p>Le gestionnaire de donn\u00e9es \u00e0 Uhhmami est : Frank Lantz.<\/p>\n\n\n\n<p>Nous ne stockons pas et ne transmettons pas les informations des clients de mani\u00e8re crypt\u00e9e.<\/p>\n\n\n\n<p><strong>Cookies<\/strong><\/p>\n\n\n\n<p>Sur https:\/\/www.uhhmami.com, les cookies sont utilis\u00e9s dans le but d'optimiser le site web et sa fonctionnalit\u00e9, afin de rendre la visite aussi facile que possible.<\/p>\n\n\n\n<p>Vous pouvez supprimer les cookies de votre ordinateur \u00e0 tout moment.&nbsp;<a href=\"https:\/\/uhhmami.com\/fr\/politique-de-remboursement-et-de-retour\/?wmc-currency=EUR\" target=\"_blank\" rel=\"noreferrer noopener\">Cookies et politique de confidentialit\u00e9 de la boutique en ligne<\/a>.<\/p>\n\n\n\n<h2 class=\"wp-block-heading\" id=\"h-consumer-protection\">Protection des consommateurs<\/h2>\n\n\n\n<p>En savoir plus sur la protection des consommateurs lors d'un paiement en ligne avec la solution de service de paiement Stripe :<br><a href=\"https:\/\/stripe.com\/en-dk\/resources\/more\/secure-payment-systems-explained?utm_source=chatgpt.com\">Paiement<\/a><\/p>\n\n\n\n<h2 class=\"wp-block-heading\" id=\"h-complaints\">Plaintes<\/h2>\n\n\n\n<p>Les plaintes concernant le produit peuvent \u00eatre envoy\u00e9es \u00e0<\/p>\n\n\n\n<p><strong>Conseil de la concurrence et de l'industrie de la viande<\/strong><br>Carl Jacobsens Vej 35<br>2500 Valby<br><a href=\"http:\/\/www.forbrug.dk\/\" rel=\"noreferrer noopener\" target=\"_blank\">www.forbrug.dk<\/a><\/p>\n\n\n\n<p>Pour les citoyens europ\u00e9ens r\u00e9sidant en dehors de l'Europe, les plaintes doivent \u00eatre d\u00e9pos\u00e9es via la plateforme de plaintes en ligne des commissions de l'UE.<br><a href=\"http:\/\/ec.europa.eu\/consumers\/odr\/\" rel=\"noreferrer noopener\" target=\"_blank\">ec.europa.eu<\/a><\/p>\n\n\n\n<p>Pour vous plaindre, vous devez d\u00e9noncer notre adresse \u00e9lectronique,&nbsp;<a href=\"mailto:team@uhhmami.com\">team@uhhmami.com<\/a>et le site sur lequel vous avez effectu\u00e9 votre achat.<\/p>\n<\/div>","protected":false},"excerpt":{"rendered":"<p>Trading conditions Terms and Conditions for Uhhmami The Social Markets ApS \/ Uhhmami ApS&nbsp; Tj\u00f8rneg\u00e5rdsvej 314000 RoskildeWhatsApp \/ Phone:&nbsp;+45 53 76 93 73 team@uhhmami.com CVR\/VAT: DK40951296 Payment Uhhmami accepts online payments with the following credit cards Visa, Mastercard, Mobilepay Online, Visa Electron, Maestro, Paypal, ApplePay &amp; Googlepay. Payment will only be deducted from your account [&hellip;]<\/p>\n","protected":false},"author":1,"featured_media":0,"parent":0,"menu_order":0,"comment_status":"closed","ping_status":"closed","template":"","meta":{"iawp_total_views":285,"footnotes":""},"class_list":["post-72","page","type-page","status-publish","hentry"],"yoast_head":"<!-- This site is optimized with the Yoast SEO Premium plugin v27.5 (Yoast SEO v27.6) - https:\/\/yoast.com\/product\/yoast-seo-premium-wordpress\/ -->\n<title>Trading Conditions | Uhhmami - Secure Online Payments<\/title>\n<meta name=\"description\" content=\"Uhhmami accepts secure online payments via Visa, Mastercard, PayPal, ApplePay, and more. Payment is deducted once the item ships or the product is created.\" \/>\n<meta name=\"robots\" content=\"index, follow, max-snippet:-1, max-image-preview:large, max-video-preview:-1\" \/>\n<link rel=\"canonical\" href=\"https:\/\/uhhmami.com\/fr\/conditions-commerciales\/?wmc-currency=EUR\" \/>\n<meta property=\"og:locale\" content=\"fr_FR\" \/>\n<meta property=\"og:type\" content=\"article\" \/>\n<meta property=\"og:title\" content=\"Trading Conditions\" \/>\n<meta property=\"og:description\" content=\"Uhhmami accepts secure online payments via Visa, Mastercard, PayPal, ApplePay, and more. Payment is deducted once the item ships or the product is created.\" \/>\n<meta property=\"og:url\" content=\"https:\/\/uhhmami.com\/fr\/conditions-commerciales\/?wmc-currency=EUR\" \/>\n<meta property=\"og:site_name\" content=\"uhhmami\" \/>\n<meta property=\"article:publisher\" content=\"https:\/\/www.facebook.com\/profile.php?id=61555778644895\" \/>\n<meta property=\"article:modified_time\" content=\"2025-12-18T08:48:57+00:00\" \/>\n<meta name=\"twitter:card\" content=\"summary_large_image\" \/>\n<meta name=\"twitter:label1\" content=\"Dur\u00e9e de lecture estim\u00e9e\" \/>\n\t<meta name=\"twitter:data1\" content=\"4 minutes\" \/>\n<script type=\"application\/ld+json\" class=\"yoast-schema-graph\">{\"@context\":\"https:\\\/\\\/schema.org\",\"@graph\":[{\"@type\":\"WebPage\",\"@id\":\"https:\\\/\\\/uhhmami.com\\\/trading-conditions\\\/\",\"url\":\"https:\\\/\\\/uhhmami.com\\\/trading-conditions\\\/\",\"name\":\"Trading Conditions | Uhhmami - Secure Online Payments\",\"isPartOf\":{\"@id\":\"https:\\\/\\\/uhhmami.com\\\/#website\"},\"datePublished\":\"2023-12-20T09:40:57+00:00\",\"dateModified\":\"2025-12-18T08:48:57+00:00\",\"description\":\"Uhhmami accepts secure online payments via Visa, Mastercard, PayPal, ApplePay, and more. Payment is deducted once the item ships or the product is created.\",\"breadcrumb\":{\"@id\":\"https:\\\/\\\/uhhmami.com\\\/trading-conditions\\\/#breadcrumb\"},\"inLanguage\":\"fr-FR\",\"potentialAction\":[{\"@type\":\"ReadAction\",\"target\":[\"https:\\\/\\\/uhhmami.com\\\/trading-conditions\\\/\"]}]},{\"@type\":\"BreadcrumbList\",\"@id\":\"https:\\\/\\\/uhhmami.com\\\/trading-conditions\\\/#breadcrumb\",\"itemListElement\":[{\"@type\":\"ListItem\",\"position\":1,\"name\":\"Home\",\"item\":\"https:\\\/\\\/uhhmami.com\\\/\"},{\"@type\":\"ListItem\",\"position\":2,\"name\":\"Trading Conditions\"}]},{\"@type\":\"WebSite\",\"@id\":\"https:\\\/\\\/uhhmami.com\\\/#website\",\"url\":\"https:\\\/\\\/uhhmami.com\\\/\",\"name\":\"uhhmami\",\"description\":\"\",\"publisher\":{\"@id\":\"https:\\\/\\\/uhhmami.com\\\/#organization\"},\"potentialAction\":[{\"@type\":\"SearchAction\",\"target\":{\"@type\":\"EntryPoint\",\"urlTemplate\":\"https:\\\/\\\/uhhmami.com\\\/?s={search_term_string}\"},\"query-input\":{\"@type\":\"PropertyValueSpecification\",\"valueRequired\":true,\"valueName\":\"search_term_string\"}}],\"inLanguage\":\"fr-FR\"},{\"@type\":\"Organization\",\"@id\":\"https:\\\/\\\/uhhmami.com\\\/#organization\",\"name\":\"uhhmami\",\"alternateName\":\"Uhh-mami\",\"url\":\"https:\\\/\\\/uhhmami.com\\\/\",\"logo\":{\"@type\":\"ImageObject\",\"inLanguage\":\"fr-FR\",\"@id\":\"https:\\\/\\\/uhhmami.com\\\/#\\\/schema\\\/logo\\\/image\\\/\",\"url\":\"https:\\\/\\\/zwthke5j.photoncache.com\\\/wp-content\\\/uploads\\\/2025\\\/06\\\/Logo-sort-svg.svg\",\"contentUrl\":\"https:\\\/\\\/zwthke5j.photoncache.com\\\/wp-content\\\/uploads\\\/2025\\\/06\\\/Logo-sort-svg.svg\",\"caption\":\"uhhmami\"},\"image\":{\"@id\":\"https:\\\/\\\/uhhmami.com\\\/#\\\/schema\\\/logo\\\/image\\\/\"},\"sameAs\":[\"https:\\\/\\\/www.facebook.com\\\/profile.php?id=61555778644895\",\"https:\\\/\\\/www.instagram.com\\\/uhhmami_official\\\/\"],\"description\":\"About Uhhmami \u2013 Pure flavour, Easy to Use, and Sustainable At Uhhmami, we make it easy to create delicious meals with clean, sustainable ingredients. Our mission is to rethink cooking by offering simple solutions that add depth and richness to your dishes\u2014without compromising on quality or sustainability. Our Philosophy: flavour and Sustainability in Harmony We believe great food starts with great ingredients. That\u2019s why we develop natural, fermented flavour enhancers that bring out umami and simplify your cooking. With Uhhmami, you can easily add restaurant-quality taste to soups, sauces, and vegetable dishes in seconds. Why Choose Uhhmami? \u2705 Pure flavour: Made from carefully selected, natural ingredients with no additives. \u2705 Easy to use: A small amount instantly elevates your dish. \u2705 A sustainable choice: Less food waste and a lower carbon footprint than traditional bouillons. \u2705 High quality: Developed by Michelin-star chef Frank Lantz for the best taste experience. Take a step toward a greener, more flavourful future\u2014one dish at a time. Visit Uhhmami.com to discover how easy it is to cook with depth and richness!\",\"legalName\":\"Uhhmami\",\"foundingDate\":\"2022-10-01\",\"numberOfEmployees\":{\"@type\":\"QuantitativeValue\",\"minValue\":\"1\",\"maxValue\":\"10\"}}]}<\/script>\n<!-- \/ Yoast SEO Premium plugin. -->","yoast_head_json":{"title":"Conditions g\u00e9n\u00e9rales de vente | Uhhmami - Paiements en ligne s\u00e9curis\u00e9s","description":"Uhhmami accepte les paiements en ligne s\u00e9curis\u00e9s par Visa, Mastercard, PayPal, ApplePay, etc. Le paiement est d\u00e9duit une fois que l'article est exp\u00e9di\u00e9 ou que le produit est cr\u00e9\u00e9.","robots":{"index":"index","follow":"follow","max-snippet":"max-snippet:-1","max-image-preview":"max-image-preview:large","max-video-preview":"max-video-preview:-1"},"canonical":"https:\/\/uhhmami.com\/fr\/conditions-commerciales\/?wmc-currency=EUR","og_locale":"fr_FR","og_type":"article","og_title":"Trading Conditions","og_description":"Uhhmami accepts secure online payments via Visa, Mastercard, PayPal, ApplePay, and more. Payment is deducted once the item ships or the product is created.","og_url":"https:\/\/uhhmami.com\/fr\/conditions-commerciales\/?wmc-currency=EUR","og_site_name":"uhhmami","article_publisher":"https:\/\/www.facebook.com\/profile.php?id=61555778644895","article_modified_time":"2025-12-18T08:48:57+00:00","twitter_card":"summary_large_image","twitter_misc":{"Dur\u00e9e de lecture estim\u00e9e":"4 minutes"},"schema":{"@context":"https:\/\/schema.org","@graph":[{"@type":"WebPage","@id":"https:\/\/uhhmami.com\/trading-conditions\/","url":"https:\/\/uhhmami.com\/trading-conditions\/","name":"Conditions g\u00e9n\u00e9rales de vente | Uhhmami - Paiements en ligne s\u00e9curis\u00e9s","isPartOf":{"@id":"https:\/\/uhhmami.com\/#website"},"datePublished":"2023-12-20T09:40:57+00:00","dateModified":"2025-12-18T08:48:57+00:00","description":"Uhhmami accepte les paiements en ligne s\u00e9curis\u00e9s par Visa, Mastercard, PayPal, ApplePay, etc. Le paiement est d\u00e9duit une fois que l'article est exp\u00e9di\u00e9 ou que le produit est cr\u00e9\u00e9.","breadcrumb":{"@id":"https:\/\/uhhmami.com\/trading-conditions\/#breadcrumb"},"inLanguage":"fr-FR","potentialAction":[{"@type":"ReadAction","target":["https:\/\/uhhmami.com\/trading-conditions\/"]}]},{"@type":"BreadcrumbList","@id":"https:\/\/uhhmami.com\/trading-conditions\/#breadcrumb","itemListElement":[{"@type":"ListItem","position":1,"name":"Home","item":"https:\/\/uhhmami.com\/"},{"@type":"ListItem","position":2,"name":"Trading Conditions"}]},{"@type":"WebSite","@id":"https:\/\/uhhmami.com\/#website","url":"https:\/\/uhhmami.com\/","name":"uhhmami","description":"","publisher":{"@id":"https:\/\/uhhmami.com\/#organization"},"potentialAction":[{"@type":"SearchAction","target":{"@type":"EntryPoint","urlTemplate":"https:\/\/uhhmami.com\/?s={search_term_string}"},"query-input":{"@type":"PropertyValueSpecification","valueRequired":true,"valueName":"search_term_string"}}],"inLanguage":"fr-FR"},{"@type":"Organization","@id":"https:\/\/uhhmami.com\/#organization","name":"uhhmami","alternateName":"Uhh-mami","url":"https:\/\/uhhmami.com\/","logo":{"@type":"ImageObject","inLanguage":"fr-FR","@id":"https:\/\/uhhmami.com\/#\/schema\/logo\/image\/","url":"https:\/\/zwthke5j.photoncache.com\/wp-content\/uploads\/2025\/06\/Logo-sort-svg.svg","contentUrl":"https:\/\/zwthke5j.photoncache.com\/wp-content\/uploads\/2025\/06\/Logo-sort-svg.svg","caption":"uhhmami"},"image":{"@id":"https:\/\/uhhmami.com\/#\/schema\/logo\/image\/"},"sameAs":["https:\/\/www.facebook.com\/profile.php?id=61555778644895","https:\/\/www.instagram.com\/uhhmami_official\/"],"description":"\u00c0 propos d'Uhhmami - Saveur pure, facile \u00e0 utiliser et durable Chez Uhhmami, nous facilitons la cr\u00e9ation de repas d\u00e9licieux avec des ingr\u00e9dients propres et durables. Notre mission est de repenser la cuisine en offrant des solutions simples qui ajoutent de la profondeur et de la richesse \u00e0 vos plats, sans compromis sur la qualit\u00e9 ou la durabilit\u00e9. Notre philosophie : Saveur et durabilit\u00e9 en harmonie Nous pensons qu'une bonne cuisine commence par de bons ingr\u00e9dients. C'est pourquoi nous d\u00e9veloppons des exhausteurs de go\u00fbt naturels et ferment\u00e9s qui font ressortir l'umami et simplifient votre cuisine. Avec Uhhmami, vous pouvez facilement ajouter un go\u00fbt de qualit\u00e9 restaurant aux soupes, aux sauces et aux plats de l\u00e9gumes en quelques secondes. Pourquoi choisir Uhhmami ? \u2705 Une saveur pure : Fabriqu\u00e9 \u00e0 partir d'ingr\u00e9dients naturels soigneusement s\u00e9lectionn\u00e9s, sans additifs. \u2705 Facile \u00e0 utiliser : Une petite quantit\u00e9 suffit pour rehausser instantan\u00e9ment votre plat. \u2705 Un choix durable : Moins de gaspillage alimentaire et une empreinte carbone plus faible que les bouillons traditionnels. \u2705 Haute qualit\u00e9 : D\u00e9velopp\u00e9 par le chef \u00e9toil\u00e9 Frank Lantz pour une exp\u00e9rience gustative optimale. Faites un pas vers un avenir plus vert et plus savoureux - un plat \u00e0 la fois. Visitez Uhhmami.com pour d\u00e9couvrir \u00e0 quel point il est facile de cuisiner avec profondeur et richesse !","legalName":"Uhhmami","foundingDate":"2022-10-01","numberOfEmployees":{"@type":"QuantitativeValue","minValue":"1","maxValue":"10"}}]}},"jetpack_sharing_enabled":true,"_links":{"self":[{"href":"https:\/\/uhhmami.com\/fr\/wp-json\/wp\/v2\/pages\/72","targetHints":{"allow":["GET"]}}],"collection":[{"href":"https:\/\/uhhmami.com\/fr\/wp-json\/wp\/v2\/pages"}],"about":[{"href":"https:\/\/uhhmami.com\/fr\/wp-json\/wp\/v2\/types\/page"}],"author":[{"embeddable":true,"href":"https:\/\/uhhmami.com\/fr\/wp-json\/wp\/v2\/users\/1"}],"replies":[{"embeddable":true,"href":"https:\/\/uhhmami.com\/fr\/wp-json\/wp\/v2\/comments?post=72"}],"version-history":[{"count":10,"href":"https:\/\/uhhmami.com\/fr\/wp-json\/wp\/v2\/pages\/72\/revisions"}],"predecessor-version":[{"id":10833,"href":"https:\/\/uhhmami.com\/fr\/wp-json\/wp\/v2\/pages\/72\/revisions\/10833"}],"wp:attachment":[{"href":"https:\/\/uhhmami.com\/fr\/wp-json\/wp\/v2\/media?parent=72"}],"curies":[{"name":"wp","href":"https:\/\/api.w.org\/{rel}","templated":true}]}}