{"id":72,"date":"2023-12-20T10:40:57","date_gmt":"2023-12-20T09:40:57","guid":{"rendered":"https:\/\/uhhmami.test\/?page_id=72"},"modified":"2025-12-18T09:48:57","modified_gmt":"2025-12-18T08:48:57","slug":"kaupankaynnin-edellytykset","status":"publish","type":"page","link":"https:\/\/uhhmami.com\/fi\/trading-conditions\/","title":{"rendered":"Kaupank\u00e4ynnin ehdot"},"content":{"rendered":"<div class=\"wp-block-group has-global-padding is-layout-constrained wp-block-group-is-layout-constrained\">\n<h1 class=\"wp-block-heading\" id=\"h-trading-conditions\">Kaupank\u00e4ynnin edellytykset<\/h1>\n\n\n\n<h3 class=\"wp-block-heading\" id=\"h-terms-and-conditions-for-uhhmami\">Uhhmamin ehdot ja edellytykset<\/h3>\n\n\n\n<p class=\"has-text-align-left\">The Social Markets ApS \/ Uhhmami ApS&nbsp;<\/p>\n\n\n\n<p class=\"has-text-align-left\">Tj\u00f8rneg\u00e5rdsvej 31<br>4000 Roskilde<br>WhatsApp \/ Puhelin: +45 53 76 93 73<\/p>\n\n\n\n<p class=\"has-text-align-left\">team@uhhmami.com<\/p>\n\n\n\n<p class=\"has-text-align-left\">CVR\/VAT: DK40951296<\/p>\n\n\n\n<h2 class=\"wp-block-heading\" id=\"h-payment\">Maksu<\/h2>\n\n\n\n<p>Uhhmami hyv\u00e4ksyy verkkomaksut seuraavilla luottokorteilla: Visa, Mastercard, Mobilepay Online, Visa Electron, Maestro, Paypal, ApplePay ja Googlepay.<\/p>\n\n\n\n<p>Maksu v\u00e4hennet\u00e4\u00e4n tililt\u00e4si vasta, kun fyysinen tuote on l\u00e4hetetty tai virtuaalinen tuote on luotu, ellei toisin ole sovittu tai ilmoitettu tilauksessasi.<\/p>\n\n\n\n<p>Kaikki verkkosivuston hinnat sis\u00e4lt\u00e4v\u00e4t arvonlis\u00e4veron.<br>Verkkosivusto k\u00e4ytt\u00e4\u00e4 seuraavia valuuttoja hinnoittelussa:<br>Tanska - kruunu (DKK), Yhdysvallat - dollari (USD), euro (EUR), Norja - kruunu (NOK), Ruotsi - kruunu (SEK), Yhdistynyt kuningaskunta - punta (GBP).<\/p>\n\n\n\n<p>Uhhmami k\u00e4ytt\u00e4\u00e4 suojattua maksupalvelinta, joka salaa kaikki tiedot SSL-protokollalla, mik\u00e4 tarkoittaa, ett\u00e4 tietosi ovat turvassa eiv\u00e4tk\u00e4 muut kolmannet osapuolet voi lukea niit\u00e4.<\/p>\n\n\n\n<h2 class=\"wp-block-heading\" id=\"h-delivery-and-shipment\">Toimitus ja l\u00e4hetys<\/h2>\n\n\n\n<p>Tilauksesi toimitusaika on 1-3 p\u00e4iv\u00e4\u00e4.<\/p>\n\n\n\n<p>Kaikki Uhhmamin tilaukset toimitetaan GLS:ll\u00e4.<\/p>\n\n\n\n<p>Rahtikustannukset lasketaan tuotteiden painon perusteella.<\/p>\n\n\n\n<p>Voit valita, haluatko l\u00e4hetyksen toimitettavaksi kotiosoitteeseesi tai l\u00e4himp\u00e4\u00e4n pakettikauppaan.<\/p>\n\n\n\n<p>Saat l\u00e4hetyksen yhteydess\u00e4 Track and Trace -numeron, jonka avulla voit seurata l\u00e4hetyst\u00e4 koko ajan.<\/p>\n\n\n\n<h2 class=\"wp-block-heading\" id=\"h-if-you-regret-your-purchase-withdrawal\">Jos kadut ostosta (peruuttaminen)<\/h2>\n\n\n\n<p>Uhhmami tarjoaa 14 p\u00e4iv\u00e4n t\u00e4yden hyvityksen verkkosivustolta ostetuista tavaroista, ellei toisin ole sovittu tai ellei tilauksessa ole toisin mainittu.<\/p>\n\n\n\n<p>14 p\u00e4iv\u00e4n m\u00e4\u00e4r\u00e4aika alkaa tilauksen toimitusp\u00e4iv\u00e4st\u00e4.<\/p>\n\n\n\n<p>Kaikki palautuskustannukset, jotka aiheutuvat sinulle itse.<\/p>\n\n\n\n<p>Peruuttamispyynt\u00f6 on ilmoitettava meille viimeist\u00e4\u00e4n 14 p\u00e4iv\u00e4\u00e4 toimituksen j\u00e4lkeen, ja sen on oltava meill\u00e4 viimeist\u00e4\u00e4n 14 p\u00e4iv\u00e4n kuluttua siit\u00e4, kun meille on ilmoitettu peruutusoikeuden k\u00e4ytt\u00e4misest\u00e4si.<\/p>\n\n\n\n<h2 class=\"wp-block-heading\" id=\"h-condition-of-the-item-you-have-returned\">Palautetun tuotteen kunto<\/h2>\n\n\n\n<p>Olet vastuussa tuotteen kunnosta ja tavaran arvon alenemisesta, joka johtuu siit\u00e4, ett\u00e4 tavaraa on k\u00e4sitelty muulla tavoin kuin on tarpeen tavaran luonteen, ominaisuuksien ja toiminnan m\u00e4\u00e4ritt\u00e4miseksi.<br>T\u00e4m\u00e4 tarkoittaa sit\u00e4, ett\u00e4 sinun on kokeiltava tuotetta samalla tavalla kuin jos tekisit ostoksia fyysisess\u00e4 myym\u00e4l\u00e4ss\u00e4.<\/p>\n\n\n\n<p>Jos esinett\u00e4 on testattu\/k\u00e4ytetty edell\u00e4 kuvatun lis\u00e4ksi, se katsotaan k\u00e4ytetyksi ja sen arvo on alentunut. T\u00e4m\u00e4 tarkoittaa sit\u00e4, ett\u00e4 kun osto peruutetaan, saat pienen osan tai ei mit\u00e4\u00e4n ostosummasta takaisin. Uhhmamin teht\u00e4v\u00e4n\u00e4 on arvioida tuotteen kunto.<\/p>\n\n\n\n<h2 class=\"wp-block-heading\" id=\"h-warranty\">Takuu<\/h2>\n\n\n\n<p>Tuotteilla on Tanskan myyntilain mukainen 2 vuoden takuu. Takuu koskee kaikkia ohjelmisto-, materiaali- ja valmistusvirheit\u00e4.<\/p>\n\n\n\n<p>Virheit\u00e4 ja puutteita koskevat valitukset on ilmoitettava Uhhmamille kohtuullisessa ajassa tavaroiden vastaanottamisen j\u00e4lkeen. Pid\u00e4mme kohtuullisena aikana enint\u00e4\u00e4n af kuukautta, ellei toisin sovita. Korvaamme kohtuulliset toimituskulut.<\/p>\n\n\n\n<p>Valituksessa luovutaan oikeudesta takuuseen, jos tavaroita on k\u00e4sitelty v\u00e4\u00e4rin tai ep\u00e4tavallisesti.<\/p>\n\n\n\n<p>Uhhmami kattaa palautuskustannukset kohtuullisessa m\u00e4\u00e4rin.<\/p>\n\n\n\n<p>Palauttaessasi ota meihin yhteytt\u00e4 osoitteeseen:<\/p>\n\n\n\n<p><strong>Uhhmami<\/strong><br>Tj\u00f8rneg\u00e5rdsvej 31<\/p>\n\n\n\n<p>Puhelin: +4553769373<\/p>\n\n\n\n<p>Takuuilmoitukset&nbsp;<strong>ei<\/strong>&nbsp;hyv\u00e4ksyt\u00e4\u00e4n, jos ne l\u00e4hetet\u00e4\u00e4n postiennakolla.<\/p>\n\n\n\n<h2 class=\"wp-block-heading\" id=\"h-customer-amp-privacy-policy\">Asiakas- ja tietosuojak\u00e4yt\u00e4nt\u00f6<\/h2>\n\n\n\n<p>Emme myy henkil\u00f6tietojasi eteenp\u00e4in emmek\u00e4 luovuta henkil\u00f6tietojasi muille. Ne rekister\u00f6id\u00e4\u00e4n ainoastaan asiakashakemistoomme. Voit poistaa tietosi milloin tahansa.<\/p>\n\n\n\n<p>Jotta voit tehd\u00e4 sopimuksen Uhhmamin kanssa, tarvitsemme seuraavat tiedot:<\/p>\n\n\n\n<p>. Nimi<br>. Osoite<br>. Puhelinnumero<br>. S\u00e4hk\u00f6postiosoite<\/p>\n\n\n\n<p>Rekister\u00f6imme henkil\u00f6tietosi, jotta voimme toimittaa tavarat sinulle.<\/p>\n\n\n\n<p>Henkil\u00f6tiedot rekister\u00f6id\u00e4\u00e4n Uhhmamiin, ja niit\u00e4 s\u00e4ilytet\u00e4\u00e4n enint\u00e4\u00e4n viisi vuotta, mink\u00e4 j\u00e4lkeen tiedot poistetaan.<\/p>\n\n\n\n<p>Kun ker\u00e4\u00e4mme henkil\u00f6tietoja verkkosivustomme kautta, varmistamme, ett\u00e4 se tapahtuu aina antamalla nimenomainen suostumuksesi, jotta sinulle ilmoitetaan tarkalleen, mit\u00e4 tietoja ker\u00e4t\u00e4\u00e4n ja miksi.<\/p>\n\n\n\n<p>Uhhmamin johtajalla ja ty\u00f6ntekij\u00f6ill\u00e4 on p\u00e4\u00e4sy sinusta tallennettuihin tietoihin.<\/p>\n\n\n\n<p>Uhhmamissa tietojen hallinnoija on: Frank Lantz.<\/p>\n\n\n\n<p>Emme s\u00e4ilyt\u00e4 emmek\u00e4 l\u00e4het\u00e4 asiakastietoja salattuna.<\/p>\n\n\n\n<p><strong>Ev\u00e4steet<\/strong><\/p>\n\n\n\n<p>Verkkosivustolla https:\/\/www.uhhmami.com ev\u00e4steit\u00e4 k\u00e4ytet\u00e4\u00e4n verkkosivuston ja sen toiminnallisuuden optimoimiseksi, jotta vierailu olisi sinulle mahdollisimman helppoa.<\/p>\n\n\n\n<p>Voit poistaa ev\u00e4steet tietokoneeltasi milloin tahansa, katso ohjeet osoitteesta&nbsp;<a href=\"https:\/\/uhhmami.com\/fi\/hyvitys-ja-palautusehdot\/?wmc-currency=EUR\" target=\"_blank\" rel=\"noreferrer noopener\">Verkkokaupan ev\u00e4steet ja tietosuojak\u00e4yt\u00e4nt\u00f6<\/a>.<\/p>\n\n\n\n<h2 class=\"wp-block-heading\" id=\"h-consumer-protection\">Kuluttajansuoja<\/h2>\n\n\n\n<p>Lue lis\u00e4\u00e4 kuluttajansuojasta, kun maksat verkossa Stripen maksupalveluratkaisulla:<br><a href=\"https:\/\/stripe.com\/en-dk\/resources\/more\/secure-payment-systems-explained?utm_source=chatgpt.com\">Maksu<\/a><\/p>\n\n\n\n<h2 class=\"wp-block-heading\" id=\"h-complaints\">Valitukset<\/h2>\n\n\n\n<p>Tuotetta koskevat valitukset voi l\u00e4hett\u00e4\u00e4 osoitteeseen:<\/p>\n\n\n\n<p><strong>Konkurrence- og Forbrugerstyrelsens<\/strong><br>Carl Jacobsens Vej 35<br>2500 Valby<br><a href=\"http:\/\/www.forbrug.dk\/\" rel=\"noreferrer noopener\" target=\"_blank\">www.forbrug.dk<\/a><\/p>\n\n\n\n<p>Euroopan ulkopuolella asuvien Euroopan kansalaisten valitukset on teht\u00e4v\u00e4 EU:n komission online-valitusfoorumin kautta.<br><a href=\"http:\/\/ec.europa.eu\/consumers\/odr\/\" rel=\"noreferrer noopener\" target=\"_blank\">ec.europa.eu<\/a><\/p>\n\n\n\n<p>Valittaessasi sinun on ilmoitettava s\u00e4hk\u00f6postiosoitteemme,&nbsp;<a href=\"mailto:team@uhhmami.com\">team@uhhmami.com<\/a>, ja sivusto, jolla teit ostoksesi.<\/p>\n<\/div>","protected":false},"excerpt":{"rendered":"<p>Trading conditions Terms and Conditions for Uhhmami The Social Markets ApS \/ Uhhmami ApS&nbsp; Tj\u00f8rneg\u00e5rdsvej 314000 RoskildeWhatsApp \/ Phone:&nbsp;+45 53 76 93 73 team@uhhmami.com CVR\/VAT: DK40951296 Payment Uhhmami accepts online payments with the following credit cards Visa, Mastercard, Mobilepay Online, Visa Electron, Maestro, Paypal, ApplePay &amp; Googlepay. Payment will only be deducted from your account [&hellip;]<\/p>\n","protected":false},"author":1,"featured_media":0,"parent":0,"menu_order":0,"comment_status":"closed","ping_status":"closed","template":"","meta":{"iawp_total_views":285,"footnotes":""},"class_list":["post-72","page","type-page","status-publish","hentry"],"yoast_head":"<!-- This site is optimized with the Yoast SEO Premium plugin v27.5 (Yoast SEO v27.6) - https:\/\/yoast.com\/product\/yoast-seo-premium-wordpress\/ -->\n<title>Trading Conditions | Uhhmami - Secure Online Payments<\/title>\n<meta name=\"description\" content=\"Uhhmami accepts secure online payments via Visa, Mastercard, PayPal, ApplePay, and more. Payment is deducted once the item ships or the product is created.\" \/>\n<meta name=\"robots\" content=\"index, follow, max-snippet:-1, max-image-preview:large, max-video-preview:-1\" \/>\n<link rel=\"canonical\" href=\"https:\/\/uhhmami.com\/fi\/kaupankaynnin-edellytykset\/?wmc-currency=EUR\" \/>\n<meta property=\"og:locale\" content=\"fi_FI\" \/>\n<meta property=\"og:type\" content=\"article\" \/>\n<meta property=\"og:title\" content=\"Trading Conditions\" \/>\n<meta property=\"og:description\" content=\"Uhhmami accepts secure online payments via Visa, Mastercard, PayPal, ApplePay, and more. Payment is deducted once the item ships or the product is created.\" \/>\n<meta property=\"og:url\" content=\"https:\/\/uhhmami.com\/fi\/kaupankaynnin-edellytykset\/?wmc-currency=EUR\" \/>\n<meta property=\"og:site_name\" content=\"uhhmami\" \/>\n<meta property=\"article:publisher\" content=\"https:\/\/www.facebook.com\/profile.php?id=61555778644895\" \/>\n<meta property=\"article:modified_time\" content=\"2025-12-18T08:48:57+00:00\" \/>\n<meta name=\"twitter:card\" content=\"summary_large_image\" \/>\n<meta name=\"twitter:label1\" content=\"Arvioitu lukuaika\" \/>\n\t<meta name=\"twitter:data1\" content=\"4 minuuttia\" \/>\n<script type=\"application\/ld+json\" class=\"yoast-schema-graph\">{\"@context\":\"https:\\\/\\\/schema.org\",\"@graph\":[{\"@type\":\"WebPage\",\"@id\":\"https:\\\/\\\/uhhmami.com\\\/trading-conditions\\\/\",\"url\":\"https:\\\/\\\/uhhmami.com\\\/trading-conditions\\\/\",\"name\":\"Trading Conditions | Uhhmami - Secure Online Payments\",\"isPartOf\":{\"@id\":\"https:\\\/\\\/uhhmami.com\\\/#website\"},\"datePublished\":\"2023-12-20T09:40:57+00:00\",\"dateModified\":\"2025-12-18T08:48:57+00:00\",\"description\":\"Uhhmami accepts secure online payments via Visa, Mastercard, PayPal, ApplePay, and more. Payment is deducted once the item ships or the product is created.\",\"breadcrumb\":{\"@id\":\"https:\\\/\\\/uhhmami.com\\\/trading-conditions\\\/#breadcrumb\"},\"inLanguage\":\"fi\",\"potentialAction\":[{\"@type\":\"ReadAction\",\"target\":[\"https:\\\/\\\/uhhmami.com\\\/trading-conditions\\\/\"]}]},{\"@type\":\"BreadcrumbList\",\"@id\":\"https:\\\/\\\/uhhmami.com\\\/trading-conditions\\\/#breadcrumb\",\"itemListElement\":[{\"@type\":\"ListItem\",\"position\":1,\"name\":\"Home\",\"item\":\"https:\\\/\\\/uhhmami.com\\\/\"},{\"@type\":\"ListItem\",\"position\":2,\"name\":\"Trading Conditions\"}]},{\"@type\":\"WebSite\",\"@id\":\"https:\\\/\\\/uhhmami.com\\\/#website\",\"url\":\"https:\\\/\\\/uhhmami.com\\\/\",\"name\":\"uhhmami\",\"description\":\"\",\"publisher\":{\"@id\":\"https:\\\/\\\/uhhmami.com\\\/#organization\"},\"potentialAction\":[{\"@type\":\"SearchAction\",\"target\":{\"@type\":\"EntryPoint\",\"urlTemplate\":\"https:\\\/\\\/uhhmami.com\\\/?s={search_term_string}\"},\"query-input\":{\"@type\":\"PropertyValueSpecification\",\"valueRequired\":true,\"valueName\":\"search_term_string\"}}],\"inLanguage\":\"fi\"},{\"@type\":\"Organization\",\"@id\":\"https:\\\/\\\/uhhmami.com\\\/#organization\",\"name\":\"uhhmami\",\"alternateName\":\"Uhh-mami\",\"url\":\"https:\\\/\\\/uhhmami.com\\\/\",\"logo\":{\"@type\":\"ImageObject\",\"inLanguage\":\"fi\",\"@id\":\"https:\\\/\\\/uhhmami.com\\\/#\\\/schema\\\/logo\\\/image\\\/\",\"url\":\"https:\\\/\\\/zwthke5j.photoncache.com\\\/wp-content\\\/uploads\\\/2025\\\/06\\\/Logo-sort-svg.svg\",\"contentUrl\":\"https:\\\/\\\/zwthke5j.photoncache.com\\\/wp-content\\\/uploads\\\/2025\\\/06\\\/Logo-sort-svg.svg\",\"caption\":\"uhhmami\"},\"image\":{\"@id\":\"https:\\\/\\\/uhhmami.com\\\/#\\\/schema\\\/logo\\\/image\\\/\"},\"sameAs\":[\"https:\\\/\\\/www.facebook.com\\\/profile.php?id=61555778644895\",\"https:\\\/\\\/www.instagram.com\\\/uhhmami_official\\\/\"],\"description\":\"About Uhhmami \u2013 Pure flavour, Easy to Use, and Sustainable At Uhhmami, we make it easy to create delicious meals with clean, sustainable ingredients. Our mission is to rethink cooking by offering simple solutions that add depth and richness to your dishes\u2014without compromising on quality or sustainability. Our Philosophy: flavour and Sustainability in Harmony We believe great food starts with great ingredients. That\u2019s why we develop natural, fermented flavour enhancers that bring out umami and simplify your cooking. With Uhhmami, you can easily add restaurant-quality taste to soups, sauces, and vegetable dishes in seconds. Why Choose Uhhmami? \u2705 Pure flavour: Made from carefully selected, natural ingredients with no additives. \u2705 Easy to use: A small amount instantly elevates your dish. \u2705 A sustainable choice: Less food waste and a lower carbon footprint than traditional bouillons. \u2705 High quality: Developed by Michelin-star chef Frank Lantz for the best taste experience. Take a step toward a greener, more flavourful future\u2014one dish at a time. Visit Uhhmami.com to discover how easy it is to cook with depth and richness!\",\"legalName\":\"Uhhmami\",\"foundingDate\":\"2022-10-01\",\"numberOfEmployees\":{\"@type\":\"QuantitativeValue\",\"minValue\":\"1\",\"maxValue\":\"10\"}}]}<\/script>\n<!-- \/ Yoast SEO Premium plugin. -->","yoast_head_json":{"title":"Kaupank\u00e4ynnin ehdot | Uhhmami - Turvalliset verkkomaksut","description":"Uhhmami hyv\u00e4ksyy turvalliset verkkomaksut muun muassa Visan, Mastercardin, PayPalin ja ApplePayn kautta. Maksu v\u00e4hennet\u00e4\u00e4n, kun tuote l\u00e4hetet\u00e4\u00e4n tai tuote on luotu.","robots":{"index":"index","follow":"follow","max-snippet":"max-snippet:-1","max-image-preview":"max-image-preview:large","max-video-preview":"max-video-preview:-1"},"canonical":"https:\/\/uhhmami.com\/fi\/kaupankaynnin-edellytykset\/?wmc-currency=EUR","og_locale":"fi_FI","og_type":"article","og_title":"Trading Conditions","og_description":"Uhhmami accepts secure online payments via Visa, Mastercard, PayPal, ApplePay, and more. Payment is deducted once the item ships or the product is created.","og_url":"https:\/\/uhhmami.com\/fi\/kaupankaynnin-edellytykset\/?wmc-currency=EUR","og_site_name":"uhhmami","article_publisher":"https:\/\/www.facebook.com\/profile.php?id=61555778644895","article_modified_time":"2025-12-18T08:48:57+00:00","twitter_card":"summary_large_image","twitter_misc":{"Arvioitu lukuaika":"4 minuuttia"},"schema":{"@context":"https:\/\/schema.org","@graph":[{"@type":"WebPage","@id":"https:\/\/uhhmami.com\/trading-conditions\/","url":"https:\/\/uhhmami.com\/trading-conditions\/","name":"Kaupank\u00e4ynnin ehdot | Uhhmami - Turvalliset verkkomaksut","isPartOf":{"@id":"https:\/\/uhhmami.com\/#website"},"datePublished":"2023-12-20T09:40:57+00:00","dateModified":"2025-12-18T08:48:57+00:00","description":"Uhhmami hyv\u00e4ksyy turvalliset verkkomaksut muun muassa Visan, Mastercardin, PayPalin ja ApplePayn kautta. Maksu v\u00e4hennet\u00e4\u00e4n, kun tuote l\u00e4hetet\u00e4\u00e4n tai tuote on luotu.","breadcrumb":{"@id":"https:\/\/uhhmami.com\/trading-conditions\/#breadcrumb"},"inLanguage":"fi","potentialAction":[{"@type":"ReadAction","target":["https:\/\/uhhmami.com\/trading-conditions\/"]}]},{"@type":"BreadcrumbList","@id":"https:\/\/uhhmami.com\/trading-conditions\/#breadcrumb","itemListElement":[{"@type":"ListItem","position":1,"name":"Home","item":"https:\/\/uhhmami.com\/"},{"@type":"ListItem","position":2,"name":"Trading Conditions"}]},{"@type":"WebSite","@id":"https:\/\/uhhmami.com\/#website","url":"https:\/\/uhhmami.com\/","name":"uhhmami","description":"","publisher":{"@id":"https:\/\/uhhmami.com\/#organization"},"potentialAction":[{"@type":"SearchAction","target":{"@type":"EntryPoint","urlTemplate":"https:\/\/uhhmami.com\/?s={search_term_string}"},"query-input":{"@type":"PropertyValueSpecification","valueRequired":true,"valueName":"search_term_string"}}],"inLanguage":"fi"},{"@type":"Organization","@id":"https:\/\/uhhmami.com\/#organization","name":"uhhmami","alternateName":"Uhh-mami","url":"https:\/\/uhhmami.com\/","logo":{"@type":"ImageObject","inLanguage":"fi","@id":"https:\/\/uhhmami.com\/#\/schema\/logo\/image\/","url":"https:\/\/zwthke5j.photoncache.com\/wp-content\/uploads\/2025\/06\/Logo-sort-svg.svg","contentUrl":"https:\/\/zwthke5j.photoncache.com\/wp-content\/uploads\/2025\/06\/Logo-sort-svg.svg","caption":"uhhmami"},"image":{"@id":"https:\/\/uhhmami.com\/#\/schema\/logo\/image\/"},"sameAs":["https:\/\/www.facebook.com\/profile.php?id=61555778644895","https:\/\/www.instagram.com\/uhhmami_official\/"],"description":"Tietoa Uhhmamista - puhdasta makua, helppok\u00e4ytt\u00f6ist\u00e4 ja kest\u00e4v\u00e4\u00e4 Uhhmamissa on helppo luoda herkullisia aterioita puhtaista ja kest\u00e4vist\u00e4 raaka-aineista. Missiomme on ajatella ruoanlaitto uudelleen tarjoamalla yksinkertaisia ratkaisuja, jotka tuovat ruokiin syvyytt\u00e4 ja rikkautta - laadusta tai kest\u00e4vyydest\u00e4 tinkim\u00e4tt\u00e4. Filosofiamme: Uskomme, ett\u00e4 hyv\u00e4 ruoka alkaa hyvist\u00e4 raaka-aineista. Siksi kehit\u00e4mme luonnollisia, k\u00e4ymisteitse valmistettuja arominvahventeita, jotka tuovat esiin umamia ja yksinkertaistavat ruoanlaittoa. Uhhmamin avulla voit helposti lis\u00e4t\u00e4 ravintolalaatuista makua keittoihin, kastikkeisiin ja kasvisruokiin sekunneissa. Miksi valita Uhhmami? \u2705 Puhdas maku: Valmistettu huolellisesti valituista, luonnollisista ainesosista ilman lis\u00e4aineita. \u2705 Helppo k\u00e4ytt\u00e4\u00e4: Pieni m\u00e4\u00e4r\u00e4 kohottaa ruokasi v\u00e4litt\u00f6m\u00e4sti. \u2705 Kest\u00e4v\u00e4 valinta: V\u00e4hemm\u00e4n ruokah\u00e4vikki\u00e4 ja pienempi hiilijalanj\u00e4lki kuin perinteisill\u00e4 bouilloneilla. \u2705 Korkea laatu: Michelin-t\u00e4hden kokin Frank Lantzin kehitt\u00e4m\u00e4 paras makuel\u00e4mys. Ota askel kohti vihre\u00e4mp\u00e4\u00e4 ja maukkaampaa tulevaisuutta - yksi ruokalaji kerrallaan. K\u00e4y osoitteessa Uhhmami.com ja huomaa, kuinka helppoa on valmistaa ruokaa syv\u00e4llisesti ja t\u00e4ytel\u00e4isesti!","legalName":"Uhhmami","foundingDate":"2022-10-01","numberOfEmployees":{"@type":"QuantitativeValue","minValue":"1","maxValue":"10"}}]}},"jetpack_sharing_enabled":true,"_links":{"self":[{"href":"https:\/\/uhhmami.com\/fi\/wp-json\/wp\/v2\/pages\/72","targetHints":{"allow":["GET"]}}],"collection":[{"href":"https:\/\/uhhmami.com\/fi\/wp-json\/wp\/v2\/pages"}],"about":[{"href":"https:\/\/uhhmami.com\/fi\/wp-json\/wp\/v2\/types\/page"}],"author":[{"embeddable":true,"href":"https:\/\/uhhmami.com\/fi\/wp-json\/wp\/v2\/users\/1"}],"replies":[{"embeddable":true,"href":"https:\/\/uhhmami.com\/fi\/wp-json\/wp\/v2\/comments?post=72"}],"version-history":[{"count":10,"href":"https:\/\/uhhmami.com\/fi\/wp-json\/wp\/v2\/pages\/72\/revisions"}],"predecessor-version":[{"id":10833,"href":"https:\/\/uhhmami.com\/fi\/wp-json\/wp\/v2\/pages\/72\/revisions\/10833"}],"wp:attachment":[{"href":"https:\/\/uhhmami.com\/fi\/wp-json\/wp\/v2\/media?parent=72"}],"curies":[{"name":"wp","href":"https:\/\/api.w.org\/{rel}","templated":true}]}}