{"id":3,"date":"2023-12-19T13:48:06","date_gmt":"2023-12-19T12:48:06","guid":{"rendered":"https:\/\/uhhmami.test\/?page_id=3"},"modified":"2026-01-19T15:54:40","modified_gmt":"2026-01-19T14:54:40","slug":"privatlivspolitik","status":"publish","type":"page","link":"https:\/\/uhhmami.com\/fi\/privatlivspolitik\/","title":{"rendered":"Tietosuojak\u00e4yt\u00e4nt\u00f6"},"content":{"rendered":"<h2 class=\"wp-block-heading\" id=\"h-who-we-are\"><strong>Keit\u00e4 me olemme<\/strong><\/h2>\n\n\n\n<p>Verkkosivustomme osoite on: <a class=\"\" href=\"https:\/\/uhhmami.com\/fi\/?wmc-currency=EUR\">https:\/\/uhhmami.com<\/a>.<\/p>\n\n\n\n<h2 class=\"wp-block-heading\" id=\"h-comments\">Kommentit<\/h2>\n\n\n\n<p>Kun k\u00e4vij\u00e4t j\u00e4tt\u00e4v\u00e4t kommentteja sivustolle, ker\u00e4\u00e4mme kommenttilomakkeessa n\u00e4kyv\u00e4t tiedot sek\u00e4 k\u00e4vij\u00e4n IP-osoitteen ja selaimen k\u00e4ytt\u00e4j\u00e4agenttijonon roskapostin havaitsemiseksi.<\/p>\n\n\n\n<p>Gravatar-palvelulle voidaan toimittaa s\u00e4hk\u00f6postiosoitteestasi luotu anonyymi merkkijono (jota kutsutaan my\u00f6s hashiksi), jotta voidaan tarkistaa, k\u00e4yt\u00e4tk\u00f6 sit\u00e4. Gravatar-palvelun tietosuojak\u00e4yt\u00e4nt\u00f6 on saatavilla t\u00e4\u00e4ll\u00e4: <a class=\"\" href=\"https:\/\/automattic.com\/privacy\/\">https:\/\/automattic.com\/privacy\/<\/a>. Kun kommenttisi on hyv\u00e4ksytty, profiilikuvasi n\u00e4kyy yleis\u00f6lle kommenttisi yhteydess\u00e4.<\/p>\n\n\n\n<h2 class=\"wp-block-heading\" id=\"h-media\">Media<\/h2>\n\n\n\n<p>Jos lataat kuvia verkkosivustolle, sinun tulisi v\u00e4ltt\u00e4\u00e4 sellaisten kuvien lataamista, joihin on sis\u00e4llytetty sijaintitietoja (EXIF GPS). Verkkosivuston k\u00e4vij\u00e4t voivat ladata ja poimia sijaintitietoja verkkosivustolla olevista kuvista.<\/p>\n\n\n\n<h2 class=\"wp-block-heading\" id=\"h-cookies\">Ev\u00e4steet<\/h2>\n\n\n\n<p>Jos j\u00e4t\u00e4t kommentin sivustollemme, voit halutessasi tallentaa nimesi, s\u00e4hk\u00f6postiosoitteesi ja verkkosivustosi ev\u00e4steisiin. N\u00e4m\u00e4 ovat sinulle avuksi, jotta sinun ei tarvitse t\u00e4ytt\u00e4\u00e4 tietojasi uudelleen, kun j\u00e4t\u00e4t toisen kommentin. N\u00e4m\u00e4 ev\u00e4steet s\u00e4ilyv\u00e4t yhden vuoden ajan.<\/p>\n\n\n\n<p>Jos k\u00e4yt kirjautumissivullamme, asetamme v\u00e4liaikaisen ev\u00e4steen m\u00e4\u00e4ritt\u00e4\u00e4ksemme, hyv\u00e4ksyyk\u00f6 selaimesi ev\u00e4steet. T\u00e4m\u00e4 ev\u00e4ste ei sis\u00e4ll\u00e4 henkil\u00f6tietoja, ja se h\u00e4vitet\u00e4\u00e4n, kun suljet selaimesi.<\/p>\n\n\n\n<p>Kun kirjaudut sis\u00e4\u00e4n, asetamme my\u00f6s useita ev\u00e4steit\u00e4 tallentaaksemme kirjautumistietosi ja n\u00e4ytt\u00f6asetuksesi. Kirjautumisev\u00e4steet s\u00e4ilyv\u00e4t kaksi p\u00e4iv\u00e4\u00e4 ja n\u00e4ytt\u00f6asetusten ev\u00e4steet vuoden. Jos valitset \"Muista minut\", kirjautumisesi s\u00e4ilyy kaksi viikkoa. Jos kirjaudut ulos tililt\u00e4si, kirjautumisev\u00e4steet poistetaan.<\/p>\n\n\n\n<p>Jos muokkaat tai julkaiset artikkelin, selaimeesi tallennetaan toinen ev\u00e4ste. T\u00e4m\u00e4 ev\u00e4ste ei sis\u00e4ll\u00e4 henkil\u00f6kohtaisia tietoja, ja se ilmoittaa vain juuri muokkaamasi artikkelin postitustunnuksen. Se vanhenee 1 p\u00e4iv\u00e4n kuluttua.<\/p>\n\n\n\n<h2 class=\"wp-block-heading\" id=\"h-embedded-content-from-other-websites\"><strong>Muiden verkkosivustojen upotettu sis\u00e4lt\u00f6<\/strong><\/h2>\n\n\n\n<p>T\u00e4m\u00e4n sivuston artikkelit voivat sis\u00e4lt\u00e4\u00e4 upotettua sis\u00e4lt\u00f6\u00e4 (esim. videoita, kuvia, artikkeleita jne.). Muiden verkkosivustojen upotettu sis\u00e4lt\u00f6 k\u00e4ytt\u00e4ytyy aivan samalla tavalla kuin jos k\u00e4vij\u00e4 olisi vieraillut toisella verkkosivustolla.<\/p>\n\n\n\n<p>N\u00e4m\u00e4 verkkosivustot voivat ker\u00e4t\u00e4 tietoja sinusta, k\u00e4ytt\u00e4\u00e4 ev\u00e4steit\u00e4, upottaa kolmannen osapuolen lis\u00e4seurantaa ja seurata vuorovaikutustasi upotetun sis\u00e4ll\u00f6n kanssa, mukaan lukien vuorovaikutuksesi seuranta, jos sinulla on tili ja olet kirjautunut kyseiselle verkkosivustolle.<\/p>\n\n\n\n<h2 class=\"wp-block-heading\" id=\"h-who-we-share-your-data-with\"><strong>Kenen kanssa jaamme tietojasi<\/strong><\/h2>\n\n\n\n<p>Jos pyyd\u00e4t salasanan palautusta, IP-osoitteesi sis\u00e4llytet\u00e4\u00e4n palautuss\u00e4hk\u00f6postiin.<\/p>\n\n\n\n<h2 class=\"wp-block-heading\" id=\"h-how-long-we-retain-your-data\"><strong>Kuinka kauan s\u00e4ilyt\u00e4mme tietojasi<\/strong><\/h2>\n\n\n\n<p>Jos j\u00e4t\u00e4t kommentin, kommentti ja sen metatiedot s\u00e4ilytet\u00e4\u00e4n loputtomiin. N\u00e4in voimme tunnistaa ja hyv\u00e4ksy\u00e4 mahdolliset jatkokommentit automaattisesti sen sijaan, ett\u00e4 pit\u00e4isimme niit\u00e4 moderointijonossa.<\/p>\n\n\n\n<p>Sivustollamme rekister\u00f6ityneiden k\u00e4ytt\u00e4jien (jos sellaisia on) osalta tallennamme heid\u00e4n antamansa henkil\u00f6tiedot my\u00f6s heid\u00e4n k\u00e4ytt\u00e4j\u00e4profiiliinsa. Kaikki k\u00e4ytt\u00e4j\u00e4t voivat milloin tahansa n\u00e4hd\u00e4, muokata tai poistaa henkil\u00f6kohtaisia tietojaan (paitsi ett\u00e4 he eiv\u00e4t voi muuttaa k\u00e4ytt\u00e4j\u00e4tunnustaan). My\u00f6s verkkosivuston yll\u00e4pit\u00e4j\u00e4t voivat n\u00e4hd\u00e4 ja muokata n\u00e4it\u00e4 tietoja.<\/p>\n\n\n\n<h2 class=\"wp-block-heading\" id=\"h-what-rights-you-have-over-your-data\"><strong>Mit\u00e4 oikeuksia sinulla on tietojesi suhteen<\/strong><\/h2>\n\n\n\n<p>Jos sinulla on tili t\u00e4ll\u00e4 sivustolla tai olet j\u00e4tt\u00e4nyt kommentteja, voit pyyt\u00e4\u00e4 viet\u00e4v\u00e4n tiedoston sinusta hallussamme olevista henkil\u00f6tiedoista, mukaan lukien kaikki meille antamasi tiedot. Voit my\u00f6s pyyt\u00e4\u00e4, ett\u00e4 poistamme hallussamme olevat henkil\u00f6tietosi. T\u00e4m\u00e4 ei koske tietoja, jotka meid\u00e4n on s\u00e4ilytett\u00e4v\u00e4.<\/p>\n\n\n\n<h2 class=\"wp-block-heading\" id=\"h-where-your-data-is-sent\"><strong>Minne tietosi l\u00e4hetet\u00e4\u00e4n<\/strong><\/h2>\n\n\n\n<p>Vierailijoiden kommentit voidaan tarkistaa automaattisen roskapostin havaitsemispalvelun avulla.<\/p>\n\n\n\n<p><\/p>","protected":false},"excerpt":{"rendered":"<p>Who We Are Our website address is: https:\/\/uhhmami.com. Comments When visitors leave comments on the site, we collect the data shown in the comments form, as well as the visitor\u2019s IP address and browser user agent string to help detect spam. An anonymized string created from your email address (also called a hash) may be [&hellip;]<\/p>\n","protected":false},"author":1,"featured_media":0,"parent":0,"menu_order":0,"comment_status":"closed","ping_status":"open","template":"","meta":{"iawp_total_views":312,"footnotes":""},"class_list":["post-3","page","type-page","status-publish","hentry"],"yoast_head":"<!-- This site is optimized with the Yoast SEO Premium plugin v27.2 (Yoast SEO v27.4) - https:\/\/yoast.com\/product\/yoast-seo-premium-wordpress\/ -->\n<title>Privacy Policy | Uhhmami \u2013 Your Data, Your Trust<\/title>\n<meta name=\"description\" content=\"Learn how Uhhmami protects your personal information. Our Privacy Policy explains data collection, usage, and security practices to ensure your shopping\" \/>\n<meta name=\"robots\" content=\"index, follow, max-snippet:-1, max-image-preview:large, max-video-preview:-1\" \/>\n<link rel=\"canonical\" href=\"https:\/\/uhhmami.com\/fi\/privatlivspolitik\/?wmc-currency=EUR\" \/>\n<meta property=\"og:locale\" content=\"fi_FI\" \/>\n<meta property=\"og:type\" content=\"article\" \/>\n<meta property=\"og:title\" content=\"Privacy Policy\" \/>\n<meta property=\"og:description\" content=\"Learn how Uhhmami protects your personal information. Our Privacy Policy explains data collection, usage, and security practices to ensure your shopping\" \/>\n<meta property=\"og:url\" content=\"https:\/\/uhhmami.com\/fi\/privatlivspolitik\/?wmc-currency=EUR\" \/>\n<meta property=\"og:site_name\" content=\"uhhmami\" \/>\n<meta property=\"article:publisher\" content=\"https:\/\/www.facebook.com\/profile.php?id=61555778644895\" \/>\n<meta property=\"article:modified_time\" content=\"2026-01-19T14:54:40+00:00\" \/>\n<meta name=\"twitter:card\" content=\"summary_large_image\" \/>\n<meta name=\"twitter:label1\" content=\"Arvioitu lukuaika\" \/>\n\t<meta name=\"twitter:data1\" content=\"3 minuuttia\" \/>\n<script type=\"application\/ld+json\" class=\"yoast-schema-graph\">{\"@context\":\"https:\\\/\\\/schema.org\",\"@graph\":[{\"@type\":\"WebPage\",\"@id\":\"https:\\\/\\\/uhhmami.com\\\/privatlivspolitik\\\/\",\"url\":\"https:\\\/\\\/uhhmami.com\\\/privatlivspolitik\\\/\",\"name\":\"Privacy Policy | Uhhmami \u2013 Your Data, Your Trust\",\"isPartOf\":{\"@id\":\"https:\\\/\\\/uhhmami.com\\\/#website\"},\"datePublished\":\"2023-12-19T12:48:06+00:00\",\"dateModified\":\"2026-01-19T14:54:40+00:00\",\"description\":\"Learn how Uhhmami protects your personal information. Our Privacy Policy explains data collection, usage, and security practices to ensure your shopping\",\"breadcrumb\":{\"@id\":\"https:\\\/\\\/uhhmami.com\\\/privatlivspolitik\\\/#breadcrumb\"},\"inLanguage\":\"fi\",\"potentialAction\":[{\"@type\":\"ReadAction\",\"target\":[\"https:\\\/\\\/uhhmami.com\\\/privatlivspolitik\\\/\"]}]},{\"@type\":\"BreadcrumbList\",\"@id\":\"https:\\\/\\\/uhhmami.com\\\/privatlivspolitik\\\/#breadcrumb\",\"itemListElement\":[{\"@type\":\"ListItem\",\"position\":1,\"name\":\"Home\",\"item\":\"https:\\\/\\\/uhhmami.com\\\/\"},{\"@type\":\"ListItem\",\"position\":2,\"name\":\"Privacy Policy\"}]},{\"@type\":\"WebSite\",\"@id\":\"https:\\\/\\\/uhhmami.com\\\/#website\",\"url\":\"https:\\\/\\\/uhhmami.com\\\/\",\"name\":\"uhhmami\",\"description\":\"\",\"publisher\":{\"@id\":\"https:\\\/\\\/uhhmami.com\\\/#organization\"},\"potentialAction\":[{\"@type\":\"SearchAction\",\"target\":{\"@type\":\"EntryPoint\",\"urlTemplate\":\"https:\\\/\\\/uhhmami.com\\\/?s={search_term_string}\"},\"query-input\":{\"@type\":\"PropertyValueSpecification\",\"valueRequired\":true,\"valueName\":\"search_term_string\"}}],\"inLanguage\":\"fi\"},{\"@type\":\"Organization\",\"@id\":\"https:\\\/\\\/uhhmami.com\\\/#organization\",\"name\":\"uhhmami\",\"alternateName\":\"Uhh-mami\",\"url\":\"https:\\\/\\\/uhhmami.com\\\/\",\"logo\":{\"@type\":\"ImageObject\",\"inLanguage\":\"fi\",\"@id\":\"https:\\\/\\\/uhhmami.com\\\/#\\\/schema\\\/logo\\\/image\\\/\",\"url\":\"https:\\\/\\\/zwthke5j.photoncache.com\\\/wp-content\\\/uploads\\\/2025\\\/06\\\/Logo-sort-svg.svg\",\"contentUrl\":\"https:\\\/\\\/zwthke5j.photoncache.com\\\/wp-content\\\/uploads\\\/2025\\\/06\\\/Logo-sort-svg.svg\",\"caption\":\"uhhmami\"},\"image\":{\"@id\":\"https:\\\/\\\/uhhmami.com\\\/#\\\/schema\\\/logo\\\/image\\\/\"},\"sameAs\":[\"https:\\\/\\\/www.facebook.com\\\/profile.php?id=61555778644895\",\"https:\\\/\\\/www.instagram.com\\\/uhhmami_official\\\/\"],\"description\":\"About Uhhmami \u2013 Pure flavour, Easy to Use, and Sustainable At Uhhmami, we make it easy to create delicious meals with clean, sustainable ingredients. Our mission is to rethink cooking by offering simple solutions that add depth and richness to your dishes\u2014without compromising on quality or sustainability. Our Philosophy: flavour and Sustainability in Harmony We believe great food starts with great ingredients. That\u2019s why we develop natural, fermented flavour enhancers that bring out umami and simplify your cooking. With Uhhmami, you can easily add restaurant-quality taste to soups, sauces, and vegetable dishes in seconds. Why Choose Uhhmami? \u2705 Pure flavour: Made from carefully selected, natural ingredients with no additives. \u2705 Easy to use: A small amount instantly elevates your dish. \u2705 A sustainable choice: Less food waste and a lower carbon footprint than traditional bouillons. \u2705 High quality: Developed by Michelin-star chef Frank Lantz for the best taste experience. Take a step toward a greener, more flavourful future\u2014one dish at a time. Visit Uhhmami.com to discover how easy it is to cook with depth and richness!\",\"legalName\":\"Uhhmami\",\"foundingDate\":\"2022-10-01\",\"numberOfEmployees\":{\"@type\":\"QuantitativeValue\",\"minValue\":\"1\",\"maxValue\":\"10\"}}]}<\/script>\n<!-- \/ Yoast SEO Premium plugin. -->","yoast_head_json":{"title":"Tietosuojak\u00e4yt\u00e4nt\u00f6 | Uhhmami - Sinun tietosi, sinun luottamuksesi","description":"Lue, miten Uhhmami suojaa henkil\u00f6tietojasi. Tietosuojak\u00e4yt\u00e4nt\u00f6mme selitt\u00e4\u00e4 tietojen ker\u00e4\u00e4misen, k\u00e4yt\u00f6n ja turvallisuusk\u00e4yt\u00e4nn\u00f6t, jotta ostoksesi voidaan varmistaa.","robots":{"index":"index","follow":"follow","max-snippet":"max-snippet:-1","max-image-preview":"max-image-preview:large","max-video-preview":"max-video-preview:-1"},"canonical":"https:\/\/uhhmami.com\/fi\/privatlivspolitik\/?wmc-currency=EUR","og_locale":"fi_FI","og_type":"article","og_title":"Privacy Policy","og_description":"Learn how Uhhmami protects your personal information. Our Privacy Policy explains data collection, usage, and security practices to ensure your shopping","og_url":"https:\/\/uhhmami.com\/fi\/privatlivspolitik\/?wmc-currency=EUR","og_site_name":"uhhmami","article_publisher":"https:\/\/www.facebook.com\/profile.php?id=61555778644895","article_modified_time":"2026-01-19T14:54:40+00:00","twitter_card":"summary_large_image","twitter_misc":{"Arvioitu lukuaika":"3 minuuttia"},"schema":{"@context":"https:\/\/schema.org","@graph":[{"@type":"WebPage","@id":"https:\/\/uhhmami.com\/privatlivspolitik\/","url":"https:\/\/uhhmami.com\/privatlivspolitik\/","name":"Tietosuojak\u00e4yt\u00e4nt\u00f6 | Uhhmami - Sinun tietosi, sinun luottamuksesi","isPartOf":{"@id":"https:\/\/uhhmami.com\/#website"},"datePublished":"2023-12-19T12:48:06+00:00","dateModified":"2026-01-19T14:54:40+00:00","description":"Lue, miten Uhhmami suojaa henkil\u00f6tietojasi. Tietosuojak\u00e4yt\u00e4nt\u00f6mme selitt\u00e4\u00e4 tietojen ker\u00e4\u00e4misen, k\u00e4yt\u00f6n ja turvallisuusk\u00e4yt\u00e4nn\u00f6t, jotta ostoksesi voidaan varmistaa.","breadcrumb":{"@id":"https:\/\/uhhmami.com\/privatlivspolitik\/#breadcrumb"},"inLanguage":"fi","potentialAction":[{"@type":"ReadAction","target":["https:\/\/uhhmami.com\/privatlivspolitik\/"]}]},{"@type":"BreadcrumbList","@id":"https:\/\/uhhmami.com\/privatlivspolitik\/#breadcrumb","itemListElement":[{"@type":"ListItem","position":1,"name":"Home","item":"https:\/\/uhhmami.com\/"},{"@type":"ListItem","position":2,"name":"Privacy Policy"}]},{"@type":"WebSite","@id":"https:\/\/uhhmami.com\/#website","url":"https:\/\/uhhmami.com\/","name":"uhhmami","description":"","publisher":{"@id":"https:\/\/uhhmami.com\/#organization"},"potentialAction":[{"@type":"SearchAction","target":{"@type":"EntryPoint","urlTemplate":"https:\/\/uhhmami.com\/?s={search_term_string}"},"query-input":{"@type":"PropertyValueSpecification","valueRequired":true,"valueName":"search_term_string"}}],"inLanguage":"fi"},{"@type":"Organization","@id":"https:\/\/uhhmami.com\/#organization","name":"uhhmami","alternateName":"Uhh-mami","url":"https:\/\/uhhmami.com\/","logo":{"@type":"ImageObject","inLanguage":"fi","@id":"https:\/\/uhhmami.com\/#\/schema\/logo\/image\/","url":"https:\/\/zwthke5j.photoncache.com\/wp-content\/uploads\/2025\/06\/Logo-sort-svg.svg","contentUrl":"https:\/\/zwthke5j.photoncache.com\/wp-content\/uploads\/2025\/06\/Logo-sort-svg.svg","caption":"uhhmami"},"image":{"@id":"https:\/\/uhhmami.com\/#\/schema\/logo\/image\/"},"sameAs":["https:\/\/www.facebook.com\/profile.php?id=61555778644895","https:\/\/www.instagram.com\/uhhmami_official\/"],"description":"Tietoa Uhhmamista - puhdasta makua, helppok\u00e4ytt\u00f6ist\u00e4 ja kest\u00e4v\u00e4\u00e4 Uhhmamissa on helppo luoda herkullisia aterioita puhtaista ja kest\u00e4vist\u00e4 raaka-aineista. Missiomme on ajatella ruoanlaitto uudelleen tarjoamalla yksinkertaisia ratkaisuja, jotka tuovat ruokiin syvyytt\u00e4 ja rikkautta - laadusta tai kest\u00e4vyydest\u00e4 tinkim\u00e4tt\u00e4. Filosofiamme: Uskomme, ett\u00e4 hyv\u00e4 ruoka alkaa hyvist\u00e4 raaka-aineista. Siksi kehit\u00e4mme luonnollisia, k\u00e4ymisteitse valmistettuja arominvahventeita, jotka tuovat esiin umamia ja yksinkertaistavat ruoanlaittoa. Uhhmamin avulla voit helposti lis\u00e4t\u00e4 ravintolalaatuista makua keittoihin, kastikkeisiin ja kasvisruokiin sekunneissa. Miksi valita Uhhmami? \u2705 Puhdas maku: Valmistettu huolellisesti valituista, luonnollisista ainesosista ilman lis\u00e4aineita. \u2705 Helppo k\u00e4ytt\u00e4\u00e4: Pieni m\u00e4\u00e4r\u00e4 kohottaa ruokasi v\u00e4litt\u00f6m\u00e4sti. \u2705 Kest\u00e4v\u00e4 valinta: V\u00e4hemm\u00e4n ruokah\u00e4vikki\u00e4 ja pienempi hiilijalanj\u00e4lki kuin perinteisill\u00e4 bouilloneilla. \u2705 Korkea laatu: Michelin-t\u00e4hden kokin Frank Lantzin kehitt\u00e4m\u00e4 paras makuel\u00e4mys. Ota askel kohti vihre\u00e4mp\u00e4\u00e4 ja maukkaampaa tulevaisuutta - yksi ruokalaji kerrallaan. K\u00e4y osoitteessa Uhhmami.com ja huomaa, kuinka helppoa on valmistaa ruokaa syv\u00e4llisesti ja t\u00e4ytel\u00e4isesti!","legalName":"Uhhmami","foundingDate":"2022-10-01","numberOfEmployees":{"@type":"QuantitativeValue","minValue":"1","maxValue":"10"}}]}},"jetpack_sharing_enabled":true,"_links":{"self":[{"href":"https:\/\/uhhmami.com\/fi\/wp-json\/wp\/v2\/pages\/3","targetHints":{"allow":["GET"]}}],"collection":[{"href":"https:\/\/uhhmami.com\/fi\/wp-json\/wp\/v2\/pages"}],"about":[{"href":"https:\/\/uhhmami.com\/fi\/wp-json\/wp\/v2\/types\/page"}],"author":[{"embeddable":true,"href":"https:\/\/uhhmami.com\/fi\/wp-json\/wp\/v2\/users\/1"}],"replies":[{"embeddable":true,"href":"https:\/\/uhhmami.com\/fi\/wp-json\/wp\/v2\/comments?post=3"}],"version-history":[{"count":2,"href":"https:\/\/uhhmami.com\/fi\/wp-json\/wp\/v2\/pages\/3\/revisions"}],"predecessor-version":[{"id":8737,"href":"https:\/\/uhhmami.com\/fi\/wp-json\/wp\/v2\/pages\/3\/revisions\/8737"}],"wp:attachment":[{"href":"https:\/\/uhhmami.com\/fi\/wp-json\/wp\/v2\/media?parent=3"}],"curies":[{"name":"wp","href":"https:\/\/api.w.org\/{rel}","templated":true}]}}