{"id":72,"date":"2023-12-20T10:40:57","date_gmt":"2023-12-20T09:40:57","guid":{"rendered":"https:\/\/uhhmami.test\/?page_id=72"},"modified":"2025-12-18T09:48:57","modified_gmt":"2025-12-18T08:48:57","slug":"condiciones-comerciales","status":"publish","type":"page","link":"https:\/\/uhhmami.com\/es\/trading-conditions\/","title":{"rendered":"Condiciones comerciales"},"content":{"rendered":"<div class=\"wp-block-group has-global-padding is-layout-constrained wp-block-group-is-layout-constrained\">\n<h1 class=\"wp-block-heading\" id=\"h-trading-conditions\">Condiciones comerciales<\/h1>\n\n\n\n<h3 class=\"wp-block-heading\" id=\"h-terms-and-conditions-for-uhhmami\">Condiciones generales de Uhhmami<\/h3>\n\n\n\n<p class=\"has-text-align-left\">Los Mercados Sociales ApS \/ Uhhmami ApS&nbsp;<\/p>\n\n\n\n<p class=\"has-text-align-left\">Tj\u00f8rneg\u00e5rdsvej 31<br>4000 Roskilde<br>WhatsApp \/ Tel\u00e9fono: +45 53 76 93 73<\/p>\n\n\n\n<p class=\"has-text-align-left\">team@uhhmami.com<\/p>\n\n\n\n<p class=\"has-text-align-left\">CVR\/VAT: DK40951296<\/p>\n\n\n\n<h2 class=\"wp-block-heading\" id=\"h-payment\">Pago<\/h2>\n\n\n\n<p>Uhhmami acepta pagos en l\u00ednea con las siguientes tarjetas de cr\u00e9dito Visa, Mastercard, Mobilepay Online, Visa Electron, Maestro, Paypal, ApplePay y Googlepay.<\/p>\n\n\n\n<p>El pago s\u00f3lo se deducir\u00e1 de su cuenta cuando se env\u00ede el art\u00edculo f\u00edsico o se cree el producto virtual, a menos que se acuerde o se indique lo contrario en su pedido.<\/p>\n\n\n\n<p>Todos los precios del sitio web incluyen el IVA.<br>El sitio web utiliza las siguientes monedas para la fijaci\u00f3n de precios:<br>Dinamarca - Corona (DKK), EE.UU. - D\u00f3lar (USD), Euro (EUR), Noruega - Corona (NOK), Suecia - Corona (SEK), Reino Unido - Libra (GBP)<\/p>\n\n\n\n<p>Uhhmami utiliza un servidor de pago seguro que encripta toda la informaci\u00f3n con protocolo SSL, lo que significa que sus datos est\u00e1n seguros y no pueden ser le\u00eddos por terceros.<\/p>\n\n\n\n<h2 class=\"wp-block-heading\" id=\"h-delivery-and-shipment\">Entrega y env\u00edo<\/h2>\n\n\n\n<p>El plazo de entrega de su pedido es de 1-3 dage.<\/p>\n\n\n\n<p>Todos los pedidos de Uhhmami se env\u00edan con GLS.<\/p>\n\n\n\n<p>El coste del transporte se calcula a partir del peso de los art\u00edculos.<\/p>\n\n\n\n<p>Puede elegir que su env\u00edo se entregue en su domicilio o en la paqueter\u00eda m\u00e1s cercana.<\/p>\n\n\n\n<p>Recibir\u00e1 un n\u00famero de seguimiento en el momento del env\u00edo, que le permitir\u00e1 seguir el env\u00edo en todo momento.<\/p>\n\n\n\n<h2 class=\"wp-block-heading\" id=\"h-if-you-regret-your-purchase-withdrawal\">Si se arrepiente de su compra (Desistimiento)<\/h2>\n\n\n\n<p>Uhhmami ofrece un reembolso completo de 14 d\u00edas para los productos adquiridos en el sitio web, a menos que se acuerde lo contrario o se indique en el pedido.<\/p>\n\n\n\n<p>El plazo de 14 d\u00edas comienza el d\u00eda de entrega del pedido.<\/p>\n\n\n\n<p>Los gastos de devoluci\u00f3n en que incurra usted mismo.<\/p>\n\n\n\n<p>La solicitud de cancelaci\u00f3n debe sernos notificada a m\u00e1s tardar 14 despu\u00e9s de la entrega, y estar con nosotros a m\u00e1s tardar 14 d\u00edas despu\u00e9s de que se nos informe de su uso del derecho de cancelaci\u00f3n\/retiro.<\/p>\n\n\n\n<h2 class=\"wp-block-heading\" id=\"h-condition-of-the-item-you-have-returned\">Estado del art\u00edculo que ha devuelto<\/h2>\n\n\n\n<p>Usted es responsable del estado del producto y de la disminuci\u00f3n de valor de la mercanc\u00eda causada por una manipulaci\u00f3n distinta a la necesaria para determinar la naturaleza, las caracter\u00edsticas y la funci\u00f3n de la mercanc\u00eda.<br>Esto significa que tiene que probar el art\u00edculo de la misma manera que si estuviera comprando en una tienda f\u00edsica.<\/p>\n\n\n\n<p>Si el art\u00edculo se prueba\/utiliza adem\u00e1s de lo descrito anteriormente, se considera usado y de valor disminuido. Esto significa que, al cancelar la compra, se le reembolsar\u00e1 una peque\u00f1a parte o nada del importe de la compra. Corresponde a Uhhmami evaluar el estado del art\u00edculo.<\/p>\n\n\n\n<h2 class=\"wp-block-heading\" id=\"h-warranty\">Garant\u00eda<\/h2>\n\n\n\n<p>Los productos tienen una garant\u00eda de 2 a\u00f1os de acuerdo con la Ley de Ventas danesa. La garant\u00eda se aplica a todos los errores de software, material y fabricaci\u00f3n.<\/p>\n\n\n\n<p>Las reclamaciones por errores o defectos deben comunicarse a Uhhmami en un plazo razonable tras la recepci\u00f3n de la mercanc\u00eda. Consideramos un plazo razonable un m\u00e1ximo de meses, salvo acuerdo en contrario. Le reembolsaremos los gastos de env\u00edo razonables.<\/p>\n\n\n\n<p>La reclamaci\u00f3n renuncia al derecho de garant\u00eda si los art\u00edculos se manipulan de forma inadecuada o inusual.<\/p>\n\n\n\n<p>Uhhmami cubre los gastos de devoluci\u00f3n en una medida razonable.<\/p>\n\n\n\n<p>En caso de devoluci\u00f3n, p\u00f3ngase en contacto con nosotros en<\/p>\n\n\n\n<p><strong>Uhhmami<\/strong><br>Tj\u00f8rneg\u00e5rdsvej 31<\/p>\n\n\n\n<p>Tel\u00e9fono: +4553769373<\/p>\n\n\n\n<p>Las reclamaciones en garant\u00eda&nbsp;<strong>no<\/strong>&nbsp;se aceptar\u00e1n si se env\u00edan por el sistema de pago contra reembolso.<\/p>\n\n\n\n<h2 class=\"wp-block-heading\" id=\"h-customer-amp-privacy-policy\">Pol\u00edtica de privacidad<\/h2>\n\n\n\n<p>No revendemos sus datos personales ni los transmitimos a terceros. S\u00f3lo se registran en nuestro directorio de clientes. Puede borrar su informaci\u00f3n en cualquier momento.<\/p>\n\n\n\n<p>Para que pueda firmar un acuerdo con Uhhmami, necesitamos la siguiente informaci\u00f3n:<\/p>\n\n\n\n<p>. Nombre<br>. Direcci\u00f3n<br>. N\u00famero de tel\u00e9fono<br>. Correo electr\u00f3nico<\/p>\n\n\n\n<p>Realizamos el registro de su informaci\u00f3n personal con el fin de entregarle la mercanc\u00eda.<\/p>\n\n\n\n<p>La informaci\u00f3n personal se registra en Uhhmami y se almacena durante un m\u00e1ximo de cinco a\u00f1os, transcurridos los cuales la informaci\u00f3n se elimina.<\/p>\n\n\n\n<p>Cuando recopilamos informaci\u00f3n personal a trav\u00e9s de nuestro sitio web, nos aseguramos de que siempre se haga con su consentimiento expl\u00edcito, de modo que se le informe exactamente de qu\u00e9 informaci\u00f3n se est\u00e1 recopilando y por qu\u00e9.<\/p>\n\n\n\n<p>El director y los empleados de Uhhmami tienen acceso a la informaci\u00f3n registrada sobre usted.<\/p>\n\n\n\n<p>El gestor de datos en Uhhmami es: Frank Lantz.<\/p>\n\n\n\n<p>No almacenamos ni transmitimos cifrada la informaci\u00f3n de los clientes.<\/p>\n\n\n\n<p><strong>Cookies<\/strong><\/p>\n\n\n\n<p>En https:\/\/www.uhhmami.com, las cookies se utilizan con el fin de optimizar el sitio web y su funcionalidad, facilit\u00e1ndole al m\u00e1ximo la visita.<\/p>\n\n\n\n<p>Puede eliminar las cookies de su ordenador en cualquier momento, consulte las instrucciones en&nbsp;<a href=\"https:\/\/uhhmami.com\/es\/politica-de-reembolsos-y-devoluciones\/?wmc-currency=EUR\" target=\"_blank\" rel=\"noreferrer noopener\">Pol\u00edtica de privacidad y cookies de la tienda online<\/a>.<\/p>\n\n\n\n<h2 class=\"wp-block-heading\" id=\"h-consumer-protection\">Protecci\u00f3n de los consumidores<\/h2>\n\n\n\n<p>Obtenga m\u00e1s informaci\u00f3n sobre su protecci\u00f3n como consumidor al pagar en l\u00ednea con la soluci\u00f3n de servicios de pago de Stripe:<br><a href=\"https:\/\/stripe.com\/en-dk\/resources\/more\/secure-payment-systems-explained?utm_source=chatgpt.com\">Pago<\/a><\/p>\n\n\n\n<h2 class=\"wp-block-heading\" id=\"h-complaints\">Quejas<\/h2>\n\n\n\n<p>Las quejas sobre el producto pueden enviarse a:<\/p>\n\n\n\n<p><strong>Konkurrence- og Forbrugerstyrelsens<\/strong><br>Carl Jacobsens Vej 35<br>2500 Valby<br><a href=\"http:\/\/www.forbrug.dk\/\" rel=\"noreferrer noopener\" target=\"_blank\">www.forbrug.dk<\/a><\/p>\n\n\n\n<p>Para los ciudadanos europeos que residen fuera de Europa, las reclamaciones deben presentarse a trav\u00e9s de la Plataforma de Reclamaciones en L\u00ednea de las Comisiones de la UE.<br><a href=\"http:\/\/ec.europa.eu\/consumers\/odr\/\" rel=\"noreferrer noopener\" target=\"_blank\">ec.europa.eu<\/a><\/p>\n\n\n\n<p>Para quejarse es necesario denunciar nuestra direcci\u00f3n de correo electr\u00f3nico,&nbsp;<a href=\"mailto:team@uhhmami.com\">team@uhhmami.com<\/a>y el sitio en el que realiz\u00f3 la compra.<\/p>\n<\/div>","protected":false},"excerpt":{"rendered":"<p>Trading conditions Terms and Conditions for Uhhmami The Social Markets ApS \/ Uhhmami ApS&nbsp; Tj\u00f8rneg\u00e5rdsvej 314000 RoskildeWhatsApp \/ Phone:&nbsp;+45 53 76 93 73 team@uhhmami.com CVR\/VAT: DK40951296 Payment Uhhmami accepts online payments with the following credit cards Visa, Mastercard, Mobilepay Online, Visa Electron, Maestro, Paypal, ApplePay &amp; Googlepay. Payment will only be deducted from your account [&hellip;]<\/p>\n","protected":false},"author":1,"featured_media":0,"parent":0,"menu_order":0,"comment_status":"closed","ping_status":"closed","template":"","meta":{"iawp_total_views":284,"footnotes":""},"class_list":["post-72","page","type-page","status-publish","hentry"],"yoast_head":"<!-- This site is optimized with the Yoast SEO Premium plugin v27.5 (Yoast SEO v27.6) - https:\/\/yoast.com\/product\/yoast-seo-premium-wordpress\/ -->\n<title>Trading Conditions | Uhhmami - Secure Online Payments<\/title>\n<meta name=\"description\" content=\"Uhhmami accepts secure online payments via Visa, Mastercard, PayPal, ApplePay, and more. Payment is deducted once the item ships or the product is created.\" \/>\n<meta name=\"robots\" content=\"index, follow, max-snippet:-1, max-image-preview:large, max-video-preview:-1\" \/>\n<link rel=\"canonical\" href=\"https:\/\/uhhmami.com\/es\/condiciones-comerciales\/?wmc-currency=EUR\" \/>\n<meta property=\"og:locale\" content=\"es_ES\" \/>\n<meta property=\"og:type\" content=\"article\" \/>\n<meta property=\"og:title\" content=\"Trading Conditions\" \/>\n<meta property=\"og:description\" content=\"Uhhmami accepts secure online payments via Visa, Mastercard, PayPal, ApplePay, and more. Payment is deducted once the item ships or the product is created.\" \/>\n<meta property=\"og:url\" content=\"https:\/\/uhhmami.com\/es\/condiciones-comerciales\/?wmc-currency=EUR\" \/>\n<meta property=\"og:site_name\" content=\"uhhmami\" \/>\n<meta property=\"article:publisher\" content=\"https:\/\/www.facebook.com\/profile.php?id=61555778644895\" \/>\n<meta property=\"article:modified_time\" content=\"2025-12-18T08:48:57+00:00\" \/>\n<meta name=\"twitter:card\" content=\"summary_large_image\" \/>\n<meta name=\"twitter:label1\" content=\"Tiempo de lectura\" \/>\n\t<meta name=\"twitter:data1\" content=\"4 minutos\" \/>\n<script type=\"application\/ld+json\" class=\"yoast-schema-graph\">{\"@context\":\"https:\\\/\\\/schema.org\",\"@graph\":[{\"@type\":\"WebPage\",\"@id\":\"https:\\\/\\\/uhhmami.com\\\/trading-conditions\\\/\",\"url\":\"https:\\\/\\\/uhhmami.com\\\/trading-conditions\\\/\",\"name\":\"Trading Conditions | Uhhmami - Secure Online Payments\",\"isPartOf\":{\"@id\":\"https:\\\/\\\/uhhmami.com\\\/#website\"},\"datePublished\":\"2023-12-20T09:40:57+00:00\",\"dateModified\":\"2025-12-18T08:48:57+00:00\",\"description\":\"Uhhmami accepts secure online payments via Visa, Mastercard, PayPal, ApplePay, and more. Payment is deducted once the item ships or the product is created.\",\"breadcrumb\":{\"@id\":\"https:\\\/\\\/uhhmami.com\\\/trading-conditions\\\/#breadcrumb\"},\"inLanguage\":\"es\",\"potentialAction\":[{\"@type\":\"ReadAction\",\"target\":[\"https:\\\/\\\/uhhmami.com\\\/trading-conditions\\\/\"]}]},{\"@type\":\"BreadcrumbList\",\"@id\":\"https:\\\/\\\/uhhmami.com\\\/trading-conditions\\\/#breadcrumb\",\"itemListElement\":[{\"@type\":\"ListItem\",\"position\":1,\"name\":\"Home\",\"item\":\"https:\\\/\\\/uhhmami.com\\\/\"},{\"@type\":\"ListItem\",\"position\":2,\"name\":\"Trading Conditions\"}]},{\"@type\":\"WebSite\",\"@id\":\"https:\\\/\\\/uhhmami.com\\\/#website\",\"url\":\"https:\\\/\\\/uhhmami.com\\\/\",\"name\":\"uhhmami\",\"description\":\"\",\"publisher\":{\"@id\":\"https:\\\/\\\/uhhmami.com\\\/#organization\"},\"potentialAction\":[{\"@type\":\"SearchAction\",\"target\":{\"@type\":\"EntryPoint\",\"urlTemplate\":\"https:\\\/\\\/uhhmami.com\\\/?s={search_term_string}\"},\"query-input\":{\"@type\":\"PropertyValueSpecification\",\"valueRequired\":true,\"valueName\":\"search_term_string\"}}],\"inLanguage\":\"es\"},{\"@type\":\"Organization\",\"@id\":\"https:\\\/\\\/uhhmami.com\\\/#organization\",\"name\":\"uhhmami\",\"alternateName\":\"Uhh-mami\",\"url\":\"https:\\\/\\\/uhhmami.com\\\/\",\"logo\":{\"@type\":\"ImageObject\",\"inLanguage\":\"es\",\"@id\":\"https:\\\/\\\/uhhmami.com\\\/#\\\/schema\\\/logo\\\/image\\\/\",\"url\":\"https:\\\/\\\/zwthke5j.photoncache.com\\\/wp-content\\\/uploads\\\/2025\\\/06\\\/Logo-sort-svg.svg\",\"contentUrl\":\"https:\\\/\\\/zwthke5j.photoncache.com\\\/wp-content\\\/uploads\\\/2025\\\/06\\\/Logo-sort-svg.svg\",\"caption\":\"uhhmami\"},\"image\":{\"@id\":\"https:\\\/\\\/uhhmami.com\\\/#\\\/schema\\\/logo\\\/image\\\/\"},\"sameAs\":[\"https:\\\/\\\/www.facebook.com\\\/profile.php?id=61555778644895\",\"https:\\\/\\\/www.instagram.com\\\/uhhmami_official\\\/\"],\"description\":\"About Uhhmami \u2013 Pure flavour, Easy to Use, and Sustainable At Uhhmami, we make it easy to create delicious meals with clean, sustainable ingredients. Our mission is to rethink cooking by offering simple solutions that add depth and richness to your dishes\u2014without compromising on quality or sustainability. Our Philosophy: flavour and Sustainability in Harmony We believe great food starts with great ingredients. That\u2019s why we develop natural, fermented flavour enhancers that bring out umami and simplify your cooking. With Uhhmami, you can easily add restaurant-quality taste to soups, sauces, and vegetable dishes in seconds. Why Choose Uhhmami? \u2705 Pure flavour: Made from carefully selected, natural ingredients with no additives. \u2705 Easy to use: A small amount instantly elevates your dish. \u2705 A sustainable choice: Less food waste and a lower carbon footprint than traditional bouillons. \u2705 High quality: Developed by Michelin-star chef Frank Lantz for the best taste experience. Take a step toward a greener, more flavourful future\u2014one dish at a time. Visit Uhhmami.com to discover how easy it is to cook with depth and richness!\",\"legalName\":\"Uhhmami\",\"foundingDate\":\"2022-10-01\",\"numberOfEmployees\":{\"@type\":\"QuantitativeValue\",\"minValue\":\"1\",\"maxValue\":\"10\"}}]}<\/script>\n<!-- \/ Yoast SEO Premium plugin. -->","yoast_head_json":{"title":"Condiciones comerciales | Uhhmami - Pagos seguros en l\u00ednea","description":"Uhhmami acepta pagos seguros en l\u00ednea a trav\u00e9s de Visa, Mastercard, PayPal, ApplePay, etc. El pago se deduce una vez que se env\u00eda el art\u00edculo o se crea el producto.","robots":{"index":"index","follow":"follow","max-snippet":"max-snippet:-1","max-image-preview":"max-image-preview:large","max-video-preview":"max-video-preview:-1"},"canonical":"https:\/\/uhhmami.com\/es\/condiciones-comerciales\/?wmc-currency=EUR","og_locale":"es_ES","og_type":"article","og_title":"Trading Conditions","og_description":"Uhhmami accepts secure online payments via Visa, Mastercard, PayPal, ApplePay, and more. Payment is deducted once the item ships or the product is created.","og_url":"https:\/\/uhhmami.com\/es\/condiciones-comerciales\/?wmc-currency=EUR","og_site_name":"uhhmami","article_publisher":"https:\/\/www.facebook.com\/profile.php?id=61555778644895","article_modified_time":"2025-12-18T08:48:57+00:00","twitter_card":"summary_large_image","twitter_misc":{"Tiempo de lectura":"4 minutos"},"schema":{"@context":"https:\/\/schema.org","@graph":[{"@type":"WebPage","@id":"https:\/\/uhhmami.com\/trading-conditions\/","url":"https:\/\/uhhmami.com\/trading-conditions\/","name":"Condiciones comerciales | Uhhmami - Pagos seguros en l\u00ednea","isPartOf":{"@id":"https:\/\/uhhmami.com\/#website"},"datePublished":"2023-12-20T09:40:57+00:00","dateModified":"2025-12-18T08:48:57+00:00","description":"Uhhmami acepta pagos seguros en l\u00ednea a trav\u00e9s de Visa, Mastercard, PayPal, ApplePay, etc. El pago se deduce una vez que se env\u00eda el art\u00edculo o se crea el producto.","breadcrumb":{"@id":"https:\/\/uhhmami.com\/trading-conditions\/#breadcrumb"},"inLanguage":"es","potentialAction":[{"@type":"ReadAction","target":["https:\/\/uhhmami.com\/trading-conditions\/"]}]},{"@type":"BreadcrumbList","@id":"https:\/\/uhhmami.com\/trading-conditions\/#breadcrumb","itemListElement":[{"@type":"ListItem","position":1,"name":"Home","item":"https:\/\/uhhmami.com\/"},{"@type":"ListItem","position":2,"name":"Trading Conditions"}]},{"@type":"WebSite","@id":"https:\/\/uhhmami.com\/#website","url":"https:\/\/uhhmami.com\/","name":"uhhmami","description":"","publisher":{"@id":"https:\/\/uhhmami.com\/#organization"},"potentialAction":[{"@type":"SearchAction","target":{"@type":"EntryPoint","urlTemplate":"https:\/\/uhhmami.com\/?s={search_term_string}"},"query-input":{"@type":"PropertyValueSpecification","valueRequired":true,"valueName":"search_term_string"}}],"inLanguage":"es"},{"@type":"Organization","@id":"https:\/\/uhhmami.com\/#organization","name":"uhhmami","alternateName":"Uhh-mami","url":"https:\/\/uhhmami.com\/","logo":{"@type":"ImageObject","inLanguage":"es","@id":"https:\/\/uhhmami.com\/#\/schema\/logo\/image\/","url":"https:\/\/zwthke5j.photoncache.com\/wp-content\/uploads\/2025\/06\/Logo-sort-svg.svg","contentUrl":"https:\/\/zwthke5j.photoncache.com\/wp-content\/uploads\/2025\/06\/Logo-sort-svg.svg","caption":"uhhmami"},"image":{"@id":"https:\/\/uhhmami.com\/#\/schema\/logo\/image\/"},"sameAs":["https:\/\/www.facebook.com\/profile.php?id=61555778644895","https:\/\/www.instagram.com\/uhhmami_official\/"],"description":"Acerca de Uhhmami - Sabor puro, f\u00e1cil de usar y sostenible En Uhhmami, hacemos que sea f\u00e1cil crear comidas deliciosas con ingredientes limpios y sostenibles. Nuestra misi\u00f3n es repensar la cocina ofreciendo soluciones sencillas que a\u00f1aden profundidad y riqueza a sus platos, sin comprometer la calidad ni la sostenibilidad. Nuestra filosof\u00eda: Sabor y sostenibilidad en armon\u00eda Creemos que una buena comida empieza por unos buenos ingredientes. Por eso desarrollamos potenciadores del sabor naturales y fermentados que realzan el umami y simplifican su cocina. Con Uhhmami, puede a\u00f1adir f\u00e1cilmente sabor de restaurante a sopas, salsas y platos de verduras en cuesti\u00f3n de segundos. Por qu\u00e9 elegir Uhhmami? Puro sabor: Elaborado con ingredientes naturales cuidadosamente seleccionados y sin aditivos. \u2705 F\u00e1cil de usar: Una peque\u00f1a cantidad eleva instant\u00e1neamente su plato. \u2705 Una elecci\u00f3n sostenible: Menos desperdicio de alimentos y una menor huella de carbono que los caldos tradicionales. \u2705 Alta calidad: Desarrollado por el chef Frank Lantz, estrella Michelin, para la mejor experiencia de sabor. D\u00e9 un paso hacia un futuro m\u00e1s ecol\u00f3gico y sabroso, plato a plato. Visite Uhhmami.com para descubrir lo f\u00e1cil que es cocinar con profundidad y riqueza.","legalName":"Uhhmami","foundingDate":"2022-10-01","numberOfEmployees":{"@type":"QuantitativeValue","minValue":"1","maxValue":"10"}}]}},"jetpack_sharing_enabled":true,"_links":{"self":[{"href":"https:\/\/uhhmami.com\/es\/wp-json\/wp\/v2\/pages\/72","targetHints":{"allow":["GET"]}}],"collection":[{"href":"https:\/\/uhhmami.com\/es\/wp-json\/wp\/v2\/pages"}],"about":[{"href":"https:\/\/uhhmami.com\/es\/wp-json\/wp\/v2\/types\/page"}],"author":[{"embeddable":true,"href":"https:\/\/uhhmami.com\/es\/wp-json\/wp\/v2\/users\/1"}],"replies":[{"embeddable":true,"href":"https:\/\/uhhmami.com\/es\/wp-json\/wp\/v2\/comments?post=72"}],"version-history":[{"count":10,"href":"https:\/\/uhhmami.com\/es\/wp-json\/wp\/v2\/pages\/72\/revisions"}],"predecessor-version":[{"id":10833,"href":"https:\/\/uhhmami.com\/es\/wp-json\/wp\/v2\/pages\/72\/revisions\/10833"}],"wp:attachment":[{"href":"https:\/\/uhhmami.com\/es\/wp-json\/wp\/v2\/media?parent=72"}],"curies":[{"name":"wp","href":"https:\/\/api.w.org\/{rel}","templated":true}]}}