{"id":72,"date":"2023-12-20T10:40:57","date_gmt":"2023-12-20T09:40:57","guid":{"rendered":"https:\/\/uhhmami.test\/?page_id=72"},"modified":"2025-12-18T09:48:57","modified_gmt":"2025-12-18T08:48:57","slug":"handelsbedingungen","status":"publish","type":"page","link":"https:\/\/uhhmami.com\/de\/trading-conditions\/","title":{"rendered":"Handelsbedingungen"},"content":{"rendered":"<div class=\"wp-block-group has-global-padding is-layout-constrained wp-block-group-is-layout-constrained\">\n<h1 class=\"wp-block-heading\" id=\"h-trading-conditions\">Handelsbedingungen<\/h1>\n\n\n\n<h3 class=\"wp-block-heading\" id=\"h-terms-and-conditions-for-uhhmami\">Bedingungen und Konditionen f\u00fcr Uhhmami<\/h3>\n\n\n\n<p class=\"has-text-align-left\">Die Sozialm\u00e4rkte ApS \/ Uhhmami ApS&nbsp;<\/p>\n\n\n\n<p class=\"has-text-align-left\">Tj\u00f8rneg\u00e5rdsvej 31<br>4000 Roskilde<br>WhatsApp \/ Telefon: +45 53 76 93 73<\/p>\n\n\n\n<p class=\"has-text-align-left\">team@uhhmami.com<\/p>\n\n\n\n<p class=\"has-text-align-left\">CVR\/VAT: DK40951296<\/p>\n\n\n\n<h2 class=\"wp-block-heading\" id=\"h-payment\">Zahlung<\/h2>\n\n\n\n<p>Uhhmami akzeptiert Online-Zahlungen mit den folgenden Kreditkarten: Visa, Mastercard, Mobilepay Online, Visa Electron, Maestro, Paypal, ApplePay &amp; Googlepay.<\/p>\n\n\n\n<p>Die Zahlung wird erst dann von Ihrem Konto abgebucht, wenn der physische Artikel versandt oder das virtuelle Produkt erstellt wurde, es sei denn, es wurde etwas anderes vereinbart oder auf Ihrer Bestellung angegeben.<\/p>\n\n\n\n<p>Alle Preise auf der Website enthalten die Mehrwertsteuer.<br>Die Website verwendet die folgenden W\u00e4hrungen f\u00fcr die Preisgestaltung:<br>D\u00e4nemark - Kronen (DKK), USA - Dollar (USD), Euro (EUR), Norwegen - Krone (NOK), Schweden - Kronen (SEK), Vereinigtes K\u00f6nigreich - Pfund (GBP)<\/p>\n\n\n\n<p>Uhhmami verwendet einen sicheren Zahlungsserver, der alle Informationen mit dem SSL-Protokoll verschl\u00fcsselt. Das bedeutet, dass Ihre Daten sicher sind und nicht von Dritten gelesen werden k\u00f6nnen.<\/p>\n\n\n\n<h2 class=\"wp-block-heading\" id=\"h-delivery-and-shipment\">Lieferung und Versand<\/h2>\n\n\n\n<p>Die Lieferfrist f\u00fcr Ihre Bestellung betr\u00e4gt 1-3 Tage.<\/p>\n\n\n\n<p>Alle Bestellungen von Uhhmami werden mit GLS verschickt.<\/p>\n\n\n\n<p>Die Frachtkosten werden nach dem Gewicht der Sendungen berechnet.<\/p>\n\n\n\n<p>Sie k\u00f6nnen w\u00e4hlen, ob Sie Ihre Sendung an Ihre Heimatadresse oder an das n\u00e4chstgelegene Paketgesch\u00e4ft liefern lassen m\u00f6chten.<\/p>\n\n\n\n<p>Sie erhalten bei der Lieferung eine Track-and-Trace-Nummer, mit der Sie die Sendung jederzeit verfolgen k\u00f6nnen.<\/p>\n\n\n\n<h2 class=\"wp-block-heading\" id=\"h-if-you-regret-your-purchase-withdrawal\">Wenn Sie Ihren Kauf bereuen (R\u00fccktritt)<\/h2>\n\n\n\n<p>Uhhmami bietet eine 14-t\u00e4gige volle R\u00fcckerstattung f\u00fcr Waren, die auf der Website gekauft wurden, sofern nicht anders vereinbart oder in Ihrer Bestellung angegeben.<\/p>\n\n\n\n<p>Die 14-Tage-Frist beginnt mit dem Tag der Lieferung der Bestellung.<\/p>\n\n\n\n<p>Alle R\u00fccksendekosten, die Sie selbst tragen.<\/p>\n\n\n\n<p>Der Antrag auf Widerruf muss uns sp\u00e4testens 14 Tage nach der Lieferung mitgeteilt werden und sp\u00e4testens 14 Tage, nachdem wir von Ihrer Inanspruchnahme des Widerrufs-\/Widerrufsrechts erfahren haben, bei uns eingegangen sein.<\/p>\n\n\n\n<h2 class=\"wp-block-heading\" id=\"h-condition-of-the-item-you-have-returned\">Zustand des zur\u00fcckgegebenen Artikels<\/h2>\n\n\n\n<p>Sie tragen die Verantwortung f\u00fcr den Zustand der Ware und f\u00fcr den Wertverlust, der durch einen Umgang mit der Ware entsteht, der \u00fcber das hinausgeht, was zur Feststellung der Beschaffenheit, der Eigenschaften und der Funktionsweise der Ware erforderlich ist.<br>Das bedeutet, dass Sie den Artikel genauso ausprobieren m\u00fcssen, wie wenn Sie in einem Gesch\u00e4ft einkaufen w\u00fcrden.<\/p>\n\n\n\n<p>Wenn der Artikel \u00fcber das oben beschriebene Ma\u00df hinaus getestet\/benutzt wurde, gilt er als gebraucht und in seinem Wert gemindert. Das bedeutet, dass Sie bei einer Stornierung des Kaufs einen geringeren oder gar keinen Teil des Kaufbetrags zur\u00fcckerstattet bekommen. Es ist Sache von Uhhmami, den Zustand des Artikels zu beurteilen.<\/p>\n\n\n\n<h2 class=\"wp-block-heading\" id=\"h-warranty\">Garantie<\/h2>\n\n\n\n<p>Es gibt eine 2-j\u00e4hrige Garantie auf Produkte gem\u00e4\u00df dem d\u00e4nischen Kaufrecht. Die Garantie gilt f\u00fcr alle Fehler in Software, Material und Herstellung.<\/p>\n\n\n\n<p>Beanstandungen von Fehlern und M\u00e4ngeln m\u00fcssen innerhalb einer angemessenen Frist nach Erhalt der Ware an Uhhmami gemeldet werden. Wir betrachten maximal Monate als angemessene Frist, sofern nicht anders vereinbart. Wir erstatten angemessene Versandkosten.<\/p>\n\n\n\n<p>Bei unsachgem\u00e4\u00dfer oder un\u00fcblicher Behandlung der Ware verzichtet die Reklamation auf das Recht auf Gew\u00e4hrleistung.<\/p>\n\n\n\n<p>Uhhmami deckt die R\u00fccksendekosten in einem angemessenen Umfang.<\/p>\n\n\n\n<p>Bei R\u00fccksendung kontaktieren Sie uns bitte unter:<\/p>\n\n\n\n<p><strong>Uhhmami<\/strong><br>Tj\u00f8rneg\u00e5rdsvej 31<\/p>\n\n\n\n<p>Telefon: +4553769373<\/p>\n\n\n\n<p>Garantiereklamationen werden&nbsp;<strong>nicht<\/strong>&nbsp;angenommen werden, wenn sie per Nachnahmesystem versandt werden.<\/p>\n\n\n\n<h2 class=\"wp-block-heading\" id=\"h-customer-amp-privacy-policy\">Kunden- und Datenschutzpolitik<\/h2>\n\n\n\n<p>Wir verkaufen keine pers\u00f6nlichen Daten weiter und geben Ihre pers\u00f6nlichen Daten nicht an andere weiter. Sie sind lediglich in unserem Kundenverzeichnis registriert. Sie k\u00f6nnen Ihre Daten jederzeit l\u00f6schen.<\/p>\n\n\n\n<p>Damit Sie einen Vertrag mit Uhhmami abschlie\u00dfen k\u00f6nnen, ben\u00f6tigen wir die folgenden Informationen:<\/p>\n\n\n\n<p>. Name<br>. Adresse<br>. Rufnummer<br>. E-Mail Adresse<\/p>\n\n\n\n<p>Wir nehmen die Registrierung Ihrer pers\u00f6nlichen Daten zum Zweck der Lieferung der Waren an Sie vor.<\/p>\n\n\n\n<p>Die pers\u00f6nlichen Daten werden bei Uhhmami registriert und bis zu f\u00fcnf Jahre lang gespeichert, danach werden die Daten gel\u00f6scht.<\/p>\n\n\n\n<p>Wenn wir \u00fcber unsere Website personenbezogene Daten sammeln, stellen wir sicher, dass dies immer mit Ihrer ausdr\u00fccklichen Zustimmung geschieht, so dass Sie genau dar\u00fcber informiert sind, welche Daten gesammelt werden und warum.<\/p>\n\n\n\n<p>Der Direktor und die Mitarbeiter von Uhhmami haben Zugang zu den \u00fcber Sie gespeicherten Informationen.<\/p>\n\n\n\n<p>Der Datenverwalter in Uhhmami ist: Frank Lantz.<\/p>\n\n\n\n<p>Wir speichern und \u00fcbertragen Kundeninformationen nicht verschl\u00fcsselt.<\/p>\n\n\n\n<p><strong>Cookies<\/strong><\/p>\n\n\n\n<p>Auf https:\/\/www.uhhmami.com werden Cookies verwendet, um die Website und ihre Funktionalit\u00e4t zu optimieren und den Besuch f\u00fcr Sie so einfach wie m\u00f6glich zu gestalten.<\/p>\n\n\n\n<p>Sie k\u00f6nnen Cookies jederzeit von Ihrem Computer l\u00f6schen, siehe die Anweisungen auf&nbsp;<a href=\"https:\/\/uhhmami.com\/de\/erstattungs-und-ruckgabebestimmungen\/?wmc-currency=EUR\" target=\"_blank\" rel=\"noreferrer noopener\">Webshop Cookies und Datenschutzbestimmungen<\/a>.<\/p>\n\n\n\n<h2 class=\"wp-block-heading\" id=\"h-consumer-protection\">Verbraucherschutz<\/h2>\n\n\n\n<p>Erfahren Sie mehr \u00fcber Ihren Verbraucherschutz bei Online-Zahlungen mit der Zahlungsdienstl\u00f6sung von Stripe:<br><a href=\"https:\/\/stripe.com\/en-dk\/resources\/more\/secure-payment-systems-explained?utm_source=chatgpt.com\">Zahlung<\/a><\/p>\n\n\n\n<h2 class=\"wp-block-heading\" id=\"h-complaints\">Beanstandungen<\/h2>\n\n\n\n<p>Beschwerden \u00fcber das Produkt k\u00f6nnen an folgende Adresse geschickt werden:<\/p>\n\n\n\n<p><strong>Konkurrence- og Forbrugerstyrelsens<\/strong><br>Carl Jacobsens Vej 35<br>2500 Valby<br><a href=\"http:\/\/www.forbrug.dk\/\" rel=\"noreferrer noopener\" target=\"_blank\">www.forbrug.dk<\/a><\/p>\n\n\n\n<p>F\u00fcr europ\u00e4ische B\u00fcrger, die au\u00dferhalb Europas wohnen, m\u00fcssen Beschwerden \u00fcber die Online-Beschwerdeplattform der EU-Kommission eingereicht werden.<br><a href=\"http:\/\/ec.europa.eu\/consumers\/odr\/\" rel=\"noreferrer noopener\" target=\"_blank\">ec.europa.eu<\/a><\/p>\n\n\n\n<p>Wenn Sie sich beschweren, m\u00fcssen Sie unsere E-Mail-Adresse angeben,&nbsp;<a href=\"mailto:team@uhhmami.com\">team@uhhmami.com<\/a>und die Website, auf der Sie Ihren Kauf get\u00e4tigt haben.<\/p>\n<\/div>","protected":false},"excerpt":{"rendered":"<p>Trading conditions Terms and Conditions for Uhhmami The Social Markets ApS \/ Uhhmami ApS&nbsp; Tj\u00f8rneg\u00e5rdsvej 314000 RoskildeWhatsApp \/ Phone:&nbsp;+45 53 76 93 73 team@uhhmami.com CVR\/VAT: DK40951296 Payment Uhhmami accepts online payments with the following credit cards Visa, Mastercard, Mobilepay Online, Visa Electron, Maestro, Paypal, ApplePay &amp; Googlepay. Payment will only be deducted from your account [&hellip;]<\/p>\n","protected":false},"author":1,"featured_media":0,"parent":0,"menu_order":0,"comment_status":"closed","ping_status":"closed","template":"","meta":{"iawp_total_views":285,"footnotes":""},"class_list":["post-72","page","type-page","status-publish","hentry"],"yoast_head":"<!-- This site is optimized with the Yoast SEO Premium plugin v27.5 (Yoast SEO v27.6) - https:\/\/yoast.com\/product\/yoast-seo-premium-wordpress\/ -->\n<title>Trading Conditions | Uhhmami - Secure Online Payments<\/title>\n<meta name=\"description\" content=\"Uhhmami accepts secure online payments via Visa, Mastercard, PayPal, ApplePay, and more. Payment is deducted once the item ships or the product is created.\" \/>\n<meta name=\"robots\" content=\"index, follow, max-snippet:-1, max-image-preview:large, max-video-preview:-1\" \/>\n<link rel=\"canonical\" href=\"https:\/\/uhhmami.com\/de\/handelsbedingungen\/?wmc-currency=EUR\" \/>\n<meta property=\"og:locale\" content=\"de_DE\" \/>\n<meta property=\"og:type\" content=\"article\" \/>\n<meta property=\"og:title\" content=\"Trading Conditions\" \/>\n<meta property=\"og:description\" content=\"Uhhmami accepts secure online payments via Visa, Mastercard, PayPal, ApplePay, and more. Payment is deducted once the item ships or the product is created.\" \/>\n<meta property=\"og:url\" content=\"https:\/\/uhhmami.com\/de\/handelsbedingungen\/?wmc-currency=EUR\" \/>\n<meta property=\"og:site_name\" content=\"uhhmami\" \/>\n<meta property=\"article:publisher\" content=\"https:\/\/www.facebook.com\/profile.php?id=61555778644895\" \/>\n<meta property=\"article:modified_time\" content=\"2025-12-18T08:48:57+00:00\" \/>\n<meta name=\"twitter:card\" content=\"summary_large_image\" \/>\n<meta name=\"twitter:label1\" content=\"Gesch\u00e4tzte Lesezeit\" \/>\n\t<meta name=\"twitter:data1\" content=\"4\u00a0Minuten\" \/>\n<script type=\"application\/ld+json\" class=\"yoast-schema-graph\">{\"@context\":\"https:\\\/\\\/schema.org\",\"@graph\":[{\"@type\":\"WebPage\",\"@id\":\"https:\\\/\\\/uhhmami.com\\\/trading-conditions\\\/\",\"url\":\"https:\\\/\\\/uhhmami.com\\\/trading-conditions\\\/\",\"name\":\"Trading Conditions | Uhhmami - Secure Online Payments\",\"isPartOf\":{\"@id\":\"https:\\\/\\\/uhhmami.com\\\/#website\"},\"datePublished\":\"2023-12-20T09:40:57+00:00\",\"dateModified\":\"2025-12-18T08:48:57+00:00\",\"description\":\"Uhhmami accepts secure online payments via Visa, Mastercard, PayPal, ApplePay, and more. Payment is deducted once the item ships or the product is created.\",\"breadcrumb\":{\"@id\":\"https:\\\/\\\/uhhmami.com\\\/trading-conditions\\\/#breadcrumb\"},\"inLanguage\":\"de\",\"potentialAction\":[{\"@type\":\"ReadAction\",\"target\":[\"https:\\\/\\\/uhhmami.com\\\/trading-conditions\\\/\"]}]},{\"@type\":\"BreadcrumbList\",\"@id\":\"https:\\\/\\\/uhhmami.com\\\/trading-conditions\\\/#breadcrumb\",\"itemListElement\":[{\"@type\":\"ListItem\",\"position\":1,\"name\":\"Home\",\"item\":\"https:\\\/\\\/uhhmami.com\\\/\"},{\"@type\":\"ListItem\",\"position\":2,\"name\":\"Trading Conditions\"}]},{\"@type\":\"WebSite\",\"@id\":\"https:\\\/\\\/uhhmami.com\\\/#website\",\"url\":\"https:\\\/\\\/uhhmami.com\\\/\",\"name\":\"uhhmami\",\"description\":\"\",\"publisher\":{\"@id\":\"https:\\\/\\\/uhhmami.com\\\/#organization\"},\"potentialAction\":[{\"@type\":\"SearchAction\",\"target\":{\"@type\":\"EntryPoint\",\"urlTemplate\":\"https:\\\/\\\/uhhmami.com\\\/?s={search_term_string}\"},\"query-input\":{\"@type\":\"PropertyValueSpecification\",\"valueRequired\":true,\"valueName\":\"search_term_string\"}}],\"inLanguage\":\"de\"},{\"@type\":\"Organization\",\"@id\":\"https:\\\/\\\/uhhmami.com\\\/#organization\",\"name\":\"uhhmami\",\"alternateName\":\"Uhh-mami\",\"url\":\"https:\\\/\\\/uhhmami.com\\\/\",\"logo\":{\"@type\":\"ImageObject\",\"inLanguage\":\"de\",\"@id\":\"https:\\\/\\\/uhhmami.com\\\/#\\\/schema\\\/logo\\\/image\\\/\",\"url\":\"https:\\\/\\\/zwthke5j.photoncache.com\\\/wp-content\\\/uploads\\\/2025\\\/06\\\/Logo-sort-svg.svg\",\"contentUrl\":\"https:\\\/\\\/zwthke5j.photoncache.com\\\/wp-content\\\/uploads\\\/2025\\\/06\\\/Logo-sort-svg.svg\",\"caption\":\"uhhmami\"},\"image\":{\"@id\":\"https:\\\/\\\/uhhmami.com\\\/#\\\/schema\\\/logo\\\/image\\\/\"},\"sameAs\":[\"https:\\\/\\\/www.facebook.com\\\/profile.php?id=61555778644895\",\"https:\\\/\\\/www.instagram.com\\\/uhhmami_official\\\/\"],\"description\":\"About Uhhmami \u2013 Pure flavour, Easy to Use, and Sustainable At Uhhmami, we make it easy to create delicious meals with clean, sustainable ingredients. Our mission is to rethink cooking by offering simple solutions that add depth and richness to your dishes\u2014without compromising on quality or sustainability. Our Philosophy: flavour and Sustainability in Harmony We believe great food starts with great ingredients. That\u2019s why we develop natural, fermented flavour enhancers that bring out umami and simplify your cooking. With Uhhmami, you can easily add restaurant-quality taste to soups, sauces, and vegetable dishes in seconds. Why Choose Uhhmami? \u2705 Pure flavour: Made from carefully selected, natural ingredients with no additives. \u2705 Easy to use: A small amount instantly elevates your dish. \u2705 A sustainable choice: Less food waste and a lower carbon footprint than traditional bouillons. \u2705 High quality: Developed by Michelin-star chef Frank Lantz for the best taste experience. Take a step toward a greener, more flavourful future\u2014one dish at a time. Visit Uhhmami.com to discover how easy it is to cook with depth and richness!\",\"legalName\":\"Uhhmami\",\"foundingDate\":\"2022-10-01\",\"numberOfEmployees\":{\"@type\":\"QuantitativeValue\",\"minValue\":\"1\",\"maxValue\":\"10\"}}]}<\/script>\n<!-- \/ Yoast SEO Premium plugin. -->","yoast_head_json":{"title":"Handelsbedingungen | Uhhmami - Sichere Online-Zahlungen","description":"Uhhmami akzeptiert sichere Online-Zahlungen \u00fcber Visa, Mastercard, PayPal, ApplePay und mehr. Die Zahlung wird abgebucht, sobald der Artikel versandt oder das Produkt erstellt wurde.","robots":{"index":"index","follow":"follow","max-snippet":"max-snippet:-1","max-image-preview":"max-image-preview:large","max-video-preview":"max-video-preview:-1"},"canonical":"https:\/\/uhhmami.com\/de\/handelsbedingungen\/?wmc-currency=EUR","og_locale":"de_DE","og_type":"article","og_title":"Trading Conditions","og_description":"Uhhmami accepts secure online payments via Visa, Mastercard, PayPal, ApplePay, and more. Payment is deducted once the item ships or the product is created.","og_url":"https:\/\/uhhmami.com\/de\/handelsbedingungen\/?wmc-currency=EUR","og_site_name":"uhhmami","article_publisher":"https:\/\/www.facebook.com\/profile.php?id=61555778644895","article_modified_time":"2025-12-18T08:48:57+00:00","twitter_card":"summary_large_image","twitter_misc":{"Gesch\u00e4tzte Lesezeit":"4\u00a0Minuten"},"schema":{"@context":"https:\/\/schema.org","@graph":[{"@type":"WebPage","@id":"https:\/\/uhhmami.com\/trading-conditions\/","url":"https:\/\/uhhmami.com\/trading-conditions\/","name":"Handelsbedingungen | Uhhmami - Sichere Online-Zahlungen","isPartOf":{"@id":"https:\/\/uhhmami.com\/#website"},"datePublished":"2023-12-20T09:40:57+00:00","dateModified":"2025-12-18T08:48:57+00:00","description":"Uhhmami akzeptiert sichere Online-Zahlungen \u00fcber Visa, Mastercard, PayPal, ApplePay und mehr. Die Zahlung wird abgebucht, sobald der Artikel versandt oder das Produkt erstellt wurde.","breadcrumb":{"@id":"https:\/\/uhhmami.com\/trading-conditions\/#breadcrumb"},"inLanguage":"de","potentialAction":[{"@type":"ReadAction","target":["https:\/\/uhhmami.com\/trading-conditions\/"]}]},{"@type":"BreadcrumbList","@id":"https:\/\/uhhmami.com\/trading-conditions\/#breadcrumb","itemListElement":[{"@type":"ListItem","position":1,"name":"Home","item":"https:\/\/uhhmami.com\/"},{"@type":"ListItem","position":2,"name":"Trading Conditions"}]},{"@type":"WebSite","@id":"https:\/\/uhhmami.com\/#website","url":"https:\/\/uhhmami.com\/","name":"uhhmami","description":"","publisher":{"@id":"https:\/\/uhhmami.com\/#organization"},"potentialAction":[{"@type":"SearchAction","target":{"@type":"EntryPoint","urlTemplate":"https:\/\/uhhmami.com\/?s={search_term_string}"},"query-input":{"@type":"PropertyValueSpecification","valueRequired":true,"valueName":"search_term_string"}}],"inLanguage":"de"},{"@type":"Organization","@id":"https:\/\/uhhmami.com\/#organization","name":"uhhmami","alternateName":"Uhh-mami","url":"https:\/\/uhhmami.com\/","logo":{"@type":"ImageObject","inLanguage":"de","@id":"https:\/\/uhhmami.com\/#\/schema\/logo\/image\/","url":"https:\/\/zwthke5j.photoncache.com\/wp-content\/uploads\/2025\/06\/Logo-sort-svg.svg","contentUrl":"https:\/\/zwthke5j.photoncache.com\/wp-content\/uploads\/2025\/06\/Logo-sort-svg.svg","caption":"uhhmami"},"image":{"@id":"https:\/\/uhhmami.com\/#\/schema\/logo\/image\/"},"sameAs":["https:\/\/www.facebook.com\/profile.php?id=61555778644895","https:\/\/www.instagram.com\/uhhmami_official\/"],"description":"\u00dcber Uhhmami - Reiner Geschmack, einfache Anwendung und Nachhaltigkeit Wir von Uhhmami machen es Ihnen leicht, k\u00f6stliche Mahlzeiten mit sauberen, nachhaltigen Zutaten zuzubereiten. Unsere Mission ist es, das Kochen neu zu denken, indem wir einfache L\u00f6sungen anbieten, die Ihren Gerichten Tiefe und Reichhaltigkeit verleihen - ohne Kompromisse bei der Qualit\u00e4t oder Nachhaltigkeit. Unsere Philosophie: Geschmack und Nachhaltigkeit in Harmonie Wir glauben, dass gutes Essen mit guten Zutaten beginnt. Deshalb entwickeln wir nat\u00fcrliche, fermentierte Geschmacksverst\u00e4rker, die das Umami hervorheben und das Kochen vereinfachen. Mit Uhhmami k\u00f6nnen Sie Suppen, So\u00dfen und Gem\u00fcsegerichten in Sekundenschnelle einen Geschmack in Restaurantqualit\u00e4t verleihen. Warum Uhhmami w\u00e4hlen? \u2705 Reiner Geschmack: Hergestellt aus sorgf\u00e4ltig ausgew\u00e4hlten, nat\u00fcrlichen Zutaten und ohne Zusatzstoffe. \u2705 Einfach zu verwenden: Eine kleine Menge wertet Ihr Gericht sofort auf. \u2705 Eine nachhaltige Wahl: Weniger Lebensmittelabf\u00e4lle und ein geringerer CO2-Fu\u00dfabdruck als bei herk\u00f6mmlichen Bouillons. \u2705 Hohe Qualit\u00e4t: Entwickelt von Michelin-Sternekoch Frank Lantz f\u00fcr das beste Geschmackserlebnis. Machen Sie einen Schritt in Richtung einer gr\u00fcneren, schmackhafteren Zukunft - ein Gericht nach dem anderen. Besuchen Sie Uhhmami.com und entdecken Sie, wie einfach es ist, mit Tiefe und Reichhaltigkeit zu kochen!","legalName":"Uhhmami","foundingDate":"2022-10-01","numberOfEmployees":{"@type":"QuantitativeValue","minValue":"1","maxValue":"10"}}]}},"jetpack_sharing_enabled":true,"_links":{"self":[{"href":"https:\/\/uhhmami.com\/de\/wp-json\/wp\/v2\/pages\/72","targetHints":{"allow":["GET"]}}],"collection":[{"href":"https:\/\/uhhmami.com\/de\/wp-json\/wp\/v2\/pages"}],"about":[{"href":"https:\/\/uhhmami.com\/de\/wp-json\/wp\/v2\/types\/page"}],"author":[{"embeddable":true,"href":"https:\/\/uhhmami.com\/de\/wp-json\/wp\/v2\/users\/1"}],"replies":[{"embeddable":true,"href":"https:\/\/uhhmami.com\/de\/wp-json\/wp\/v2\/comments?post=72"}],"version-history":[{"count":10,"href":"https:\/\/uhhmami.com\/de\/wp-json\/wp\/v2\/pages\/72\/revisions"}],"predecessor-version":[{"id":10833,"href":"https:\/\/uhhmami.com\/de\/wp-json\/wp\/v2\/pages\/72\/revisions\/10833"}],"wp:attachment":[{"href":"https:\/\/uhhmami.com\/de\/wp-json\/wp\/v2\/media?parent=72"}],"curies":[{"name":"wp","href":"https:\/\/api.w.org\/{rel}","templated":true}]}}