{"id":275,"date":"2023-12-22T08:57:36","date_gmt":"2023-12-22T07:57:36","guid":{"rendered":"https:\/\/uhhmami.test\/kurv\/"},"modified":"2026-01-19T15:51:57","modified_gmt":"2026-01-19T14:51:57","slug":"wagen","status":"publish","type":"page","link":"https:\/\/uhhmami.com\/de\/cart\/","title":{"rendered":"Kurv"},"content":{"rendered":"<div data-block-name=\"woocommerce\/cart\" class=\"wp-block-woocommerce-cart alignwide is-loading\"><div class=\"wdp-cart-block-notice-wrapper\"><\/div>\n<div data-block-name=\"woocommerce\/filled-cart-block\" class=\"wp-block-woocommerce-filled-cart-block\">\n<div data-block-name=\"woocommerce\/cart-items-block\" class=\"wp-block-woocommerce-cart-items-block\">\n<div data-block-name=\"woocommerce\/cart-line-items-block\" class=\"wp-block-woocommerce-cart-line-items-block\"><\/div>\n<\/div>\n\n\n\n<div data-block-name=\"woocommerce\/cart-totals-block\" class=\"wp-block-woocommerce-cart-totals-block\">\n<div data-block-name=\"woocommerce\/cart-order-summary-block\" class=\"wp-block-woocommerce-cart-order-summary-block\">\n<div data-block-name=\"woocommerce\/cart-order-summary-heading-block\" class=\"wp-block-woocommerce-cart-order-summary-heading-block\"><\/div>\n\n\n\n<div data-block-name=\"woocommerce\/cart-order-summary-coupon-form-block\" class=\"wp-block-woocommerce-cart-order-summary-coupon-form-block\"><\/div>\n\n\n\n<div data-block-name=\"woocommerce\/cart-order-summary-totals-block\" class=\"wp-block-woocommerce-cart-order-summary-totals-block\">\n<div data-block-name=\"woocommerce\/cart-order-summary-subtotal-block\" class=\"wp-block-woocommerce-cart-order-summary-subtotal-block\"><\/div>\n\n\n\n<div data-block-name=\"woocommerce\/cart-order-summary-fee-block\" class=\"wp-block-woocommerce-cart-order-summary-fee-block\"><\/div>\n\n\n\n<div data-block-name=\"woocommerce\/cart-order-summary-discount-block\" class=\"wp-block-woocommerce-cart-order-summary-discount-block\"><\/div>\n\n\n\n<div data-block-name=\"woocommerce\/cart-order-summary-shipping-block\" class=\"wp-block-woocommerce-cart-order-summary-shipping-block\"><\/div>\n\n\n\n<div data-block-name=\"woocommerce\/cart-order-summary-taxes-block\" class=\"wp-block-woocommerce-cart-order-summary-taxes-block\"><\/div>\n<\/div>\n<\/div>\n\n\n\n<div data-block-name=\"woocommerce\/cart-express-payment-block\" class=\"wp-block-woocommerce-cart-express-payment-block\"><\/div>\n\n\n\n<div data-block-name=\"woocommerce\/proceed-to-checkout-block\" class=\"wp-block-woocommerce-proceed-to-checkout-block\"><\/div>\n\n\n\n<div data-block-name=\"woocommerce\/cart-accepted-payment-methods-block\" class=\"wp-block-woocommerce-cart-accepted-payment-methods-block\"><\/div>\n<\/div>\n<\/div>\n\n\n\n<div data-block-name=\"woocommerce\/empty-cart-block\" class=\"wp-block-woocommerce-empty-cart-block\">\n<h2 class=\"wp-block-heading has-text-align-center with-empty-cart-icon wc-block-cart__empty-cart__title\" id=\"h-din-kurv-er-lige-nu-tom\">Din kurv er lige nu tom!<\/h2>\n\n\n\n<hr class=\"wp-block-separator has-alpha-channel-opacity is-style-dots\"\/>\n\n\n\n<h2 class=\"wp-block-heading has-text-align-center\" id=\"h-ny-i-webshop\">Ny i webshop<\/h2>\n\n\n<div data-block-name=\"woocommerce\/product-new\" data-columns=\"4\" data-rows=\"1\" class=\"wc-block-grid wp-block-product-new wp-block-woocommerce-product-new wc-block-product-new has-4-columns\"><ul class=\"wc-block-grid__products\"><li class=\"wc-block-grid__product\"><span class=\"gtm4wp_productdata\" style=\"display:none; visibility:hidden;\" data-gtm4wp_product_data=\"{&quot;internal_id&quot;:11051,&quot;item_id&quot;:11051,&quot;item_name&quot;:&quot;MIX Bundles Easy Meals&quot;,&quot;sku&quot;:&quot;1900080&quot;,&quot;price&quot;:36,&quot;stocklevel&quot;:null,&quot;stockstatus&quot;:&quot;instock&quot;,&quot;google_business_vertical&quot;:&quot;retail&quot;,&quot;item_category&quot;:&quot;Easy Meals&quot;,&quot;id&quot;:11051,&quot;productlink&quot;:&quot;https:\\\/\\\/uhhmami.com\\\/de\\\/product\\\/bundle-easymeal\\\/&quot;,&quot;item_list_name&quot;:&quot;General Product List&quot;,&quot;index&quot;:0,&quot;product_type&quot;:&quot;variable&quot;,&quot;item_brand&quot;:&quot;&quot;}\"><\/span>\n\t\t\t\t<a href=\"https:\/\/uhhmami.com\/de\/product\/bundle-easymeal\/\" class=\"wc-block-grid__product-link\">\n\t\t\t\t\t<div class=\"wc-block-grid__product-onsale\">\n\t\t\t<span aria-hidden=\"true\" data-no-translation=\"\" data-trp-gettext=\"\">Verkauf<\/span>\n\t\t\t<span class=\"screen-reader-text\" data-no-translation=\"\" data-trp-gettext=\"\">Produkt zum Verkauf<\/span>\n\t\t<\/div>\n\t\t\t\t\t<div class=\"wc-block-grid__product-image\"><img decoding=\"async\" width=\"300\" height=\"300\" src=\"https:\/\/zwthke5j.photoncache.com\/wp-content\/uploads\/2025\/09\/Easy-Meals-1-1-300x300.png\" class=\"attachment-woocommerce_thumbnail size-woocommerce_thumbnail\" alt=\"5er-Pack Bundle\" srcset=\"https:\/\/zwthke5j.photoncache.com\/wp-content\/uploads\/2025\/09\/Easy-Meals-1-1-300x300.png 300w, https:\/\/zwthke5j.photoncache.com\/wp-content\/uploads\/2025\/09\/Easy-Meals-1-1-1024x1024.png 1024w, https:\/\/zwthke5j.photoncache.com\/wp-content\/uploads\/2025\/09\/Easy-Meals-1-1-150x150.png 150w, https:\/\/zwthke5j.photoncache.com\/wp-content\/uploads\/2025\/09\/Easy-Meals-1-1-768x768.png 768w, https:\/\/zwthke5j.photoncache.com\/wp-content\/uploads\/2025\/09\/Easy-Meals-1-1-12x12.png 12w, https:\/\/zwthke5j.photoncache.com\/wp-content\/uploads\/2025\/09\/Easy-Meals-1-1-60x60.png 60w, https:\/\/zwthke5j.photoncache.com\/wp-content\/uploads\/2025\/09\/Easy-Meals-1-1-100x100.png 100w, https:\/\/zwthke5j.photoncache.com\/wp-content\/uploads\/2025\/09\/Easy-Meals-1-1-600x600.png 600w, https:\/\/zwthke5j.photoncache.com\/wp-content\/uploads\/2025\/09\/Easy-Meals-1-1.png 1500w\" sizes=\"(max-width: 300px) 100vw, 300px\" \/><\/div>\n\t\t\t\t\t<div class=\"wc-block-grid__product-title\">MIX-B\u00fcndel Leichte Mahlzeiten<\/div>\n\t\t\t\t<\/a>\n\t\t\t\t<div class=\"wc-block-grid__product-price price\"><span class=\"woocommerce-Price-amount amount\"><span class=\"woocommerce-Price-currencySymbol\">&euro;<\/span>&nbsp;36,00<\/span> <span aria-hidden=\"true\">&#8211;<\/span> <span class=\"woocommerce-Price-amount amount\"><span class=\"woocommerce-Price-currencySymbol\">&euro;<\/span>&nbsp;128,00<\/span><span class=\"screen-reader-text\" data-no-translation=\"\" data-trp-gettext=\"\">Preisspanne: &euro;&nbsp;36,00 bis &euro;&nbsp;128,00<\/span><\/div>\n\t\t\t\t\n\t\t\t\t<div class=\"wp-block-button wc-block-grid__product-add-to-cart\"><a href=\"https:\/\/uhhmami.com\/de\/product\/bundle-easymeal\/\" aria-label=\"Optionen ausw\u00e4hlen f\u00fcr &quot;MIX Bundles Easy Meals&quot;.\" data-quantity=\"1\" data-product_id=\"11051\" data-product_sku=\"1900080\" data-price=\"36\" rel=\"nofollow\" class=\"wp-block-button__link wp-element-button add_to_cart_button\" data-no-translation=\"\" data-trp-gettext=\"\" data-no-translation-aria-label=\"\">Kaufen<\/a><\/div>\n\t\t\t<\/li><li class=\"wc-block-grid__product\"><span class=\"gtm4wp_productdata\" style=\"display:none; visibility:hidden;\" data-gtm4wp_product_data=\"{&quot;internal_id&quot;:9208,&quot;item_id&quot;:9208,&quot;item_name&quot;:&quot;Bolo Kit - 4 meals&quot;,&quot;sku&quot;:&quot;3400080&quot;,&quot;price&quot;:8,&quot;stocklevel&quot;:null,&quot;stockstatus&quot;:&quot;instock&quot;,&quot;google_business_vertical&quot;:&quot;retail&quot;,&quot;item_category&quot;:&quot;All products&quot;,&quot;id&quot;:9208,&quot;productlink&quot;:&quot;https:\\\/\\\/uhhmami.com\\\/de\\\/product\\\/bolo-kit\\\/&quot;,&quot;item_list_name&quot;:&quot;General Product List&quot;,&quot;index&quot;:0,&quot;product_type&quot;:&quot;simple&quot;,&quot;item_brand&quot;:&quot;&quot;}\"><\/span>\n\t\t\t\t<a href=\"https:\/\/uhhmami.com\/de\/product\/bolo-kit\/\" class=\"wc-block-grid__product-link\">\n\t\t\t\t\t\n\t\t\t\t\t<div class=\"wc-block-grid__product-image\"><img decoding=\"async\" width=\"300\" height=\"464\" src=\"https:\/\/zwthke5j.photoncache.com\/wp-content\/uploads\/2025\/08\/Bolo-Kit-300x464.png\" class=\"attachment-woocommerce_thumbnail size-woocommerce_thumbnail\" alt=\"Rote Verpackung f\u00fcr ein Bio-Bolognese-Kit von Uhmmami, das nachhaltiges, recyceltes Eiwei\u00df pr\u00e4sentiert. Schale mit Bolognese mit sichtbaren Kr\u00e4utern.\" srcset=\"https:\/\/zwthke5j.photoncache.com\/wp-content\/uploads\/2025\/08\/Bolo-Kit-300x464.png 300w, https:\/\/zwthke5j.photoncache.com\/wp-content\/uploads\/2025\/08\/Bolo-Kit-194x300.png 194w, https:\/\/zwthke5j.photoncache.com\/wp-content\/uploads\/2025\/08\/Bolo-Kit-662x1024.png 662w, https:\/\/zwthke5j.photoncache.com\/wp-content\/uploads\/2025\/08\/Bolo-Kit-768x1188.png 768w, https:\/\/zwthke5j.photoncache.com\/wp-content\/uploads\/2025\/08\/Bolo-Kit-993x1536.png 993w, https:\/\/zwthke5j.photoncache.com\/wp-content\/uploads\/2025\/08\/Bolo-Kit-1324x2048.png 1324w, https:\/\/zwthke5j.photoncache.com\/wp-content\/uploads\/2025\/08\/Bolo-Kit-8x12.png 8w, https:\/\/zwthke5j.photoncache.com\/wp-content\/uploads\/2025\/08\/Bolo-Kit-39x60.png 39w, https:\/\/zwthke5j.photoncache.com\/wp-content\/uploads\/2025\/08\/Bolo-Kit-65x100.png 65w, https:\/\/zwthke5j.photoncache.com\/wp-content\/uploads\/2025\/08\/Bolo-Kit-600x928.png 600w, https:\/\/zwthke5j.photoncache.com\/wp-content\/uploads\/2025\/08\/Bolo-Kit-scaled.png 1655w\" sizes=\"(max-width: 300px) 100vw, 300px\" \/><\/div>\n\t\t\t\t\t<div class=\"wc-block-grid__product-title\">Bolo Kit - 4 Mahlzeiten<\/div>\n\t\t\t\t<\/a>\n\t\t\t\t<div class=\"wc-block-grid__product-price price\"><span class=\"woocommerce-Price-amount amount\"><span class=\"woocommerce-Price-currencySymbol\">\u20ac<\/span>&nbsp;8,00<\/span><\/div>\n\t\t\t\t\n\t\t\t\t<div class=\"wp-block-button wc-block-grid__product-add-to-cart\"><a href=\"\/de\/wp-json\/wp\/v2\/pages\/275?add-to-cart=9208\" aria-label=\"L\u00e6g i kurv: \u201cBolo Kit - 4 meals\u201d\" data-quantity=\"1\" data-product_id=\"9208\" data-product_sku=\"3400080\" data-price=\"8\" rel=\"nofollow\" class=\"wp-block-button__link wp-element-button add_to_cart_button ajax_add_to_cart\" data-no-translation=\"\" data-trp-gettext=\"\" data-no-translation-aria-label=\"\">Kaufen<\/a><\/div>\n\t\t\t<\/li><li class=\"wc-block-grid__product\"><span class=\"gtm4wp_productdata\" style=\"display:none; visibility:hidden;\" data-gtm4wp_product_data=\"{&quot;internal_id&quot;:9263,&quot;item_id&quot;:9263,&quot;item_name&quot;:&quot;Mexi Kit - 4 meals&quot;,&quot;sku&quot;:&quot;3100080&quot;,&quot;price&quot;:8,&quot;stocklevel&quot;:null,&quot;stockstatus&quot;:&quot;instock&quot;,&quot;google_business_vertical&quot;:&quot;retail&quot;,&quot;item_category&quot;:&quot;All products&quot;,&quot;id&quot;:9263,&quot;productlink&quot;:&quot;https:\\\/\\\/uhhmami.com\\\/de\\\/product\\\/mexi-kit\\\/&quot;,&quot;item_list_name&quot;:&quot;General Product List&quot;,&quot;index&quot;:0,&quot;product_type&quot;:&quot;simple&quot;,&quot;item_brand&quot;:&quot;&quot;}\"><\/span>\n\t\t\t\t<a href=\"https:\/\/uhhmami.com\/de\/product\/mexi-kit\/\" class=\"wc-block-grid__product-link\">\n\t\t\t\t\t\n\t\t\t\t\t<div class=\"wc-block-grid__product-image\"><img decoding=\"async\" width=\"300\" height=\"464\" src=\"https:\/\/zwthke5j.photoncache.com\/wp-content\/uploads\/2025\/08\/Mexi-Kit-300x464.png\" class=\"attachment-woocommerce_thumbnail size-woocommerce_thumbnail\" alt=\"Gr\u00fcne Verpackung eines Bio-Mexi-Kits mit einer Schale Bolognese, Petersilienbeilage und einem Text, der den Proteingehalt und die Nachhaltigkeit hervorhebt.\" srcset=\"https:\/\/zwthke5j.photoncache.com\/wp-content\/uploads\/2025\/08\/Mexi-Kit-300x464.png 300w, https:\/\/zwthke5j.photoncache.com\/wp-content\/uploads\/2025\/08\/Mexi-Kit-194x300.png 194w, https:\/\/zwthke5j.photoncache.com\/wp-content\/uploads\/2025\/08\/Mexi-Kit-662x1024.png 662w, https:\/\/zwthke5j.photoncache.com\/wp-content\/uploads\/2025\/08\/Mexi-Kit-768x1188.png 768w, https:\/\/zwthke5j.photoncache.com\/wp-content\/uploads\/2025\/08\/Mexi-Kit-993x1536.png 993w, https:\/\/zwthke5j.photoncache.com\/wp-content\/uploads\/2025\/08\/Mexi-Kit-1324x2048.png 1324w, https:\/\/zwthke5j.photoncache.com\/wp-content\/uploads\/2025\/08\/Mexi-Kit-8x12.png 8w, https:\/\/zwthke5j.photoncache.com\/wp-content\/uploads\/2025\/08\/Mexi-Kit-39x60.png 39w, https:\/\/zwthke5j.photoncache.com\/wp-content\/uploads\/2025\/08\/Mexi-Kit-65x100.png 65w, https:\/\/zwthke5j.photoncache.com\/wp-content\/uploads\/2025\/08\/Mexi-Kit-600x928.png 600w, https:\/\/zwthke5j.photoncache.com\/wp-content\/uploads\/2025\/08\/Mexi-Kit-scaled.png 1655w\" sizes=\"(max-width: 300px) 100vw, 300px\" \/><\/div>\n\t\t\t\t\t<div class=\"wc-block-grid__product-title\">Mexi Kit - 4 Mahlzeiten<\/div>\n\t\t\t\t<\/a>\n\t\t\t\t<div class=\"wc-block-grid__product-price price\"><span class=\"woocommerce-Price-amount amount\"><span class=\"woocommerce-Price-currencySymbol\">\u20ac<\/span>&nbsp;8,00<\/span><\/div>\n\t\t\t\t\n\t\t\t\t<div class=\"wp-block-button wc-block-grid__product-add-to-cart\"><a href=\"\/de\/wp-json\/wp\/v2\/pages\/275?add-to-cart=9263\" aria-label=\"L\u00e6g i kurv: \u201cMexi Kit - 4 meals\u201d\" data-quantity=\"1\" data-product_id=\"9263\" data-product_sku=\"3100080\" data-price=\"8\" rel=\"nofollow\" class=\"wp-block-button__link wp-element-button add_to_cart_button ajax_add_to_cart\" data-no-translation=\"\" data-trp-gettext=\"\" data-no-translation-aria-label=\"\">Kaufen<\/a><\/div>\n\t\t\t<\/li><li class=\"wc-block-grid__product\"><span class=\"gtm4wp_productdata\" style=\"display:none; visibility:hidden;\" data-gtm4wp_product_data=\"{&quot;internal_id&quot;:9261,&quot;item_id&quot;:9261,&quot;item_name&quot;:&quot;Goulash Kit - 4 meals&quot;,&quot;sku&quot;:&quot;3200080&quot;,&quot;price&quot;:8,&quot;stocklevel&quot;:null,&quot;stockstatus&quot;:&quot;instock&quot;,&quot;google_business_vertical&quot;:&quot;retail&quot;,&quot;item_category&quot;:&quot;All products&quot;,&quot;id&quot;:9261,&quot;productlink&quot;:&quot;https:\\\/\\\/uhhmami.com\\\/de\\\/product\\\/goulash-kit\\\/&quot;,&quot;item_list_name&quot;:&quot;General Product List&quot;,&quot;index&quot;:0,&quot;product_type&quot;:&quot;simple&quot;,&quot;item_brand&quot;:&quot;&quot;}\"><\/span>\n\t\t\t\t<a href=\"https:\/\/uhhmami.com\/de\/product\/goulash-kit\/\" class=\"wc-block-grid__product-link\">\n\t\t\t\t\t\n\t\t\t\t\t<div class=\"wc-block-grid__product-image\"><img decoding=\"async\" width=\"300\" height=\"464\" src=\"https:\/\/zwthke5j.photoncache.com\/wp-content\/uploads\/2025\/08\/Goulash-Kit-300x464.png\" class=\"attachment-woocommerce_thumbnail size-woocommerce_thumbnail\" alt=\"Verpackung eines Bio-Gulaschsets mit upgecyceltem Eiwei\u00df. Abbildung der Mahlzeit mit So\u00dfe und Petersilie, die als proteinreich und umweltfreundlich gekennzeichnet ist.\" srcset=\"https:\/\/zwthke5j.photoncache.com\/wp-content\/uploads\/2025\/08\/Goulash-Kit-300x464.png 300w, https:\/\/zwthke5j.photoncache.com\/wp-content\/uploads\/2025\/08\/Goulash-Kit-194x300.png 194w, https:\/\/zwthke5j.photoncache.com\/wp-content\/uploads\/2025\/08\/Goulash-Kit-662x1024.png 662w, https:\/\/zwthke5j.photoncache.com\/wp-content\/uploads\/2025\/08\/Goulash-Kit-768x1188.png 768w, https:\/\/zwthke5j.photoncache.com\/wp-content\/uploads\/2025\/08\/Goulash-Kit-993x1536.png 993w, https:\/\/zwthke5j.photoncache.com\/wp-content\/uploads\/2025\/08\/Goulash-Kit-1324x2048.png 1324w, https:\/\/zwthke5j.photoncache.com\/wp-content\/uploads\/2025\/08\/Goulash-Kit-8x12.png 8w, https:\/\/zwthke5j.photoncache.com\/wp-content\/uploads\/2025\/08\/Goulash-Kit-39x60.png 39w, https:\/\/zwthke5j.photoncache.com\/wp-content\/uploads\/2025\/08\/Goulash-Kit-65x100.png 65w, https:\/\/zwthke5j.photoncache.com\/wp-content\/uploads\/2025\/08\/Goulash-Kit-600x928.png 600w, https:\/\/zwthke5j.photoncache.com\/wp-content\/uploads\/2025\/08\/Goulash-Kit-scaled.png 1655w\" sizes=\"(max-width: 300px) 100vw, 300px\" \/><\/div>\n\t\t\t\t\t<div class=\"wc-block-grid__product-title\">Gulasch-Kit - 4 Mahlzeiten<\/div>\n\t\t\t\t<\/a>\n\t\t\t\t<div class=\"wc-block-grid__product-price price\"><span class=\"woocommerce-Price-amount amount\"><span class=\"woocommerce-Price-currencySymbol\">\u20ac<\/span>&nbsp;8,00<\/span><\/div>\n\t\t\t\t\n\t\t\t\t<div class=\"wp-block-button wc-block-grid__product-add-to-cart\"><a href=\"\/de\/wp-json\/wp\/v2\/pages\/275?add-to-cart=9261\" aria-label=\"L\u00e6g i kurv: \u201cGoulash Kit - 4 meals\u201d\" data-quantity=\"1\" data-product_id=\"9261\" data-product_sku=\"3200080\" data-price=\"8\" rel=\"nofollow\" class=\"wp-block-button__link wp-element-button add_to_cart_button ajax_add_to_cart\" data-no-translation=\"\" data-trp-gettext=\"\" data-no-translation-aria-label=\"\">Kaufen<\/a><\/div>\n\t\t\t<\/li><\/ul><\/div><\/div>\n<\/div>","protected":false},"excerpt":{"rendered":"","protected":false},"author":1,"featured_media":0,"parent":0,"menu_order":0,"comment_status":"closed","ping_status":"closed","template":"","meta":{"iawp_total_views":633,"footnotes":""},"class_list":["post-275","page","type-page","status-publish","hentry"],"yoast_head":"<!-- This site is optimized with the Yoast SEO Premium plugin v27.2 (Yoast SEO v27.4) - https:\/\/yoast.com\/product\/yoast-seo-premium-wordpress\/ -->\n<title>Kurv - uhhmami<\/title>\n<meta name=\"description\" content=\"Kurve by Uhhmami a unique plant-based flavor journey that blends innovation, taste, and sustainability. Explore bold creations designed\" \/>\n<meta name=\"robots\" content=\"index, follow, max-snippet:-1, max-image-preview:large, max-video-preview:-1\" \/>\n<link rel=\"canonical\" href=\"https:\/\/uhhmami.com\/de\/wagen\/?wmc-currency=EUR\" \/>\n<meta property=\"og:locale\" content=\"de_DE\" \/>\n<meta property=\"og:type\" content=\"article\" \/>\n<meta property=\"og:title\" content=\"Kurv\" \/>\n<meta property=\"og:description\" content=\"Kurve by Uhhmami a unique plant-based flavor journey that blends innovation, taste, and sustainability. Explore bold creations designed\" \/>\n<meta property=\"og:url\" content=\"https:\/\/uhhmami.com\/de\/wagen\/?wmc-currency=EUR\" \/>\n<meta property=\"og:site_name\" content=\"uhhmami\" \/>\n<meta property=\"article:publisher\" content=\"https:\/\/www.facebook.com\/profile.php?id=61555778644895\" \/>\n<meta property=\"article:modified_time\" content=\"2026-01-19T14:51:57+00:00\" \/>\n<meta name=\"twitter:card\" content=\"summary_large_image\" \/>\n<meta name=\"twitter:label1\" content=\"Gesch\u00e4tzte Lesezeit\" \/>\n\t<meta name=\"twitter:data1\" content=\"1\u00a0Minute\" \/>\n<script type=\"application\/ld+json\" class=\"yoast-schema-graph\">{\"@context\":\"https:\\\/\\\/schema.org\",\"@graph\":[{\"@type\":\"WebPage\",\"@id\":\"https:\\\/\\\/uhhmami.com\\\/cart\\\/\",\"url\":\"https:\\\/\\\/uhhmami.com\\\/cart\\\/\",\"name\":\"Kurv - uhhmami\",\"isPartOf\":{\"@id\":\"https:\\\/\\\/uhhmami.com\\\/#website\"},\"datePublished\":\"2023-12-22T07:57:36+00:00\",\"dateModified\":\"2026-01-19T14:51:57+00:00\",\"description\":\"Kurve by Uhhmami a unique plant-based flavor journey that blends innovation, taste, and sustainability. Explore bold creations designed\",\"breadcrumb\":{\"@id\":\"https:\\\/\\\/uhhmami.com\\\/cart\\\/#breadcrumb\"},\"inLanguage\":\"de\",\"potentialAction\":[{\"@type\":\"ReadAction\",\"target\":[\"https:\\\/\\\/uhhmami.com\\\/cart\\\/\"]}]},{\"@type\":\"BreadcrumbList\",\"@id\":\"https:\\\/\\\/uhhmami.com\\\/cart\\\/#breadcrumb\",\"itemListElement\":[{\"@type\":\"ListItem\",\"position\":1,\"name\":\"Home\",\"item\":\"https:\\\/\\\/uhhmami.com\\\/\"},{\"@type\":\"ListItem\",\"position\":2,\"name\":\"Kurv\"}]},{\"@type\":\"WebSite\",\"@id\":\"https:\\\/\\\/uhhmami.com\\\/#website\",\"url\":\"https:\\\/\\\/uhhmami.com\\\/\",\"name\":\"uhhmami\",\"description\":\"\",\"publisher\":{\"@id\":\"https:\\\/\\\/uhhmami.com\\\/#organization\"},\"potentialAction\":[{\"@type\":\"SearchAction\",\"target\":{\"@type\":\"EntryPoint\",\"urlTemplate\":\"https:\\\/\\\/uhhmami.com\\\/?s={search_term_string}\"},\"query-input\":{\"@type\":\"PropertyValueSpecification\",\"valueRequired\":true,\"valueName\":\"search_term_string\"}}],\"inLanguage\":\"de\"},{\"@type\":\"Organization\",\"@id\":\"https:\\\/\\\/uhhmami.com\\\/#organization\",\"name\":\"uhhmami\",\"alternateName\":\"Uhh-mami\",\"url\":\"https:\\\/\\\/uhhmami.com\\\/\",\"logo\":{\"@type\":\"ImageObject\",\"inLanguage\":\"de\",\"@id\":\"https:\\\/\\\/uhhmami.com\\\/#\\\/schema\\\/logo\\\/image\\\/\",\"url\":\"https:\\\/\\\/zwthke5j.photoncache.com\\\/wp-content\\\/uploads\\\/2025\\\/06\\\/Logo-sort-svg.svg\",\"contentUrl\":\"https:\\\/\\\/zwthke5j.photoncache.com\\\/wp-content\\\/uploads\\\/2025\\\/06\\\/Logo-sort-svg.svg\",\"caption\":\"uhhmami\"},\"image\":{\"@id\":\"https:\\\/\\\/uhhmami.com\\\/#\\\/schema\\\/logo\\\/image\\\/\"},\"sameAs\":[\"https:\\\/\\\/www.facebook.com\\\/profile.php?id=61555778644895\",\"https:\\\/\\\/www.instagram.com\\\/uhhmami_official\\\/\"],\"description\":\"About Uhhmami \u2013 Pure flavour, Easy to Use, and Sustainable At Uhhmami, we make it easy to create delicious meals with clean, sustainable ingredients. Our mission is to rethink cooking by offering simple solutions that add depth and richness to your dishes\u2014without compromising on quality or sustainability. Our Philosophy: flavour and Sustainability in Harmony We believe great food starts with great ingredients. That\u2019s why we develop natural, fermented flavour enhancers that bring out umami and simplify your cooking. With Uhhmami, you can easily add restaurant-quality taste to soups, sauces, and vegetable dishes in seconds. Why Choose Uhhmami? \u2705 Pure flavour: Made from carefully selected, natural ingredients with no additives. \u2705 Easy to use: A small amount instantly elevates your dish. \u2705 A sustainable choice: Less food waste and a lower carbon footprint than traditional bouillons. \u2705 High quality: Developed by Michelin-star chef Frank Lantz for the best taste experience. Take a step toward a greener, more flavourful future\u2014one dish at a time. Visit Uhhmami.com to discover how easy it is to cook with depth and richness!\",\"legalName\":\"Uhhmami\",\"foundingDate\":\"2022-10-01\",\"numberOfEmployees\":{\"@type\":\"QuantitativeValue\",\"minValue\":\"1\",\"maxValue\":\"10\"}}]}<\/script>\n<!-- \/ Yoast SEO Premium plugin. -->","yoast_head_json":{"title":"Kurv - uhhmami","description":"Kurve by Uhhmami ist eine einzigartige Geschmacksreise auf pflanzlicher Basis, die Innovation, Geschmack und Nachhaltigkeit miteinander verbindet. Entdecken Sie mutige Kreationen, die","robots":{"index":"index","follow":"follow","max-snippet":"max-snippet:-1","max-image-preview":"max-image-preview:large","max-video-preview":"max-video-preview:-1"},"canonical":"https:\/\/uhhmami.com\/de\/wagen\/?wmc-currency=EUR","og_locale":"de_DE","og_type":"article","og_title":"Kurv","og_description":"Kurve by Uhhmami a unique plant-based flavor journey that blends innovation, taste, and sustainability. Explore bold creations designed","og_url":"https:\/\/uhhmami.com\/de\/wagen\/?wmc-currency=EUR","og_site_name":"uhhmami","article_publisher":"https:\/\/www.facebook.com\/profile.php?id=61555778644895","article_modified_time":"2026-01-19T14:51:57+00:00","twitter_card":"summary_large_image","twitter_misc":{"Gesch\u00e4tzte Lesezeit":"1\u00a0Minute"},"schema":{"@context":"https:\/\/schema.org","@graph":[{"@type":"WebPage","@id":"https:\/\/uhhmami.com\/cart\/","url":"https:\/\/uhhmami.com\/cart\/","name":"Kurv - uhhmami","isPartOf":{"@id":"https:\/\/uhhmami.com\/#website"},"datePublished":"2023-12-22T07:57:36+00:00","dateModified":"2026-01-19T14:51:57+00:00","description":"Kurve by Uhhmami ist eine einzigartige Geschmacksreise auf pflanzlicher Basis, die Innovation, Geschmack und Nachhaltigkeit miteinander verbindet. Entdecken Sie mutige Kreationen, die","breadcrumb":{"@id":"https:\/\/uhhmami.com\/cart\/#breadcrumb"},"inLanguage":"de","potentialAction":[{"@type":"ReadAction","target":["https:\/\/uhhmami.com\/cart\/"]}]},{"@type":"BreadcrumbList","@id":"https:\/\/uhhmami.com\/cart\/#breadcrumb","itemListElement":[{"@type":"ListItem","position":1,"name":"Home","item":"https:\/\/uhhmami.com\/"},{"@type":"ListItem","position":2,"name":"Kurv"}]},{"@type":"WebSite","@id":"https:\/\/uhhmami.com\/#website","url":"https:\/\/uhhmami.com\/","name":"uhhmami","description":"","publisher":{"@id":"https:\/\/uhhmami.com\/#organization"},"potentialAction":[{"@type":"SearchAction","target":{"@type":"EntryPoint","urlTemplate":"https:\/\/uhhmami.com\/?s={search_term_string}"},"query-input":{"@type":"PropertyValueSpecification","valueRequired":true,"valueName":"search_term_string"}}],"inLanguage":"de"},{"@type":"Organization","@id":"https:\/\/uhhmami.com\/#organization","name":"uhhmami","alternateName":"Uhh-mami","url":"https:\/\/uhhmami.com\/","logo":{"@type":"ImageObject","inLanguage":"de","@id":"https:\/\/uhhmami.com\/#\/schema\/logo\/image\/","url":"https:\/\/zwthke5j.photoncache.com\/wp-content\/uploads\/2025\/06\/Logo-sort-svg.svg","contentUrl":"https:\/\/zwthke5j.photoncache.com\/wp-content\/uploads\/2025\/06\/Logo-sort-svg.svg","caption":"uhhmami"},"image":{"@id":"https:\/\/uhhmami.com\/#\/schema\/logo\/image\/"},"sameAs":["https:\/\/www.facebook.com\/profile.php?id=61555778644895","https:\/\/www.instagram.com\/uhhmami_official\/"],"description":"\u00dcber Uhhmami - Reiner Geschmack, einfache Anwendung und Nachhaltigkeit Wir von Uhhmami machen es Ihnen leicht, k\u00f6stliche Mahlzeiten mit sauberen, nachhaltigen Zutaten zuzubereiten. Unsere Mission ist es, das Kochen neu zu denken, indem wir einfache L\u00f6sungen anbieten, die Ihren Gerichten Tiefe und Reichhaltigkeit verleihen - ohne Kompromisse bei der Qualit\u00e4t oder Nachhaltigkeit. Unsere Philosophie: Geschmack und Nachhaltigkeit in Harmonie Wir glauben, dass gutes Essen mit guten Zutaten beginnt. Deshalb entwickeln wir nat\u00fcrliche, fermentierte Geschmacksverst\u00e4rker, die das Umami hervorheben und das Kochen vereinfachen. Mit Uhhmami k\u00f6nnen Sie Suppen, So\u00dfen und Gem\u00fcsegerichten in Sekundenschnelle einen Geschmack in Restaurantqualit\u00e4t verleihen. Warum Uhhmami w\u00e4hlen? \u2705 Reiner Geschmack: Hergestellt aus sorgf\u00e4ltig ausgew\u00e4hlten, nat\u00fcrlichen Zutaten und ohne Zusatzstoffe. \u2705 Einfach zu verwenden: Eine kleine Menge wertet Ihr Gericht sofort auf. \u2705 Eine nachhaltige Wahl: Weniger Lebensmittelabf\u00e4lle und ein geringerer CO2-Fu\u00dfabdruck als bei herk\u00f6mmlichen Bouillons. \u2705 Hohe Qualit\u00e4t: Entwickelt von Michelin-Sternekoch Frank Lantz f\u00fcr das beste Geschmackserlebnis. Machen Sie einen Schritt in Richtung einer gr\u00fcneren, schmackhafteren Zukunft - ein Gericht nach dem anderen. Besuchen Sie Uhhmami.com und entdecken Sie, wie einfach es ist, mit Tiefe und Reichhaltigkeit zu kochen!","legalName":"Uhhmami","foundingDate":"2022-10-01","numberOfEmployees":{"@type":"QuantitativeValue","minValue":"1","maxValue":"10"}}]}},"jetpack_sharing_enabled":true,"_links":{"self":[{"href":"https:\/\/uhhmami.com\/de\/wp-json\/wp\/v2\/pages\/275","targetHints":{"allow":["GET"]}}],"collection":[{"href":"https:\/\/uhhmami.com\/de\/wp-json\/wp\/v2\/pages"}],"about":[{"href":"https:\/\/uhhmami.com\/de\/wp-json\/wp\/v2\/types\/page"}],"author":[{"embeddable":true,"href":"https:\/\/uhhmami.com\/de\/wp-json\/wp\/v2\/users\/1"}],"replies":[{"embeddable":true,"href":"https:\/\/uhhmami.com\/de\/wp-json\/wp\/v2\/comments?post=275"}],"version-history":[{"count":4,"href":"https:\/\/uhhmami.com\/de\/wp-json\/wp\/v2\/pages\/275\/revisions"}],"predecessor-version":[{"id":8661,"href":"https:\/\/uhhmami.com\/de\/wp-json\/wp\/v2\/pages\/275\/revisions\/8661"}],"wp:attachment":[{"href":"https:\/\/uhhmami.com\/de\/wp-json\/wp\/v2\/media?parent=275"}],"curies":[{"name":"wp","href":"https:\/\/api.w.org\/{rel}","templated":true}]}}