{"id":72,"date":"2023-12-20T10:40:57","date_gmt":"2023-12-20T09:40:57","guid":{"rendered":"https:\/\/uhhmami.test\/?page_id=72"},"modified":"2025-12-18T09:48:57","modified_gmt":"2025-12-18T08:48:57","slug":"handelsbetingelser","status":"publish","type":"page","link":"https:\/\/uhhmami.com\/da\/trading-conditions\/","title":{"rendered":"Handelsbetingelser"},"content":{"rendered":"<div class=\"wp-block-group has-global-padding is-layout-constrained wp-block-group-is-layout-constrained\">\n<h1 class=\"wp-block-heading\" id=\"h-trading-conditions\">Handelsbetingelser<\/h1>\n\n\n\n<h3 class=\"wp-block-heading\" id=\"h-terms-and-conditions-for-uhhmami\">Vilk\u00e5r og betingelser for Uhhmami<\/h3>\n\n\n\n<p class=\"has-text-align-left\">The Social Markets ApS \/ Uhhmami ApS&nbsp;<\/p>\n\n\n\n<p class=\"has-text-align-left\">Tj\u00f8rneg\u00e5rdsvej 31<br>4000 Roskilde<br>WhatsApp \/ Telefon: +45 53 76 93 73<\/p>\n\n\n\n<p class=\"has-text-align-left\">team@uhhmami.com<\/p>\n\n\n\n<p class=\"has-text-align-left\">CVR\/VAT: DK40951296<\/p>\n\n\n\n<h2 class=\"wp-block-heading\" id=\"h-payment\">Betaling<\/h2>\n\n\n\n<p>Uhhmami accepterer onlinebetalinger med f\u00f8lgende kreditkort: Visa, Mastercard, Mobilepay Online, Visa Electron, Maestro, Paypal, ApplePay &amp; Googlepay.<\/p>\n\n\n\n<p>Betaling tr\u00e6kkes f\u00f8rst fra din konto, n\u00e5r den fysiske vare afsendes, eller det virtuelle produkt oprettes, medmindre andet er aftalt eller angivet p\u00e5 din ordre.<\/p>\n\n\n\n<p>Alle priser p\u00e5 hjemmesiden er inklusive moms.<br>Hjemmesiden bruger f\u00f8lgende valutaer til prisfasts\u00e6ttelse:<br>Danmark - Kroner (DKK), USA - Dollars (USD), Euro (EUR), Norge - Kroner (NOK), Sverige - Kroner (SEK), Storbritannien - Pund (GBP)<\/p>\n\n\n\n<p>Uhhmami bruger en sikker betalingsserver, der krypterer alle oplysninger med SSL-protokol, hvilket betyder, at dine data er sikre og ikke kan l\u00e6ses af andre tredjeparter.<\/p>\n\n\n\n<h2 class=\"wp-block-heading\" id=\"h-delivery-and-shipment\">Levering og forsendelse<\/h2>\n\n\n\n<p>Leveringstiden for din ordre er 1-3 dage.<\/p>\n\n\n\n<p>Alle ordrer fra Uhhmami sendes med GLS.<\/p>\n\n\n\n<p>Fragtomkostningerne beregnes ud fra varernes v\u00e6gt.<\/p>\n\n\n\n<p>Du kan v\u00e6lge at f\u00e5 din forsendelse sendt med levering til din hjemmeadresse eller til den n\u00e6rmeste pakkeshop.<\/p>\n\n\n\n<p>Du modtager et Track and Trace-nummer ved afsendelse, s\u00e5 du altid kan spore forsendelsen.<\/p>\n\n\n\n<h2 class=\"wp-block-heading\" id=\"h-if-you-regret-your-purchase-withdrawal\">Hvis du fortryder dit k\u00f8b (fortrydelse)<\/h2>\n\n\n\n<p>Uhhmami tilbyder 14 dages fuld refusion p\u00e5 varer k\u00f8bt p\u00e5 hjemmesiden, medmindre andet er aftalt eller angivet i din ordre.<\/p>\n\n\n\n<p>Perioden p\u00e5 14 dage starter den dag, hvor ordren leveres.<\/p>\n\n\n\n<p>Eventuelle returomkostninger, som du selv afholder.<\/p>\n\n\n\n<p>Anmodningen om fortrydelse skal meddeles os senest 14 efter leveringen og v\u00e6re os i h\u00e6nde senest 14 dage efter, at vi er blevet informeret om din brug af fortrydelsesretten.<\/p>\n\n\n\n<h2 class=\"wp-block-heading\" id=\"h-condition-of-the-item-you-have-returned\">Tilstanden p\u00e5 den vare, du har returneret<\/h2>\n\n\n\n<p>Du er ansvarlig for produktets tilstand og for varens v\u00e6rdiforringelse som f\u00f8lge af anden h\u00e5ndtering, end hvad der er n\u00f8dvendigt for at fastsl\u00e5 varens art, egenskaber og funktion.<br>Det betyder, at du skal pr\u00f8ve varen p\u00e5 samme m\u00e5de, som hvis du handlede i en fysisk butik.<\/p>\n\n\n\n<p>Hvis varen er testet\/brugt ud over det, der er beskrevet ovenfor, betragtes den som brugt og af nedsat v\u00e6rdi. Det betyder, at n\u00e5r k\u00f8bet annulleres, vil du f\u00e5 en mindre del eller intet af k\u00f8bsbel\u00f8bet refunderet. Det er op til Uhhmami at vurdere varens tilstand.<\/p>\n\n\n\n<h2 class=\"wp-block-heading\" id=\"h-warranty\">Garanti<\/h2>\n\n\n\n<p>Der er 2 \u00e5rs garanti p\u00e5 produkter i henhold til den danske k\u00f8belov. Garantien g\u00e6lder for alle fejl i software, materiale og fabrikation.<\/p>\n\n\n\n<p>Reklamationer vedr\u00f8rende fejl og mangler skal rapporteres til Uhhmami i rimelig tid efter, at varerne er modtaget. Vi betragter maksimalt en m\u00e5ned som rimelig tid, medmindre andet er aftalt. Vi refunderer rimelige forsendelsesomkostninger.<\/p>\n\n\n\n<p>Reklamationen fraskriver sig retten til garanti, hvis varerne h\u00e5ndteres forkert eller us\u00e6dvanligt.<\/p>\n\n\n\n<p>Uhhmami d\u00e6kker returomkostninger i et rimeligt omfang.<\/p>\n\n\n\n<p>Ved returnering bedes du kontakte os p\u00e5:<\/p>\n\n\n\n<p><strong>Uhhmami<\/strong><br>Tj\u00f8rneg\u00e5rdsvej 31<\/p>\n\n\n\n<p>Telefon: +4553769373<\/p>\n\n\n\n<p>Garantiklager vil&nbsp;<strong>ikke<\/strong>&nbsp;accepteres, hvis de sendes pr. efterkrav.<\/p>\n\n\n\n<h2 class=\"wp-block-heading\" id=\"h-customer-amp-privacy-policy\">Kunde- og privatlivspolitik<\/h2>\n\n\n\n<p>Vi videres\u00e6lger ikke personlige oplysninger og videregiver ikke dine personlige oplysninger til andre. De er kun registreret i vores kundekartotek. Du kan til enhver tid slette dine oplysninger.<\/p>\n\n\n\n<p>For at du kan indg\u00e5 en aftale med Uhhmami, har vi brug for f\u00f8lgende oplysninger:<\/p>\n\n\n\n<p>. Navn<br>. Adresse<br>. Telefonnummer<br>. E-mail-adresse<\/p>\n\n\n\n<p>Vi foretager registreringen af dine personlige oplysninger med det form\u00e5l at levere varerne til dig.<\/p>\n\n\n\n<p>Personoplysningerne registreres hos Uhhmami og opbevares i op til fem \u00e5r, hvorefter oplysningerne slettes.<\/p>\n\n\n\n<p>N\u00e5r vi indsamler personlige oplysninger via vores hjemmeside, s\u00f8rger vi for, at det altid sker med dit udtrykkelige samtykke, s\u00e5 du er informeret om, pr\u00e6cis hvilke oplysninger der indsamles og hvorfor.<\/p>\n\n\n\n<p>Direkt\u00f8ren og medarbejderne for Uhhmami har adgang til de oplysninger, der registreres om dig.<\/p>\n\n\n\n<p>Den dataansvarlige i Uhhmami er: Frank Lantz.<\/p>\n\n\n\n<p>Vi opbevarer og overf\u00f8rer ikke kundeoplysninger krypteret.<\/p>\n\n\n\n<p><strong>Sm\u00e5kager<\/strong><\/p>\n\n\n\n<p>P\u00e5 https:\/\/www.uhhmami.com anvendes cookies med det form\u00e5l at optimere websitet og dets funktionalitet og g\u00f8re bes\u00f8get s\u00e5 nemt som muligt for dig.<\/p>\n\n\n\n<p>Du kan til enhver tid slette cookies fra din computer, se vejledningen p\u00e5&nbsp;<a href=\"https:\/\/uhhmami.com\/da\/politik-for-tilbagebetaling-og-returnering\/?wmc-currency=DKK\" target=\"_blank\" rel=\"noreferrer noopener\">Webshop-cookies og privatlivspolitik<\/a>.<\/p>\n\n\n\n<h2 class=\"wp-block-heading\" id=\"h-consumer-protection\">Forbrugerbeskyttelse<\/h2>\n\n\n\n<p>F\u00e5 mere at vide om din forbrugerbeskyttelse, n\u00e5r du betaler online med Stripes betalingsservicel\u00f8sning:<br><a href=\"https:\/\/stripe.com\/en-dk\/resources\/more\/secure-payment-systems-explained?utm_source=chatgpt.com\">Betaling<\/a><\/p>\n\n\n\n<h2 class=\"wp-block-heading\" id=\"h-complaints\">Klager<\/h2>\n\n\n\n<p>Klager over produktet kan sendes til:<\/p>\n\n\n\n<p><strong>Konkurrence- og Forbrugerstyrelsen<\/strong><br>Carl Jacobsens Vej 35<br>2500 Valby<br><a href=\"http:\/\/www.forbrug.dk\/\" rel=\"noreferrer noopener\" target=\"_blank\">www.forbrug.dk<\/a><\/p>\n\n\n\n<p>For borgere i Europa, der bor uden for Europa, skal klager indsendes via EU-kommissionens online klageplatform.<br><a href=\"http:\/\/ec.europa.eu\/consumers\/odr\/\" rel=\"noreferrer noopener\" target=\"_blank\">ec.europa.eu<\/a><\/p>\n\n\n\n<p>N\u00e5r du klager, skal du angive vores e-mailadresse,&nbsp;<a href=\"mailto:team@uhhmami.com\">team@uhhmami.com<\/a>og det websted, hvor du foretog dit k\u00f8b.<\/p>\n<\/div>","protected":false},"excerpt":{"rendered":"<p>Trading conditions Terms and Conditions for Uhhmami The Social Markets ApS \/ Uhhmami ApS&nbsp; Tj\u00f8rneg\u00e5rdsvej 314000 RoskildeWhatsApp \/ Phone:&nbsp;+45 53 76 93 73 team@uhhmami.com CVR\/VAT: DK40951296 Payment Uhhmami accepts online payments with the following credit cards Visa, Mastercard, Mobilepay Online, Visa Electron, Maestro, Paypal, ApplePay &amp; Googlepay. Payment will only be deducted from your account [&hellip;]<\/p>\n","protected":false},"author":1,"featured_media":0,"parent":0,"menu_order":0,"comment_status":"closed","ping_status":"closed","template":"","meta":{"iawp_total_views":277,"footnotes":""},"class_list":["post-72","page","type-page","status-publish","hentry"],"yoast_head":"<!-- This site is optimized with the Yoast SEO Premium plugin v27.2 (Yoast SEO v27.5) - https:\/\/yoast.com\/product\/yoast-seo-premium-wordpress\/ -->\n<title>Trading Conditions | Uhhmami - Secure Online Payments<\/title>\n<meta name=\"description\" content=\"Uhhmami accepts secure online payments via Visa, Mastercard, PayPal, ApplePay, and more. Payment is deducted once the item ships or the product is created.\" \/>\n<meta name=\"robots\" content=\"index, follow, max-snippet:-1, max-image-preview:large, max-video-preview:-1\" \/>\n<link rel=\"canonical\" href=\"https:\/\/uhhmami.com\/da\/handelsbetingelser\/?wmc-currency=DKK\" \/>\n<meta property=\"og:locale\" content=\"da_DK\" \/>\n<meta property=\"og:type\" content=\"article\" \/>\n<meta property=\"og:title\" content=\"Trading Conditions\" \/>\n<meta property=\"og:description\" content=\"Uhhmami accepts secure online payments via Visa, Mastercard, PayPal, ApplePay, and more. Payment is deducted once the item ships or the product is created.\" \/>\n<meta property=\"og:url\" content=\"https:\/\/uhhmami.com\/da\/handelsbetingelser\/?wmc-currency=DKK\" \/>\n<meta property=\"og:site_name\" content=\"uhhmami\" \/>\n<meta property=\"article:publisher\" content=\"https:\/\/www.facebook.com\/profile.php?id=61555778644895\" \/>\n<meta property=\"article:modified_time\" content=\"2025-12-18T08:48:57+00:00\" \/>\n<meta name=\"twitter:card\" content=\"summary_large_image\" \/>\n<meta name=\"twitter:label1\" content=\"Estimeret l\u00e6setid\" \/>\n\t<meta name=\"twitter:data1\" content=\"4 minutter\" \/>\n<script type=\"application\/ld+json\" class=\"yoast-schema-graph\">{\"@context\":\"https:\\\/\\\/schema.org\",\"@graph\":[{\"@type\":\"WebPage\",\"@id\":\"https:\\\/\\\/uhhmami.com\\\/trading-conditions\\\/\",\"url\":\"https:\\\/\\\/uhhmami.com\\\/trading-conditions\\\/\",\"name\":\"Trading Conditions | Uhhmami - Secure Online Payments\",\"isPartOf\":{\"@id\":\"https:\\\/\\\/uhhmami.com\\\/#website\"},\"datePublished\":\"2023-12-20T09:40:57+00:00\",\"dateModified\":\"2025-12-18T08:48:57+00:00\",\"description\":\"Uhhmami accepts secure online payments via Visa, Mastercard, PayPal, ApplePay, and more. Payment is deducted once the item ships or the product is created.\",\"breadcrumb\":{\"@id\":\"https:\\\/\\\/uhhmami.com\\\/trading-conditions\\\/#breadcrumb\"},\"inLanguage\":\"da-DK\",\"potentialAction\":[{\"@type\":\"ReadAction\",\"target\":[\"https:\\\/\\\/uhhmami.com\\\/trading-conditions\\\/\"]}]},{\"@type\":\"BreadcrumbList\",\"@id\":\"https:\\\/\\\/uhhmami.com\\\/trading-conditions\\\/#breadcrumb\",\"itemListElement\":[{\"@type\":\"ListItem\",\"position\":1,\"name\":\"Home\",\"item\":\"https:\\\/\\\/uhhmami.com\\\/\"},{\"@type\":\"ListItem\",\"position\":2,\"name\":\"Trading Conditions\"}]},{\"@type\":\"WebSite\",\"@id\":\"https:\\\/\\\/uhhmami.com\\\/#website\",\"url\":\"https:\\\/\\\/uhhmami.com\\\/\",\"name\":\"uhhmami\",\"description\":\"\",\"publisher\":{\"@id\":\"https:\\\/\\\/uhhmami.com\\\/#organization\"},\"potentialAction\":[{\"@type\":\"SearchAction\",\"target\":{\"@type\":\"EntryPoint\",\"urlTemplate\":\"https:\\\/\\\/uhhmami.com\\\/?s={search_term_string}\"},\"query-input\":{\"@type\":\"PropertyValueSpecification\",\"valueRequired\":true,\"valueName\":\"search_term_string\"}}],\"inLanguage\":\"da-DK\"},{\"@type\":\"Organization\",\"@id\":\"https:\\\/\\\/uhhmami.com\\\/#organization\",\"name\":\"uhhmami\",\"alternateName\":\"Uhh-mami\",\"url\":\"https:\\\/\\\/uhhmami.com\\\/\",\"logo\":{\"@type\":\"ImageObject\",\"inLanguage\":\"da-DK\",\"@id\":\"https:\\\/\\\/uhhmami.com\\\/#\\\/schema\\\/logo\\\/image\\\/\",\"url\":\"https:\\\/\\\/zwthke5j.photoncache.com\\\/wp-content\\\/uploads\\\/2025\\\/06\\\/Logo-sort-svg.svg\",\"contentUrl\":\"https:\\\/\\\/zwthke5j.photoncache.com\\\/wp-content\\\/uploads\\\/2025\\\/06\\\/Logo-sort-svg.svg\",\"caption\":\"uhhmami\"},\"image\":{\"@id\":\"https:\\\/\\\/uhhmami.com\\\/#\\\/schema\\\/logo\\\/image\\\/\"},\"sameAs\":[\"https:\\\/\\\/www.facebook.com\\\/profile.php?id=61555778644895\",\"https:\\\/\\\/www.instagram.com\\\/uhhmami_official\\\/\"],\"description\":\"About Uhhmami \u2013 Pure flavour, Easy to Use, and Sustainable At Uhhmami, we make it easy to create delicious meals with clean, sustainable ingredients. Our mission is to rethink cooking by offering simple solutions that add depth and richness to your dishes\u2014without compromising on quality or sustainability. Our Philosophy: flavour and Sustainability in Harmony We believe great food starts with great ingredients. That\u2019s why we develop natural, fermented flavour enhancers that bring out umami and simplify your cooking. With Uhhmami, you can easily add restaurant-quality taste to soups, sauces, and vegetable dishes in seconds. Why Choose Uhhmami? \u2705 Pure flavour: Made from carefully selected, natural ingredients with no additives. \u2705 Easy to use: A small amount instantly elevates your dish. \u2705 A sustainable choice: Less food waste and a lower carbon footprint than traditional bouillons. \u2705 High quality: Developed by Michelin-star chef Frank Lantz for the best taste experience. Take a step toward a greener, more flavourful future\u2014one dish at a time. Visit Uhhmami.com to discover how easy it is to cook with depth and richness!\",\"legalName\":\"Uhhmami\",\"foundingDate\":\"2022-10-01\",\"numberOfEmployees\":{\"@type\":\"QuantitativeValue\",\"minValue\":\"1\",\"maxValue\":\"10\"}}]}<\/script>\n<!-- \/ Yoast SEO Premium plugin. -->","yoast_head_json":{"title":"Handelsbetingelser | Uhhmami - sikre onlinebetalinger","description":"Uhhmami accepterer sikre onlinebetalinger via Visa, Mastercard, PayPal, ApplePay og meget mere. Betalingen tr\u00e6kkes, n\u00e5r varen afsendes, eller produktet oprettes.","robots":{"index":"index","follow":"follow","max-snippet":"max-snippet:-1","max-image-preview":"max-image-preview:large","max-video-preview":"max-video-preview:-1"},"canonical":"https:\/\/uhhmami.com\/da\/handelsbetingelser\/?wmc-currency=DKK","og_locale":"da_DK","og_type":"article","og_title":"Trading Conditions","og_description":"Uhhmami accepts secure online payments via Visa, Mastercard, PayPal, ApplePay, and more. Payment is deducted once the item ships or the product is created.","og_url":"https:\/\/uhhmami.com\/da\/handelsbetingelser\/?wmc-currency=DKK","og_site_name":"uhhmami","article_publisher":"https:\/\/www.facebook.com\/profile.php?id=61555778644895","article_modified_time":"2025-12-18T08:48:57+00:00","twitter_card":"summary_large_image","twitter_misc":{"Estimeret l\u00e6setid":"4 minutter"},"schema":{"@context":"https:\/\/schema.org","@graph":[{"@type":"WebPage","@id":"https:\/\/uhhmami.com\/trading-conditions\/","url":"https:\/\/uhhmami.com\/trading-conditions\/","name":"Handelsbetingelser | Uhhmami - sikre onlinebetalinger","isPartOf":{"@id":"https:\/\/uhhmami.com\/#website"},"datePublished":"2023-12-20T09:40:57+00:00","dateModified":"2025-12-18T08:48:57+00:00","description":"Uhhmami accepterer sikre onlinebetalinger via Visa, Mastercard, PayPal, ApplePay og meget mere. Betalingen tr\u00e6kkes, n\u00e5r varen afsendes, eller produktet oprettes.","breadcrumb":{"@id":"https:\/\/uhhmami.com\/trading-conditions\/#breadcrumb"},"inLanguage":"da-DK","potentialAction":[{"@type":"ReadAction","target":["https:\/\/uhhmami.com\/trading-conditions\/"]}]},{"@type":"BreadcrumbList","@id":"https:\/\/uhhmami.com\/trading-conditions\/#breadcrumb","itemListElement":[{"@type":"ListItem","position":1,"name":"Home","item":"https:\/\/uhhmami.com\/"},{"@type":"ListItem","position":2,"name":"Trading Conditions"}]},{"@type":"WebSite","@id":"https:\/\/uhhmami.com\/#website","url":"https:\/\/uhhmami.com\/","name":"uhhmami","description":"","publisher":{"@id":"https:\/\/uhhmami.com\/#organization"},"potentialAction":[{"@type":"SearchAction","target":{"@type":"EntryPoint","urlTemplate":"https:\/\/uhhmami.com\/?s={search_term_string}"},"query-input":{"@type":"PropertyValueSpecification","valueRequired":true,"valueName":"search_term_string"}}],"inLanguage":"da-DK"},{"@type":"Organization","@id":"https:\/\/uhhmami.com\/#organization","name":"uhhmami","alternateName":"Uhh-mami","url":"https:\/\/uhhmami.com\/","logo":{"@type":"ImageObject","inLanguage":"da-DK","@id":"https:\/\/uhhmami.com\/#\/schema\/logo\/image\/","url":"https:\/\/zwthke5j.photoncache.com\/wp-content\/uploads\/2025\/06\/Logo-sort-svg.svg","contentUrl":"https:\/\/zwthke5j.photoncache.com\/wp-content\/uploads\/2025\/06\/Logo-sort-svg.svg","caption":"uhhmami"},"image":{"@id":"https:\/\/uhhmami.com\/#\/schema\/logo\/image\/"},"sameAs":["https:\/\/www.facebook.com\/profile.php?id=61555778644895","https:\/\/www.instagram.com\/uhhmami_official\/"],"description":"Om Uhhmami - Ren smag, nem at bruge og b\u00e6redygtig Hos Uhhmami g\u00f8r vi det nemt at skabe l\u00e6kre m\u00e5ltider med rene, b\u00e6redygtige ingredienser. Vores mission er at gent\u00e6nke madlavning ved at tilbyde enkle l\u00f8sninger, der tilf\u00f8jer dybde og fylde til dine retter - uden at g\u00e5 p\u00e5 kompromis med kvalitet eller b\u00e6redygtighed. Vores filosofi: Smag og b\u00e6redygtighed i harmoni Vi mener, at god mad starter med gode ingredienser. Derfor udvikler vi naturlige, fermenterede smagsforst\u00e6rkere, der fremh\u00e6ver umami og forenkler din madlavning. Med Uhhmami kan du nemt tilf\u00f8je smag i restaurantkvalitet til supper, saucer og gr\u00f8ntsagsretter p\u00e5 f\u00e5 sekunder. Hvorfor v\u00e6lge Uhhmami? \u2705 Ren smag: Fremstillet af omhyggeligt udvalgte, naturlige ingredienser uden tils\u00e6tningsstoffer. \u2705 Nem at bruge: En lille m\u00e6ngde l\u00f8fter \u00f8jeblikkeligt din ret. \u2705 Et b\u00e6redygtigt valg: Mindre madspild og et lavere CO2-fodaftryk end traditionelle bouilloner. \u2705 H\u00f8j kvalitet: Udviklet af Michelin-stjernekokken Frank Lantz for at give den bedste smagsoplevelse. Tag et skridt mod en gr\u00f8nnere og mere smagfuld fremtid - en ret ad gangen. Bes\u00f8g Uhhmami.com for at opdage, hvor nemt det er at lave mad med dybde og rigdom!","legalName":"Uhhmami","foundingDate":"2022-10-01","numberOfEmployees":{"@type":"QuantitativeValue","minValue":"1","maxValue":"10"}}]}},"jetpack_sharing_enabled":true,"_links":{"self":[{"href":"https:\/\/uhhmami.com\/da\/wp-json\/wp\/v2\/pages\/72","targetHints":{"allow":["GET"]}}],"collection":[{"href":"https:\/\/uhhmami.com\/da\/wp-json\/wp\/v2\/pages"}],"about":[{"href":"https:\/\/uhhmami.com\/da\/wp-json\/wp\/v2\/types\/page"}],"author":[{"embeddable":true,"href":"https:\/\/uhhmami.com\/da\/wp-json\/wp\/v2\/users\/1"}],"replies":[{"embeddable":true,"href":"https:\/\/uhhmami.com\/da\/wp-json\/wp\/v2\/comments?post=72"}],"version-history":[{"count":10,"href":"https:\/\/uhhmami.com\/da\/wp-json\/wp\/v2\/pages\/72\/revisions"}],"predecessor-version":[{"id":10833,"href":"https:\/\/uhhmami.com\/da\/wp-json\/wp\/v2\/pages\/72\/revisions\/10833"}],"wp:attachment":[{"href":"https:\/\/uhhmami.com\/da\/wp-json\/wp\/v2\/media?parent=72"}],"curies":[{"name":"wp","href":"https:\/\/api.w.org\/{rel}","templated":true}]}}